{"id":26,"date":"2020-01-14T14:40:01","date_gmt":"2020-01-14T14:40:01","guid":{"rendered":"https:\/\/galeria-ipanema.com\/?page_id=26"},"modified":"2021-06-01T20:44:28","modified_gmt":"2021-06-01T20:44:28","slug":"contato","status":"publish","type":"page","link":"https:\/\/galeria-ipanema.com\/en\/contato\/","title":{"rendered":"Contact"},"content":{"rendered":"<div class=\"wp-block-columns is-layout-flex wp-container-core-columns-is-layout-8f761849 wp-block-columns-is-layout-flex\">\n<div class=\"wp-block-column is-layout-flow wp-block-column-is-layout-flow\">\n<p class=\"has-normal-font-size wp-block-paragraph\"><strong>E-mails<\/strong><\/p>\n\n\n\n<p class=\"wp-block-paragraph\">CONTACT: contato@galeria-ipanema.com<br><\/p>\n\n\n\n<p class=\"wp-block-paragraph\"><strong>Telephones<\/strong><\/p>\n\n\n\n<p class=\"wp-block-paragraph\">(21) 2512-8832<\/p>\n\n\n\n<p class=\"wp-block-paragraph\">(21) 99327-9321 (Whatsapp)<\/p>\n<\/div>\n\n\n\n<div class=\"wp-block-column is-layout-flow wp-block-column-is-layout-flow\">\n<p class=\"wp-block-paragraph\"><strong>Location<\/strong><\/p>\n\n\n\n<p class=\"wp-block-paragraph\">Rua Anibal de Mendon\u00e7a, 27 &#8211; Ipanema<br>Rio de Janeiro, RJ &#8211; Brasil<br>CEP: 22410-050<\/p>\n\n\n\n<iframe loading=\"lazy\" src=\"https:\/\/www.google.com\/maps\/embed?pb=!1m18!1m12!1m3!1d3673.0456276000054!2d-43.21387888503295!3d-22.98534958497188!2m3!1f0!2f0!3f0!3m2!1i1024!2i768!4f13.1!3m3!1m2!1s0x9bd5072de2d0cd%3A0x47b6fa5f017d609!2sR.%20An%C3%ADbal%20de%20Mendon%C3%A7a%2C%2027%20-%20Ipanema%2C%20Rio%20de%20Janeiro%20-%20RJ%2C%2022410-050!5e0!3m2!1sen!2sbr!4v1581369959055!5m2!1sen!2sbr\" width=\"400\" height=\"300\" frameborder=\"0\" style=\"border:0;\" allowfullscreen=\"\"><\/iframe>\n<\/div>\n<\/div>\n\n\n\n<p class=\"wp-block-paragraph\"><strong>MESSAGES<\/strong><\/p>\n\n\n\n<p class=\"wp-block-paragraph\">Do you have any questions about our works or events?<\/p>\n\n\n\n<p class=\"wp-block-paragraph\">Please contact us by filling out the form below.<\/p>\n\n\n<div class=\"wp-block-jetpack-contact-form is-layout-flex wp-container-jetpack-contact-form-is-layout-7f6ac06e wp-block-jetpack-contact-form-is-layout-flex\"><a href=\"https:\/\/galeria-ipanema.com\/en\/contato\/\" target=\"_blank\" rel=\"noopener noreferrer\">Submit a form.<\/a><\/div>","protected":false},"excerpt":{"rendered":"<p>E-mails CONTATO: contato@galeria-ipanema.com Telefones (21) 2512-8832 (21) 99327-9321 (Whatsapp) Localiza\u00e7\u00e3o Rua Anibal de Mendon\u00e7a, 27 &#8211; IpanemaRio de Janeiro, RJ &#8211; BrasilCEP: 22410-050 MENSAGENS Tem alguma pergunta sobre nossas obras ou eventos? Entre em contato conosco preenchendo o formul\u00e1rio abaixo.<\/p>","protected":false},"author":178370742,"featured_media":0,"parent":0,"menu_order":0,"comment_status":"closed","ping_status":"closed","template":"","meta":{"_coblocks_attr":"","_coblocks_dimensions":"","_coblocks_responsive_height":"","_coblocks_accordion_ie_support":"","_crdt_document":"","advanced_seo_description":"","jetpack_seo_html_title":"","jetpack_seo_noindex":false,"footnotes":""},"class_list":["post-26","page","type-page","status-publish","hentry"],"jetpack_likes_enabled":false,"jetpack_sharing_enabled":false,"jetpack_shortlink":"https:\/\/wp.me\/PbBA92-q","amp_enabled":true,"_links":{"self":[{"href":"https:\/\/galeria-ipanema.com\/en\/wp-json\/wp\/v2\/pages\/26","targetHints":{"allow":["GET"]}}],"collection":[{"href":"https:\/\/galeria-ipanema.com\/en\/wp-json\/wp\/v2\/pages"}],"about":[{"href":"https:\/\/galeria-ipanema.com\/en\/wp-json\/wp\/v2\/types\/page"}],"author":[{"embeddable":true,"href":"https:\/\/galeria-ipanema.com\/en\/wp-json\/wp\/v2\/users\/178370742"}],"replies":[{"embeddable":true,"href":"https:\/\/galeria-ipanema.com\/en\/wp-json\/wp\/v2\/comments?post=26"}],"version-history":[{"count":23,"href":"https:\/\/galeria-ipanema.com\/en\/wp-json\/wp\/v2\/pages\/26\/revisions"}],"predecessor-version":[{"id":3274,"href":"https:\/\/galeria-ipanema.com\/en\/wp-json\/wp\/v2\/pages\/26\/revisions\/3274"}],"wp:attachment":[{"href":"https:\/\/galeria-ipanema.com\/en\/wp-json\/wp\/v2\/media?parent=26"}],"curies":[{"name":"wp","href":"https:\/\/api.w.org\/{rel}","templated":true}]}}