{"id":2207,"date":"2020-02-29T12:31:10","date_gmt":"2020-02-29T12:31:10","guid":{"rendered":"https:\/\/galeria-ipanema.com\/?page_id=2207"},"modified":"2020-06-17T16:50:52","modified_gmt":"2020-06-17T16:50:52","slug":"galeria-ipanema-50-anos","status":"publish","type":"page","link":"https:\/\/galeria-ipanema.com\/en\/galeria-ipanema-50-anos\/","title":{"rendered":"GALERIA IPANEMA: 50 YEARS"},"content":{"rendered":"<h2 class=\"wp-block-heading\">Galeria Ipanema: 50 years of art (Galeria Ipanema: 50 anos de arte) <\/h2>\n\n\n\n<p class=\"wp-block-paragraph\">The longest Brazilian gallery in activity celebrated its 50 years with an exhibition that gathered some names that marked its history.<\/p>\n\n\n\n<p class=\"wp-block-paragraph\">Galeria de Arte Ipanema celebrated 50 years of activity with the exhibitions \"50 Years of Art: Part I\" and \"50 Years of Art: Part II\", the first from September 2 to October 17, and the second from November 17 to December 12, 2015. The gallery's stand at ArtRio, from September 9-13, will also be part of the celebrations.<\/p>\n\n\n\n<p class=\"wp-block-paragraph\">Founded by Luiz S\u00e8ve, the longest Brazilian gallery began its successful trajectory in November 1965, in a space of the Copacabana Palace Hotel, with an exhibition with works by Tomie Ohtake and Manabu Mabe, among others. Until reaching the location of Rua An\u00edbal de Mendon\u00e7a, in Ipanema, it also passed by other addresses, such as Hotel Leme Palace, at Leme, and Rua Farme de Amoedo, already in Ipanema. Parallel to his action in Rio, the gallery kept between 1972 and 1987 a space on Oscar Freire Street, in S\u00e3o Paulo, designed by Ruy Ohtake.<\/p>\n\n\n\n<p class=\"wp-block-paragraph\">For the exhibition \"50 years of art: Part I\", Galeria Ipanema honored the artists Tomie Ohtake (1913-2015) and H\u00e9lio Oiticica (1937-1980), with a selection of ten works by each, made in the 1950s and 1960s, belonging to private collections and to the H\u00e9lio Oiticica Project. The two artists, of great importance in the history of Brazilian art, have participated in exhibitions throughout the gallery's history.<\/p>\n\n\n\n<p class=\"wp-block-paragraph\">The stand of Galeria Ipanema at ArtRio also celebrated 50 years of activity, with works by Venezuelan Carlos Cruz-Diez, one of the great names in kinetic art and represented by the gallery, and works by Jes\u00fas Rafael Soto, Victor Vasarely, S\u00e9rgio Camargo, Lygia Pape, Maria Leontina, Milton Dacosta, Portinari, Jos\u00e9 Panceti and Tomie Ohtake.<\/p>\n\n\n\n<p class=\"wp-block-paragraph\">Galeria Ipanema was one of the precursors to give visibility to modernism, and represented for many years, with a close relationship, artists such as Volpi (1896-1988) and Di Cavalcanti (1897-1976), and held the first exhibitions of Paulo Roberto Leal (1946-1991) and Raymundo Colares (1944-1986).<\/p>\n\n\n\n<p class=\"wp-block-paragraph\"><strong>MODERN AND CONTEMPORARY ART<\/strong><\/p>\n\n\n\n<p class=\"wp-block-paragraph\">Its history blends with that of modern art and its passage to contemporary art, and one of the most important kinetic artists, the Venezuelan Cruz-Diez (1923), is represented by the gallery, which maintains a precious collection, the result of its privileged knowledge of great names like H\u00e9lio Oiticica, Ivan Serpa, Lygia Clark, Sergio Camargo, Jes\u00fas Soto, Mira Schendel, Guignard, Pancetti, Portinari, Di Cavalcanti, Cicero Dias, Iber\u00ea Camargo, Tomie Ohtake, Lygia Pape, Amelia Toledo, Milton Dacosta, Maria Leontina, Dion\u00edsio del Santo, Ant\u00f4nio Bandeira, Heitor dos Prazeres, Vasarely, Rubens Gerchmann, Nelson Leirner, Waltercio Caldas, Franz Weissmann, \u00c2ngelo de Aquino, Geraldo de Barros, Heitor dos Prazeres, Joaquim Tenreiro and Frans Krajcberg. Considering the artists worked by the gallery, only Portinari (1903-1962) and Guignard (1896-1962) had died before its inauguration.<\/p>\n\n\n\n<p class=\"wp-block-paragraph\">Currently Luiz S\u00e8ve runs the gallery next to his daughter Luciana, at 173 An\u00edbal de Mendon\u00e7a Street, until he finishes building the space that has an architectural project signed by Miguel Pinto Guimar\u00e3es, scheduled for 2016, at the original address he has occupied since 1972, on the beach block of the same street.<\/p>\n\n\n\n<p class=\"wp-block-paragraph\"><strong>SOURCE OF PLEASURE<\/strong><\/p>\n\n\n\n<p class=\"wp-block-paragraph\">Born into an art-loving family, Luiz S\u00e8ve at the age of 24, studying his last year of engineering at PUC, decided in 1965 to join Paula Ribeiro's aunt Maria Luiza (Marilu) in creating an art gallery. Another uncle, Aloysio de Paula (1907-1990), a physician from Guignard, had been the director of MAM in the late 1950s. With the help of Luiz Eduardo Guinle and his mother, Mrs. Mariazinha, Galeria de Arte Ipanema settled in 1965 in one of the halls of the Copacabana Palace Hotel, then moved to the ground floor on Avenida Atl\u00e2ntica, where it remained until 1973. Still young, started working in the financial market, but it is in the gallery that he finds his \"source of pleasure\". A characteristic of his performance in the art space is \"never having discriminated or judged anyone by their appearance\". There are many stories of people who ask to enter and enjoy the collection, and are dressed simply or even sloppy, and end up \"buying a lot\". \"There is also the lucky component,\" he points out, saying that he has already had access to precious works by pure chance. Among his clients, powerful figures such as banker and art patron David Rockefeller, and Robert McNamara, Defense Secretary of the Kennedy Government, also passed through the gallery.<\/p>\n\n\n\n<div class=\"wp-block-jetpack-slideshow aligncenter\" data-effect=\"slide\"><div class=\"wp-block-jetpack-slideshow_container swiper-container\"><ul class=\"wp-block-jetpack-slideshow_swiper-wrapper swiper-wrapper\"><li class=\"wp-block-jetpack-slideshow_slide swiper-slide\"><figure><img data-recalc-dims=\"1\" loading=\"lazy\" decoding=\"async\" width=\"525\" height=\"290\" alt=\"\" class=\"wp-block-jetpack-slideshow_image wp-image-2208\" data-id=\"2208\" src=\"https:\/\/i0.wp.com\/galeria-ipanema.com\/wp-content\/uploads\/2020\/02\/Template_foto_interna_Helio_G.jpg?resize=525%2C290&#038;ssl=1\" srcset=\"https:\/\/i0.wp.com\/galeria-ipanema.com\/wp-content\/uploads\/2020\/02\/Template_foto_interna_Helio_G.jpg?w=649&amp;ssl=1 649w, https:\/\/i0.wp.com\/galeria-ipanema.com\/wp-content\/uploads\/2020\/02\/Template_foto_interna_Helio_G.jpg?resize=300%2C165&amp;ssl=1 300w\" sizes=\"(max-width: 525px) 100vw, 525px\" \/><\/figure><\/li><li class=\"wp-block-jetpack-slideshow_slide swiper-slide\"><figure><img data-recalc-dims=\"1\" loading=\"lazy\" decoding=\"async\" width=\"525\" height=\"290\" alt=\"\" class=\"wp-block-jetpack-slideshow_image wp-image-2209\" data-id=\"2209\" src=\"https:\/\/i0.wp.com\/galeria-ipanema.com\/wp-content\/uploads\/2020\/02\/Template_foto_interna_Helio_preto.jpg?resize=525%2C290&#038;ssl=1\" srcset=\"https:\/\/i0.wp.com\/galeria-ipanema.com\/wp-content\/uploads\/2020\/02\/Template_foto_interna_Helio_preto.jpg?w=649&amp;ssl=1 649w, https:\/\/i0.wp.com\/galeria-ipanema.com\/wp-content\/uploads\/2020\/02\/Template_foto_interna_Helio_preto.jpg?resize=300%2C165&amp;ssl=1 300w\" sizes=\"(max-width: 525px) 100vw, 525px\" \/><\/figure><\/li><li class=\"wp-block-jetpack-slideshow_slide swiper-slide\"><figure><img data-recalc-dims=\"1\" loading=\"lazy\" decoding=\"async\" width=\"525\" height=\"290\" alt=\"\" class=\"wp-block-jetpack-slideshow_image wp-image-2210\" data-id=\"2210\" src=\"https:\/\/i0.wp.com\/galeria-ipanema.com\/wp-content\/uploads\/2020\/02\/Template_foto_interna_Tomie_vermelha.jpg?resize=525%2C290&#038;ssl=1\" srcset=\"https:\/\/i0.wp.com\/galeria-ipanema.com\/wp-content\/uploads\/2020\/02\/Template_foto_interna_Tomie_vermelha.jpg?w=649&amp;ssl=1 649w, https:\/\/i0.wp.com\/galeria-ipanema.com\/wp-content\/uploads\/2020\/02\/Template_foto_interna_Tomie_vermelha.jpg?resize=300%2C165&amp;ssl=1 300w\" sizes=\"(max-width: 525px) 100vw, 525px\" \/><\/figure><\/li><\/ul><a class=\"wp-block-jetpack-slideshow_button-prev swiper-button-prev swiper-button-white\" role=\"button\"><\/a><a class=\"wp-block-jetpack-slideshow_button-next swiper-button-next swiper-button-white\" role=\"button\"><\/a><a aria-label=\"Pause Slideshow\" class=\"wp-block-jetpack-slideshow_button-pause\" role=\"button\"><\/a><div class=\"wp-block-jetpack-slideshow_pagination swiper-pagination swiper-pagination-white\"><\/div><\/div><\/div>","protected":false},"excerpt":{"rendered":"<p>Galeria Ipanema: 50 anos de arte A mais longeva galeria brasileira em atividade, espa\u00e7o carioca comemorou os seus 50 anos com exposi\u00e7\u00e3o que reuniu alguns nomes que marcaram sua hist\u00f3ria. A Galeria de Arte Ipanema comemorou 50 anos de atividade com as exposi\u00e7\u00f5es \u201c50 anos de arte: Parte I\u201d e \u201c50 anos de arte: Parte &hellip; <\/p>\n<p class=\"link-more\"><a href=\"https:\/\/galeria-ipanema.com\/en\/galeria-ipanema-50-anos\/\" class=\"more-link\">Continue reading<span class=\"screen-reader-text\"> &#8220;Galeria Ipanema: 50 anos&#8221;<\/span><\/a><\/p>","protected":false},"author":178370742,"featured_media":0,"parent":0,"menu_order":0,"comment_status":"closed","ping_status":"closed","template":"","meta":{"_coblocks_attr":"","_coblocks_dimensions":"","_coblocks_responsive_height":"","_coblocks_accordion_ie_support":"","_crdt_document":"","advanced_seo_description":"","jetpack_seo_html_title":"","jetpack_seo_noindex":false,"jetpack_post_was_ever_published":false,"footnotes":""},"class_list":["post-2207","page","type-page","status-publish","hentry"],"jetpack_likes_enabled":false,"jetpack_sharing_enabled":false,"jetpack_shortlink":"https:\/\/wp.me\/PbBA92-zB","amp_enabled":true,"_links":{"self":[{"href":"https:\/\/galeria-ipanema.com\/en\/wp-json\/wp\/v2\/pages\/2207","targetHints":{"allow":["GET"]}}],"collection":[{"href":"https:\/\/galeria-ipanema.com\/en\/wp-json\/wp\/v2\/pages"}],"about":[{"href":"https:\/\/galeria-ipanema.com\/en\/wp-json\/wp\/v2\/types\/page"}],"author":[{"embeddable":true,"href":"https:\/\/galeria-ipanema.com\/en\/wp-json\/wp\/v2\/users\/178370742"}],"replies":[{"embeddable":true,"href":"https:\/\/galeria-ipanema.com\/en\/wp-json\/wp\/v2\/comments?post=2207"}],"version-history":[{"count":2,"href":"https:\/\/galeria-ipanema.com\/en\/wp-json\/wp\/v2\/pages\/2207\/revisions"}],"predecessor-version":[{"id":2353,"href":"https:\/\/galeria-ipanema.com\/en\/wp-json\/wp\/v2\/pages\/2207\/revisions\/2353"}],"wp:attachment":[{"href":"https:\/\/galeria-ipanema.com\/en\/wp-json\/wp\/v2\/media?parent=2207"}],"curies":[{"name":"wp","href":"https:\/\/api.w.org\/{rel}","templated":true}]}}