{"id":2128,"date":"2020-02-28T17:54:32","date_gmt":"2020-02-28T17:54:32","guid":{"rendered":"https:\/\/galeria-ipanema.com\/?page_id=2128"},"modified":"2020-02-28T17:54:32","modified_gmt":"2020-02-28T17:54:32","slug":"wanda-pimentel","status":"publish","type":"page","link":"https:\/\/galeria-ipanema.com\/en\/wanda-pimentel\/","title":{"rendered":"Wanda Pimentel"},"content":{"rendered":"<figure class=\"wp-block-image size-large is-resized\"><img data-recalc-dims=\"1\" loading=\"lazy\" decoding=\"async\" data-attachment-id=\"2132\" data-permalink=\"https:\/\/galeria-ipanema.com\/en\/wanda-pimentel\/wanda-pimentel\/\" data-orig-file=\"https:\/\/i0.wp.com\/galeria-ipanema.com\/wp-content\/uploads\/2020\/02\/wanda-pimentel.jpg?fit=501%2C487&amp;ssl=1\" data-orig-size=\"501,487\" data-comments-opened=\"1\" data-image-meta=\"{&quot;aperture&quot;:&quot;0&quot;,&quot;credit&quot;:&quot;&quot;,&quot;camera&quot;:&quot;&quot;,&quot;caption&quot;:&quot;&quot;,&quot;created_timestamp&quot;:&quot;0&quot;,&quot;copyright&quot;:&quot;&quot;,&quot;focal_length&quot;:&quot;0&quot;,&quot;iso&quot;:&quot;0&quot;,&quot;shutter_speed&quot;:&quot;0&quot;,&quot;title&quot;:&quot;&quot;,&quot;orientation&quot;:&quot;0&quot;}\" data-image-title=\"wanda-pimentel\" data-image-description=\"\" data-image-caption=\"\" data-large-file=\"https:\/\/i0.wp.com\/galeria-ipanema.com\/wp-content\/uploads\/2020\/02\/wanda-pimentel.jpg?fit=501%2C487&amp;ssl=1\" src=\"https:\/\/i0.wp.com\/galeria-ipanema.com\/wp-content\/uploads\/2020\/02\/wanda-pimentel.jpg?resize=421%2C409&#038;ssl=1\" alt=\"\" class=\"wp-image-2132\" width=\"421\" height=\"409\" srcset=\"https:\/\/i0.wp.com\/galeria-ipanema.com\/wp-content\/uploads\/2020\/02\/wanda-pimentel.jpg?w=501&amp;ssl=1 501w, https:\/\/i0.wp.com\/galeria-ipanema.com\/wp-content\/uploads\/2020\/02\/wanda-pimentel.jpg?resize=300%2C292&amp;ssl=1 300w\" sizes=\"auto, (max-width: 421px) 100vw, 421px\" \/><\/figure>\n\n\n\n<h2 class=\"wp-block-heading\"><strong>BIOGRAFIA<\/strong><\/h2>\n\n\n\n<p class=\"wp-block-paragraph\">1943 &#8211; Rio de Janeiro RJ<br><br>1965 &#8211; Rio de Janeiro RJ &#8211; Estuda pintura com Ivan Serpa no MAM\/RJ<br><br>1969 &#8211; Paris (Fran\u00e7a) &#8211; Viaja para essa cidade<\/p>\n\n\n\n<div class=\"wp-block-jetpack-slideshow aligncenter\" data-effect=\"slide\"><div class=\"wp-block-jetpack-slideshow_container swiper-container\"><ul class=\"wp-block-jetpack-slideshow_swiper-wrapper swiper-wrapper\"><li class=\"wp-block-jetpack-slideshow_slide swiper-slide\"><figure><img data-recalc-dims=\"1\" loading=\"lazy\" decoding=\"async\" width=\"525\" height=\"248\" alt=\"\" class=\"wp-block-jetpack-slideshow_image wp-image-2129\" data-id=\"2129\" src=\"https:\/\/i0.wp.com\/galeria-ipanema.com\/wp-content\/uploads\/2020\/02\/wandapreta_maior.jpg?resize=525%2C248&#038;ssl=1\" srcset=\"https:\/\/i0.wp.com\/galeria-ipanema.com\/wp-content\/uploads\/2020\/02\/wandapreta_maior.jpg?w=745&amp;ssl=1 745w, https:\/\/i0.wp.com\/galeria-ipanema.com\/wp-content\/uploads\/2020\/02\/wandapreta_maior.jpg?resize=300%2C142&amp;ssl=1 300w\" sizes=\"(max-width: 706px) 89vw, (max-width: 767px) 82vw, 740px\" \/><\/figure><\/li><li class=\"wp-block-jetpack-slideshow_slide swiper-slide\"><figure><img data-recalc-dims=\"1\" loading=\"lazy\" decoding=\"async\" width=\"525\" height=\"248\" alt=\"\" class=\"wp-block-jetpack-slideshow_image wp-image-2130\" data-id=\"2130\" src=\"https:\/\/i0.wp.com\/galeria-ipanema.com\/wp-content\/uploads\/2020\/02\/wandavermelha_maior.jpg?resize=525%2C248&#038;ssl=1\" srcset=\"https:\/\/i0.wp.com\/galeria-ipanema.com\/wp-content\/uploads\/2020\/02\/wandavermelha_maior.jpg?w=745&amp;ssl=1 745w, https:\/\/i0.wp.com\/galeria-ipanema.com\/wp-content\/uploads\/2020\/02\/wandavermelha_maior.jpg?resize=300%2C142&amp;ssl=1 300w\" sizes=\"(max-width: 706px) 89vw, (max-width: 767px) 82vw, 740px\" \/><\/figure><\/li><\/ul><a class=\"wp-block-jetpack-slideshow_button-prev swiper-button-prev swiper-button-white\" role=\"button\"><\/a><a class=\"wp-block-jetpack-slideshow_button-next swiper-button-next swiper-button-white\" role=\"button\"><\/a><a aria-label=\"Pause Slideshow\" class=\"wp-block-jetpack-slideshow_button-pause\" role=\"button\"><\/a><div class=\"wp-block-jetpack-slideshow_pagination swiper-pagination swiper-pagination-white\"><\/div><\/div><\/div>\n\n\n\n<h2 class=\"wp-block-heading\"><strong>EXPOSI\u00c7\u00d5ES INDIVIDUAIS<\/strong><\/h2>\n\n\n\n<p class=\"wp-block-paragraph\">1969 &#8211; Rio de Janeiro RJ &#8211; Individual, na Galeria Relevo<br>1969 &#8211; Paris (Fran\u00e7a) &#8211; Individual, na Galeria Debret<br>1970 &#8211; Rio de Janeiro RJ &#8211; Individual, na Petite Galerie<br>1973 &#8211; Rio de Janeiro RJ &#8211; Individual, na Petite Galerie<br>1974 &#8211; S\u00e3o Paulo SP &#8211; Individual, na Galeria Arte Global<br>1975 &#8211; Rio de Janeiro RJ &#8211; Individual, na Bolsa de Arte do Rio de Janeiro<br>1987 &#8211; Rio de Janeiro RJ &#8211; Individual, na Galeria Saramenha<br>1994 &#8211; Rio de Janeiro RJ &#8211; Pinturas de Wanda Pimentel, no CCBB<br>1996 &#8211; S\u00e3o Paulo SP &#8211; Wanda Pimentel: pinturas, desenhos, na Galeria de Arte S\u00e3o Paulo<br>1997 &#8211; Rio de Janeiro RJ &#8211; Individual, no Pa\u00e7o Imperial<br>1997 &#8211; Rio de Janeiro RJ &#8211; Wanda Pimentel: S\u00e9rie Inv\u00f3lucros, no Pa\u00e7o Imperial<br>1998 &#8211; S\u00e3o Paulo SP &#8211; Individual, na Galeria Thomas Cohn<\/p>\n\n\n\n<h2 class=\"wp-block-heading\"><strong>EXPOSI\u00c7\u00d5ES COLETIVAS<\/strong><\/h2>\n\n\n\n<p class=\"wp-block-paragraph\">1966 &#8211; Salvador BA &#8211; 1\u00aa Bienal Nacional de Artes Pl\u00e1sticas<br>1967 &#8211; Rio de Janeiro RJ &#8211; 17\u00ba Sal\u00e3o Nacional de Arte Moderna, no MAM\/RJ<br>1968 &#8211; Rio de Janeiro RJ &#8211; 2\u00ba Sal\u00e3o Esso de Artistas Jovens no MAM\/RJ<br>1968 &#8211; Salvador BA &#8211; 2\u00aa Bienal Nacional de Artes Pl\u00e1sticas<br>1969 &#8211; Belo Horizonte MG &#8211; 1\u00ba Sal\u00e3o Nacional de Arte Contempor\u00e2nea, no MAP<br>1969 &#8211; Paris (Fran\u00e7a) &#8211; Coletiva, no Mus\u00e9e d&#8217;Art Moderne de la Ville de Paris<br>1969 &#8211; Rio de Janeiro RJ &#8211; 18\u00ba Sal\u00e3o Nacional de Arte Moderna<br>1969 &#8211; Rio de Janeiro RJ &#8211; 1\u00ba Sal\u00e3o de Ver\u00e3o, no MAM\/RJ&nbsp; &#8211; grande pr\u00eamio de viagem ao exterior<br>1969 &#8211; Rio de Janeiro RJ &#8211; Sal\u00e3o da B\u00fassola, no MAM\/RJ &#8211; pr\u00eamio aqui<\/p>\n\n\n\n<ul class=\"wp-block-list\"><li>1970 &#8211; 1970 &#8211; Belo Horizonte MG &#8211; Sal\u00e3o de Belo Horizonte &#8211; pr\u00eamio aquisi\u00e7\u00e3o<\/li><li>1970 &#8211; Genebra (Su\u00ed\u00e7a) &#8211; Art Br\u00e9silienne Contemporain, no Mus\u00e9e d&#8217;Art e d&#8217;Histoire<\/li><li>1970 &#8211; Porto Rico &#8211; Mostra Internacional de Desenho de Porto Rico<\/li><li>1970 &#8211; Rio de Janeiro RJ &#8211; 19\u00ba Sal\u00e3o Nacional de Arte Moderna<\/li><li>1970 &#8211; Rio de Janeiro RJ &#8211; 8\u00ba Resumo de Arte do JB, no MAM\/RJ<\/li><li>1970 &#8211; S\u00e3o Paulo SP &#8211; 2\u00ba Panorama de Arte Atual Brasileira, MAM\/SP<\/li><li>1970 &#8211; S\u00e3o Paulo SP &#8211; Pr\u00e9-Bienal Internacional de S\u00e3o Paulo, na Funda\u00e7\u00e3o Bienal<\/li><li>1971 &#8211; Paris (Fran\u00e7a) &#8211; Bienal de Paris<\/li><li>1971 &#8211; Rio de Janeiro RJ &#8211; 20\u00ba Sal\u00e3o Nacional de Arte Moderna<\/li><li>1971 &#8211; S\u00e3o Paulo SP &#8211; 11\u00aa Bienal Internacional de S\u00e3o Paulo, na Funda\u00e7\u00e3o Bienal<\/li><li>1972 &#8211; Medellin (Col\u00f4mbia) &#8211; Bienal de Arte Coltej\u00e9r, no Centro Coltej\u00e9r<\/li><li>1972 &#8211; S\u00e3o Paulo SP &#8211; Arte\/Brasil\/Hoje: 50 anos depois, na Galeria da Collectio<\/li><li>1972 &#8211; S\u00e3o Paulo SP &#8211; Panorama de Arte Atual Brasileira, no MAM\/SP<\/li><li>1973 &#8211; S\u00e3o Paulo SP &#8211; 5\u00ba Panorama de Arte Atual Brasileira, no MAM\/SP &#8211; Pr\u00eamio Caixa Econ\u00f4mica Federal<\/li><li>1974 &#8211; Bogot\u00e1 (Col\u00f4mbia) &#8211; 28 Artistas del Brasil | Caracas (Venezuela) &#8211; 28 Artistas del Brasil | Santiago (Chile) &#8211; 28 artistas del Brasil, no Museo de Arte Moderno<\/li><li>1974 \/ 1976 &#8211; Buenos Aires &#8211; 28 Artistas del Brasil | Cali (Col\u00f4mbia) &#8211; 28 Artistas del Brasil | Lima (Peru) &#8211; 28 Artistas del Brasil | Medell\u00edn (Col\u00f4mbia) &#8211; 28 Artistas del Brasil | Quito (Equador) &#8211; 28 Artistas del Brasil<\/li><li>1975 &#8211; Rio de Janeiro RJ &#8211; A Comunica\u00e7\u00e3o Segundo os Artistas Pl\u00e1sticos<\/li><li>1976 &#8211; Berlim (Alemanha) &#8211; Arte Gr\u00e1fica Brasileira | Bolonha (It\u00e1lia) &#8211; Arte Brasileira Secolo XX: camini e tendenza | Bolonha (It\u00e1lia) &#8211; Arte Fiera 76<\/li><li>1977 &#8211; Madri (Espanha) &#8211; Arte Actual de Iberoam\u00e9rica, no Centro Cultural de La Villa de Madrid<\/li><li>1978 &#8211; S\u00e3o Paulo SP &#8211; O Objeto na Arte: Brasil anos 60, na MAB\/Faap<\/li><li>1979 &#8211; Buenos Aires (Argentina) &#8211; Trienal Latinoamericana del Grabado<\/li><li>1982 &#8211; Lisboa (Portugal) &#8211; Brasil 60 Anos de Arte Moderna: Cole\u00e7\u00e3o Gilberto Chateaubriand, no Centro de Arte Moderna Jos\u00e9 de Azeredo Perdig\u00e3o | Londres (Inglaterra) &#8211; Brasil 60 Anos de Arte Moderna: Cole\u00e7\u00e3o Gilberto Chateaubriand, no Barbican Art Gallery | Rio de Janeiro RJ &#8211; Que Casa \u00e9 essa da Arte Brasileira<\/li><li>1984 &#8211; Londres (Inglaterra) &#8211; Portrait of Country: Brazilian modern art from the Gilberto Chateubriand Collection, no Barbican Art Gallery | Rio de Janeiro RJ &#8211; Pintura Brasileira Atuante, no Espa\u00e7o Petrobr\u00e1s | S\u00e3o Paulo SP &#8211; Cole\u00e7\u00e3o Gilberto Chateaubriand: retrato e auto-retrato da arte brasileira, no MAM\/SP<\/li><li>1985 &#8211; Rio de Janeiro RJ &#8211; Velha Mania: desenho brasileiro, na EAV\/Parque Lage<\/li><li>1986 &#8211; Rio de Janeiro RJ &#8211; Depoimento de uma Gera\u00e7\u00e3o 1969-70, na Galeria Banerj | Bras\u00edlia DF &#8211; Depoimento de uma Gera\u00e7\u00e3o 1969-70, na Galeria do Teatro Nacional de Bras\u00edlia<\/li><li>1987 &#8211; Rio de Janeiro RJ &#8211; Ao Colecionador: homenagem a Gilberto Chateaubriand, no MAM\/RJ | Rio de Janeiro RJ &#8211; Rio de Janeiro, Fevereiro e Mar\u00e7o, na Galeria Banerj<\/li><li>1988 &#8211; Rio de Janeiro RJ &#8211; O Eterno \u00e9 Ef\u00eamero, no Petite Galerie<\/li><li>1991 &#8211; Rio de Janeiro RJ &#8211; Arte Brasileira nas D\u00e9cadas de 60, 70 e 80: Cole\u00e7\u00e3o Gilberto Chateaubriand, no MAM\/RJ<\/li><li>1992 &#8211; Rio de Janeiro RJ &#8211; 1\u00ba A Caminho de Niter\u00f3i: Cole\u00e7\u00e3o Jo\u00e3o Sattamini, no Pa\u00e7o Imperial | Rio de Janeiro RJ &#8211; Arte Contempor\u00e2nea, no MNBA | Rio de Janeiro RJ &#8211; Eco-Art, no MAM\/RJ | S\u00e3o Paulo SP &#8211; Anos 60\/70: Cole\u00e7\u00e3o de Gilberto Chateaubriand , na Galeria de Arte do Sesi | S\u00e3o Paulo SP &#8211; Do Concreto ao Neo-Concreto, no MAM\/SP<\/li><li>1993 &#8211; Rio de Janeiro RJ &#8211; A Caminho de Niter\u00f3i: Cole\u00e7\u00e3o Jo\u00e3o Sattamini, no Pa\u00e7o Imperial | Rio de Janeiro RJ &#8211; A Rarefa\u00e7\u00e3o dos Sentidos: Cole\u00e7\u00e3o Jo\u00e3o Sattamini &#8211; anos 70, no EAV\/Parque Lage | Rio de Janeiro RJ &#8211; Arte Moderna Brasileira na Cole\u00e7\u00e3o Gilberto Chateaubriand, no MAM\/RJ | Rio de Janeiro RJ &#8211; Brasil, 100 Anos de Arte Moderna: Cole\u00e7\u00e3o S\u00e9rgio Fadel, no MNBA | Rio de Janeiro RJ &#8211; O Trabalho, no Pa\u00e7o Imperial | S\u00e3o Paulo SP &#8211; Cole\u00e7\u00e3o Jo\u00e3o Sattamini, no CCSP | S\u00e3o Paulo SP &#8211; O Desenho Moderno no Brasil: Cole\u00e7\u00e3o Gilberto Chateaubriand, na Galeria de Arte do Sesi<\/li><li>1994 &#8211; Guadalajara (M\u00e9xico) &#8211; Encuentro Interamericano de Artistas Pl\u00e1sticos &#8211; Dialogo sobre Siete Puntos, no Museu de Las Artes, Universidade de Guadalajara | Rio de Janeiro RJ &#8211; O Desenho Moderno no Brasil: Cole\u00e7\u00e3o Gilberto Chateaubriand, no MAM\/RJ<\/li><li>1995 &#8211; Pequim (China) &#8211; Papel do Brasil: arte contempor\u00e2nea, no Pal\u00e1cio das Trabalhadores | Rio de Janeiro RJ &#8211; Sal\u00e3o Preto e Branco 1954\/1995, no MNBA<\/li><li>1996 &#8211; Niter\u00f3i RJ &#8211; Arte Contempor\u00e2nea na Cole\u00e7\u00e3o Jo\u00e3o Sattamini, no MAC\/Niter\u00f3i | Rio de Janeiro RJ &#8211; Bienal no Rio-Interiores &#8211; Cole\u00e7\u00e3o Gilberto Chateaubriand, no MAM\/RJ | S\u00e3o Paulo SP &#8211; Panorama Revisitado, no MAM\/SP<\/li><li>1998 &#8211; Niter\u00f3i RJ &#8211; Espelho da Bienal, no MAC\/Niter\u00f3i | Rio de Janeiro RJ &#8211; Anos 60\/70: Cole\u00e7\u00e3o Gilberto Chateaubriand, no MAM\/RJ | S\u00e3o Paulo SP &#8211; O Moderno e o Contempor\u00e2neo na Arte Brasileira: Cole\u00e7\u00e3o Gilberto Chateaubriand &#8211; MAM\/RJ, no Masp<\/li><li>1999 &#8211; Rio de Janeiro RJ &#8211; Cotidiano\/Arte. Objeto Anos 60\/90, no MAM\/RJ | Rio de Janeiro RJ &#8211; Mostra Rio Gravura: Gravura Moderna Brasileira: acervo Museu Nacional de Belas Artes, no MNBA | S\u00e3o Paulo SP &#8211; Cotidiano\/Arte. Objeto Anos 60\/90, no Ita\u00fa Cultural<\/li><li>2001 &#8211; Rio de Janeiro RJ &#8211; 9\u00ba Universidarte, naUniversidade Est\u00e1cio de S\u00e1. Galeria Maria Martins | Rio de Janeiro RJ &#8211; A Imagem do Som de Ant\u00f4nio Carlos Jobim, no Pa\u00e7o Imperial<\/li><li>2002 &#8211; Niter\u00f3i RJ &#8211; A Recente Cole\u00e7\u00e3o do MAC, no MAC\/Niter\u00f3i | Niter\u00f3i RJ &#8211; Cole\u00e7\u00e3o Sattamini: esculturas e objetos, no MAC\/Niter\u00f3i | Niter\u00f3i RJ &#8211; Di\u00e1logo, Antagonismo e Replica\u00e7\u00e3o na Cole\u00e7\u00e3o Sattamini, no MAC\/Niter\u00f3i | Rio de Janeiro RJ &#8211; Caminhos do Contempor\u00e2neo 1952-2002, no Pa\u00e7o Imperial | S\u00e3o Paulo SP &#8211; Mapa do Agora: arte brasileira recente na Cole\u00e7\u00e3o Jo\u00e3o Sattamini do MAC\/Niter\u00f3i, no Instituto Tomie Ohtake<\/li><li>2003 &#8211; Iowa City (Estados Unidos) &#8211; Layers of Brazilian Art, no Faulconer Gallery | Rio de Janeiro RJ &#8211; Projeto Brazilianart, no Almac\u00e9n Galeria de Arte<\/li><li>2004 &#8211; Rio de Janeiro RJ &#8211; 30 Artistas, no Mercedes Viegas Escrit\u00f3rio de Arte | S\u00e3o Paulo SP &#8211; O Pre\u00e7o da Sedu\u00e7\u00e3o: do espartilho ao silicone, no Ita\u00fa Cultural<\/li><li>2005 &#8211; Chroma &#8211; Museu de Arte Moderna \u2013 Rio de Janeiro\/RJ | Aspectos da Cole\u00e7\u00e3o arte contempor\u00e2nea: os primeiros anos &#8211; (Cole\u00e7\u00e3o Gilberto Chateaubriand) &#8211; MAM \u2013 Rio de Janeiro\/RJ | Anos 60\/70 &#8211; (Cole\u00e7\u00e3o M.A.M. e Gilberto Chateaubriand) &#8211; MAM \u2013 Rio de Janeiro\/RJ<\/li><li>2006 &#8211; Manobras Radicais &#8211; Centro Cultural Banco do Brasil \u2013 S\u00e3o Paulo\/SP | Um S\u00e9culo de Arte Brasileira \u2013 Cole\u00e7\u00e3o Gilberto Chateaubriand &#8211; Pinacoteca de S\u00e3o Paulo \u2013 S\u00e3o Paulo\/SP | Um S\u00e9culo de Arte Brasileira \u2013 Cole\u00e7\u00e3o Gilberto Chateaubriand &#8211; MAM \u2013 Rio de Janeiro\/ RJ | Um S\u00e9culo de Arte Brasileira \u2013 Cole\u00e7\u00e3o Gilberto Chateaubriand &#8211; Museu Oscar Niemeyer \u2013 MON \u2013 Curitiba\/Paran\u00e1 | Abrigo Po\u00e9tico \u2013 Di\u00e1logos com L\u00edgia Clark &#8211; MAC \u2013 Museu de Arte Contempor\u00e2nea de Niter\u00f3i\/RJ | Aspectos da Cole\u00e7\u00e3o \u2013 1960\/1970 &#8211; Arte Contempor\u00e2nea: Os Primeiros Anos &#8211; Cole\u00e7\u00e3o Gilberto Chateaubriand &#8211; MAM \u2013 Rio de Janeiro\/RJ | O Que \u00e9 Normal? &#8211; Espa\u00e7o Ecco &#8211; Bras\u00edlia D\/F<\/li><li>2007 &#8211; Paix\u00e3o &#8211; Museu Artur Bispo do Ros\u00e1rio- Arte Contempor\u00e2nea &#8211; Rio de Janeiro R\/J | Arte Como Quest\u00e3o\/Anos70 &#8211; Instituto Tomie Ohtake &#8211; S\u00e3o Paulo\/SP<\/li><li>2008 &#8211; &#8220;Panorama dos Panoramas &#8211; MAM \u2013 S\u00e3o Paulo\/SP | Duas Faces do Brasil &#8211; Cole\u00e7\u00e3o Gilberto Chateaubriand &#8211; MAM &#8211; do Rio de Janeiro\/RJ | Mostra MAM 60 &#8211; &#8220;Oca&#8221; &#8211; S\u00e3o Paulo &#8211; SP | Arte contempor\u00e2nea e patrim\u00f4nio &#8211; Pa\u00e7o Imperial \u2013 Rio de Janeiro\/RJ<\/li><li>2009 &#8211; Nova Figura\u00e7\u00e3o anos 1960-1970 &#8211; MAM \u2013 Rio de Janeiro\/RJ | Cole\u00e7\u00e3o Gilberto Chateaubriand \u2013 MAM &#8211; Sala Permanente &#8211; MAM \u2013 Rio de Janeiro\/RJ | Servi\u00e7o: Linhas &#8211; Wanda Pimentel &#8211; Anita Schwartz Galeria &#8211; Rio de Janeiro &#8211; RJ<\/li><\/ul>","protected":false},"excerpt":{"rendered":"<p>BIOGRAFIA 1943 &#8211; Rio de Janeiro RJ 1965 &#8211; Rio de Janeiro RJ &#8211; Estuda pintura com Ivan Serpa no MAM\/RJ 1969 &#8211; Paris (Fran\u00e7a) &#8211; Viaja para essa cidade EXPOSI\u00c7\u00d5ES INDIVIDUAIS 1969 &#8211; Rio de Janeiro RJ &#8211; Individual, na Galeria Relevo1969 &#8211; Paris (Fran\u00e7a) &#8211; Individual, na Galeria Debret1970 &#8211; Rio de Janeiro &hellip; <\/p>\n<p class=\"link-more\"><a href=\"https:\/\/galeria-ipanema.com\/en\/wanda-pimentel\/\" class=\"more-link\">Continue reading<span class=\"screen-reader-text\"> &#8220;Wanda Pimentel&#8221;<\/span><\/a><\/p>","protected":false},"author":178370742,"featured_media":0,"parent":0,"menu_order":0,"comment_status":"closed","ping_status":"closed","template":"","meta":{"_coblocks_attr":"","_coblocks_dimensions":"","_coblocks_responsive_height":"","_coblocks_accordion_ie_support":"","_crdt_document":"","advanced_seo_description":"","jetpack_seo_html_title":"","jetpack_seo_noindex":false,"jetpack_post_was_ever_published":false,"footnotes":""},"class_list":["post-2128","page","type-page","status-publish","hentry"],"jetpack_likes_enabled":false,"jetpack_sharing_enabled":false,"jetpack_shortlink":"https:\/\/wp.me\/PbBA92-yk","amp_enabled":true,"_links":{"self":[{"href":"https:\/\/galeria-ipanema.com\/en\/wp-json\/wp\/v2\/pages\/2128","targetHints":{"allow":["GET"]}}],"collection":[{"href":"https:\/\/galeria-ipanema.com\/en\/wp-json\/wp\/v2\/pages"}],"about":[{"href":"https:\/\/galeria-ipanema.com\/en\/wp-json\/wp\/v2\/types\/page"}],"author":[{"embeddable":true,"href":"https:\/\/galeria-ipanema.com\/en\/wp-json\/wp\/v2\/users\/178370742"}],"replies":[{"embeddable":true,"href":"https:\/\/galeria-ipanema.com\/en\/wp-json\/wp\/v2\/comments?post=2128"}],"version-history":[{"count":2,"href":"https:\/\/galeria-ipanema.com\/en\/wp-json\/wp\/v2\/pages\/2128\/revisions"}],"predecessor-version":[{"id":2133,"href":"https:\/\/galeria-ipanema.com\/en\/wp-json\/wp\/v2\/pages\/2128\/revisions\/2133"}],"wp:attachment":[{"href":"https:\/\/galeria-ipanema.com\/en\/wp-json\/wp\/v2\/media?parent=2128"}],"curies":[{"name":"wp","href":"https:\/\/api.w.org\/{rel}","templated":true}]}}