{"id":2099,"date":"2020-02-28T17:34:30","date_gmt":"2020-02-28T17:34:30","guid":{"rendered":"https:\/\/galeria-ipanema.com\/?page_id=2099"},"modified":"2020-02-28T17:34:30","modified_gmt":"2020-02-28T17:34:30","slug":"reynaldo-fonseca","status":"publish","type":"page","link":"https:\/\/galeria-ipanema.com\/en\/reynaldo-fonseca\/","title":{"rendered":"Reynaldo Fonseca"},"content":{"rendered":"<figure class=\"wp-block-image size-large is-resized\"><img data-recalc-dims=\"1\" loading=\"lazy\" decoding=\"async\" data-attachment-id=\"2100\" data-permalink=\"https:\/\/galeria-ipanema.com\/en\/reynaldo-fonseca\/reynaldo-fonseca\/\" data-orig-file=\"https:\/\/i0.wp.com\/galeria-ipanema.com\/wp-content\/uploads\/2020\/02\/reynaldo-fonseca.jpg?fit=300%2C300&amp;ssl=1\" data-orig-size=\"300,300\" data-comments-opened=\"1\" data-image-meta=\"{&quot;aperture&quot;:&quot;0&quot;,&quot;credit&quot;:&quot;&quot;,&quot;camera&quot;:&quot;&quot;,&quot;caption&quot;:&quot;&quot;,&quot;created_timestamp&quot;:&quot;0&quot;,&quot;copyright&quot;:&quot;&quot;,&quot;focal_length&quot;:&quot;0&quot;,&quot;iso&quot;:&quot;0&quot;,&quot;shutter_speed&quot;:&quot;0&quot;,&quot;title&quot;:&quot;&quot;,&quot;orientation&quot;:&quot;0&quot;}\" data-image-title=\"reynaldo-fonseca\" data-image-description=\"\" data-image-caption=\"\" data-large-file=\"https:\/\/i0.wp.com\/galeria-ipanema.com\/wp-content\/uploads\/2020\/02\/reynaldo-fonseca.jpg?fit=300%2C300&amp;ssl=1\" src=\"https:\/\/i0.wp.com\/galeria-ipanema.com\/wp-content\/uploads\/2020\/02\/reynaldo-fonseca.jpg?resize=344%2C344&#038;ssl=1\" alt=\"\" class=\"wp-image-2100\" width=\"344\" height=\"344\" srcset=\"https:\/\/i0.wp.com\/galeria-ipanema.com\/wp-content\/uploads\/2020\/02\/reynaldo-fonseca.jpg?w=300&amp;ssl=1 300w, https:\/\/i0.wp.com\/galeria-ipanema.com\/wp-content\/uploads\/2020\/02\/reynaldo-fonseca.jpg?resize=150%2C150&amp;ssl=1 150w, https:\/\/i0.wp.com\/galeria-ipanema.com\/wp-content\/uploads\/2020\/02\/reynaldo-fonseca.jpg?resize=200%2C200&amp;ssl=1 200w, https:\/\/i0.wp.com\/galeria-ipanema.com\/wp-content\/uploads\/2020\/02\/reynaldo-fonseca.jpg?resize=100%2C100&amp;ssl=1 100w\" sizes=\"auto, (max-width: 344px) 100vw, 344px\" \/><\/figure>\n\n\n\n<h2 class=\"wp-block-heading\"><strong>BIOGRAFIA<\/strong><\/h2>\n\n\n\n<p class=\"wp-block-paragraph\">Reynaldo de Aquino Fonseca (Recife PE 1925). Pintor, muralista, ilustrador. Freq\u00fcenta como ouvinte a Escola de Belas Artes de Pernambuco, no Recife, em 1936, onde \u00e9 aluno de Lula Cardoso Ayres (1910 &#8211; 1987), e faz curso de magist\u00e9rio em desenho. Em 1944, reside no Rio de Janeiro, e estuda com Candido Portinari (1903 &#8211; 1962) por seis meses. \u00c9 um dos fundadores da Sociedade de Arte Moderna do Recife &#8211; SAMR, associa\u00e7\u00e3o que prop\u00f5e a ruptura com o sistema acad\u00eamico de ensino. Realiza viagem de estudos \u00e0 Europa, em 1948. Estuda gravura em metal com Henrique Oswald (1918 &#8211; 1965) no Liceu de Artes e Of\u00edcios do Rio de Janeiro, entre 1949 e 1951. Al\u00e9m da gravura, utiliza a aquarela e, predominantemente, a t\u00e9cnica de \u00f3leo sobre tela, apresentando uma produ\u00e7\u00e3o figurativa. Em meados de 1952, torna-se professor catedr\u00e1tico de desenho art\u00edstico na Escola de Belas Artes da Universidade Federal do Pernambuco &#8211; UFPE. Freq\u00fcenta o Ateli\u00ea Coletivo, fundado por Abelardo da Hora (1924), e realiza cursos de desenho. Realiza mural para o Banco do Brasil, no Recife, em 1964. Volta a residir no Rio de Janeiro em 1969, e retorna ao Recife no in\u00edcio da d\u00e9cada de 1980. Ilustra, entre outros, o livro Pintura e Poesia Brasileiras, com poemas de Jo\u00e3o Cabral de Melo Neto (1920 &#8211; 1999), publicado em 1980. Entre 1993 e 1994 o Centro Cultural Banco do Brasil &#8211; CCBB promove mostra retrospectiva de sua produ\u00e7\u00e3o no Rio de Janeiro e em S\u00e3o Paulo.<\/p>\n\n\n\n<h2 class=\"wp-block-heading\"><strong>NASCIMENTO <\/strong><\/h2>\n\n\n\n<p class=\"wp-block-paragraph\">1925 &#8211; Recife PE &#8211; 31 de janeiro<\/p>\n\n\n\n<h2 class=\"wp-block-heading\"><strong>CRONOLOGIA<\/strong><\/h2>\n\n\n\n<p class=\"wp-block-paragraph\">Pintor, muralista, ilustrador.<\/p>\n\n\n\n<ul class=\"wp-block-list\"><li>ca.1936 &#8211; Ingressa como aluno livre na Escola de Belas Artes do Pernambuco, que freq\u00fcenta por muitos anos; faz curso de professorado em desenho<\/li><li>1944 &#8211; Muda-se para o Rio de Janeiro e estuda com Candido Portinari (1903 &#8211; 1962) por seis meses, voltando a residir no Recife<\/li><li>1948 &#8211; \u00c9 um dos fundadores da Sociedade de Arte Moderna do Recife, que propunha a ruptura com o sistema acad\u00eamico de ensino<\/li><li>ca.1949\/ca.1951 &#8211; Muda-se novamente para o Rio de Janeiro e ingressa no Liceu de Artes e Of\u00edcios do Rio de Janeiro, onde estuda gravura em metal com Henrique Oswald (1918 &#8211; 1965)<\/li><li>ca.1950\/ca.1960 &#8211; Entra em contato com a obra dos primitivos flamengos, italianos e americanos dos s\u00e9culos XVIII e XIX, de Balthus e dos surrealistas em geral<\/li><li>1952 &#8211; Volta a morar no Recife. Freq\u00fcenta o Ateli\u00ea Coletivo fundado por Abelardo da Hora (1924)<\/li><li>ca.1952 &#8211; Professor catedr\u00e1tico de desenho art\u00edstico na Escola de Belas Artes da Universidade Federal de Pernambuco &#8211; UFPE<\/li><li>1969 &#8211; Mora no Rio de Janeiro<\/li><li>ca.1974 &#8211; Executa um mural para o Banco do Brasil no Recife<\/li><\/ul>\n\n\n\n<h2 class=\"wp-block-heading\"><strong>EXPOSI\u00c7\u00d5ES INDIVIDUAIS<\/strong><\/h2>\n\n\n\n<ul class=\"wp-block-list\"><li>1943 &#8211; Recife PE &#8211; Primeira individual<\/li><li>1952 &#8211; Recife PE &#8211; Individual<\/li><li>1958 &#8211; Pernambuco &#8211; Individual<\/li><li>1958 &#8211; Rio de Janeiro &#8211; Individual<\/li><li>1971 &#8211; Rio de Janeiro RJ &#8211; Individual, na Galeria Bonino<\/li><li>1972 &#8211; Rio de Janeiro RJ &#8211; Individual, na Galeria de Arte Ipanema<\/li><li>1973 &#8211; Rio de Janeiro RJ &#8211; Individual, na Galeria de Arte Ipanema<\/li><li>1974 &#8211; Rio de Janeiro RJ &#8211; Individual, na Galeria de Arte Ipanema<\/li><li>1975 &#8211; Rio de Janeiro RJ &#8211; Individual, na Galeria de Arte Ipanema<\/li><li>1979 &#8211; Rio de Janeiro RJ &#8211; Individual, na Galeria de Arte Ipanema<\/li><li>1988 &#8211; Recife PE &#8211; Individual, na Galeria Est\u00fadio A<\/li><li>1993 &#8211; Rio de Janeiro RJ &#8211; Mostra Retrospectiva, no Centro Cultural Banco do Brasil<\/li><li>1994 &#8211; S\u00e3o Paulo SP &#8211; Mostra Retrospectiva, no Centro Cultural Banco do Brasil<\/li><li>1997 &#8211; Curitiba PR &#8211; Individual, na Sim\u00f5es de Assis Galeria de Arte<\/li><li>1997 &#8211; Recife PE &#8211; Reynaldo Fonseca: riscos e rabiscos, na Galeria Massangana<\/li><li>2003 &#8211; Curitiba PR &#8211; Individual, na Sim\u00f5es de Assis Galeria de Arte<\/li><li>2004 &#8211; Curitiba PR &#8211; Individual, na Sim\u00f5es de Assis Galeria de Arte<\/li><li>2007 &#8211; S\u00e3o Paulo \u2013 SP \u2013 \u201cReynaldo Fonseca: O Imagin\u00e1rio de Reynaldo Fonseca\u201d<\/li><\/ul>\n\n\n\n<h2 class=\"wp-block-heading\"><strong>EXPOSI\u00c7\u00d5ES COLETIVAS<\/strong><\/h2>\n\n\n\n<ul class=\"wp-block-list\"><li>1943 &#8211; Rio de Janeiro RJ &#8211; 49\u00ba Sal\u00e3o Nacional de Belas Artes, no MNBA &#8211; Divis\u00e3o Moderna<\/li><li>1944 &#8211; Rio de Janeiro RJ &#8211; 50\u00ba Sal\u00e3o Nacional de Belas Artes, no MNBA &#8211; Divis\u00e3o Moderna<\/li><li>1949 &#8211; Recife PE &#8211; 8\u00ba Sal\u00e3o Anual de Pintura, no Museu do Estado de Pernambuco<\/li><li>1950 &#8211; Recife PE &#8211; 9\u00ba Sal\u00e3o Anual de Pintura, no Museu do Estado de Pernambuco<\/li><li>1951 &#8211; Rio de Janeiro RJ &#8211; 57\u00ba Sal\u00e3o Nacional de Belas Artes, no MNBA &#8211; Divis\u00e3o Moderna<\/li><li>1954 &#8211; Recife PE &#8211; 13\u00ba Sal\u00e3o Anual de Pintura, no Museu do Estado de Pernambuco<\/li><li>1955 &#8211; Rio de Janeiro RJ &#8211; 4\u00ba Sal\u00e3o Nacional de Arte Moderna<\/li><li>1956 &#8211; Recife PE &#8211; 15\u00ba Sal\u00e3o Anual de Pintura, no Museu do Estado de Pernambuco &#8211; 1\u00ba pr\u00eamio<\/li><li>1958 &#8211; Rio de Janeiro RJ &#8211; Sal\u00e3o de Arte a M\u00e3e e a Crian\u00e7a, organizado pela Escolinha de Arte do Brasil<\/li><li>1959 &#8211; S\u00e3o Paulo SP &#8211; 5\u00aa Bienal Internacional de S\u00e3o Paulo, no Pavilh\u00e3o Ciccilo Matarazzo Sobrinho<\/li><li>1967 &#8211; S\u00e3o Paulo SP &#8211; 9\u00aa Bienal Internacional de S\u00e3o Paulo, na Funda\u00e7\u00e3o Bienal<\/li><li>1970 &#8211; Rio de Janeiro RJ &#8211; 19\u00ba Sal\u00e3o Nacional de Arte Moderna, no MAM\/RJ<\/li><li>1972 &#8211; S\u00e3o Paulo SP &#8211; Arte\/Brasil\/Hoje: 50 anos depois, na Galeria da Collectio<\/li><li>1973 &#8211; S\u00e3o Paulo SP &#8211; 5\u00ba Panorama de Arte Atual Brasileira, no MAM\/SP<\/li><li>1976 &#8211; S\u00e3o Paulo SP &#8211; 8\u00ba Panorama de Arte Atual Brasileira, no MAM\/SP<\/li><li>1976 &#8211; S\u00e3o Paulo SP &#8211; O Desenho em Pernambuco, na Galeria Nara Roesler<\/li><li>1976 &#8211; S\u00e3o Paulo SP &#8211; O Desenho Jovem dos Anos 40, na Pinacoteca do Estado<\/li><li>1977 &#8211; Belo Horizonte MG &#8211; Coletiva, na Galeria Cronos<\/li><li>1977 &#8211; Curitiba PR &#8211; Coletiva, na Waldir Sim\u00f5es Galeria<\/li><li>1977 &#8211; S\u00e3o Paulo SP &#8211; 3\u00aa Exposi\u00e7\u00e3o de Belas Artes Brasil-Jap\u00e3o<\/li><li>1977 &#8211; S\u00e3o Paulo SP &#8211; 9\u00ba Panorama de Arte Atual Brasileira, no MAM\/SP<\/li><li>1982 &#8211; Rio de Janeiro RJ &#8211; Universo do Futebol, no MAM\/RJ<\/li><li>1983 &#8211; Rio de Janeiro RJ &#8211; Auto-Retratos Brasileiros, na Galeria de Arte Banerj<\/li><li>1983 &#8211; Rio de Janeiro RJ &#8211; Pequena Retrospectiva do Per\u00edodo 1970-1983, na Galeria Ipanema<\/li><li>1984 &#8211; S\u00e3o Paulo SP &#8211; Cole\u00e7\u00e3o Gilberto Chateaubriand: retrato e auto-Retrato da arte brasileira, no MAM\/ SP<\/li><li>1984 &#8211; S\u00e3o Paulo SP &#8211; Tradi\u00e7\u00e3o e Ruptura: s\u00edntese de arte e cultura brasileiras, na Funda\u00e7\u00e3o Bienal<\/li><li>1986 &#8211; Bras\u00edlia DF &#8211; Pernambucanos em Bras\u00edlia, na ECT Galeria de Arte<\/li><li>1986 &#8211; Rio de Janeiro RJ &#8211; Territ\u00f3rio Ocupado, na EAV\/Parque Lage<\/li><li>1987 &#8211; Rio de Janeiro RJ &#8211; Ao Colecionador: homenagem a Gilberto Chateaubriand, no MAM\/RJ<\/li><li>1989 &#8211; S\u00e3o Paulo SP &#8211; Cor de Pernambuco, na Ranulpho Galeria de Arte<\/li><li>1989 &#8211; S\u00e3o Paulo SP &#8211; Trinta e Tr\u00eas Maneiras de Ver o Mundo, na Ranulpho Galeria de Arte<\/li><li>1990 &#8211; S\u00e3o Paulo SP &#8211; Frutas, Flores e Cores, na Ranulpho Galeria de Arte<\/li><li>1990 &#8211; S\u00e3o Paulo SP &#8211; Gatos Pintados, na Ranulpho Galeria de Arte<\/li><li>1991 &#8211; S\u00e3o Paulo SP &#8211; A M\u00fasica na Pintura, na Ranulpho Galeria de Arte<\/li><li>1991 &#8211; S\u00e3o Paulo SP &#8211; Chico e os Bichos, na Ranulpho Galeria de Arte<\/li><li>1991 &#8211; S\u00e3o Paulo SP &#8211; Siron, Reynaldo e Scliar, na Ranulpho Galeria de Arte<\/li><li>1992 &#8211; Rio de Janeiro RJ &#8211; Eco Art, no MAM\/RJ<\/li><li>1993 &#8211; S\u00e3o Paulo SP &#8211; O Desenho Moderno no Brasil: Cole\u00e7\u00e3o Gilberto Chateubriand, na Galeria de Arte do Sesi<\/li><li>1994 &#8211; Rio de Janeiro RJ &#8211; O Desenho Moderno no Brasil: Cole\u00e7\u00e3o Gilberto Chateubriand, no MAM\/RJ<\/li><li>1997 &#8211; Curitiba PR &#8211; Casa Cor Sul, na Sim\u00f5es de Assis Galeria de Arte<\/li><li>1997 &#8211; Recife PE &#8211; Projeto Riscos e Rabiscos, na Galeria Vicente do Rego Monteiro<\/li><li>1998 &#8211; S\u00e3o Paulo SP &#8211; 5\u00ba Sal\u00e3o de Arte e Antiguidades, no Clube Paineiras do Morumby<\/li><li>1999 &#8211; Curitiba PR &#8211; Destaques da Pintura Brasileira, na Sim\u00f5es de Assis Galeria de Arte<\/li><li>2001 &#8211; Rio de Janeiro RJ &#8211; Acervo de Arte Carioca, na Galeria de Arte Ipanema<\/li><li>2001 &#8211; S\u00e3o Paulo SP &#8211; 8\u00ba Sal\u00e3o de Arte e Antiguidades, na A Hebraica<\/li><li>2003 &#8211; Rio de Janeiro RJ &#8211; Autonomia do Desenho, no MAM\/RJ<\/li><li>2003 &#8211; Rio de Janeiro RJ &#8211; Projeto Brazilianart, no Almac\u00e9n Galeria de Arte<\/li><li>2003 &#8211; Rio de Janeiro RJ &#8211; Tesouros da Caixa: arte moderna brasileira no acervo da Caixa, no Conjunto Cultural da Caixa<\/li><\/ul>","protected":false},"excerpt":{"rendered":"<p>BIOGRAFIA Reynaldo de Aquino Fonseca (Recife PE 1925). Pintor, muralista, ilustrador. Freq\u00fcenta como ouvinte a Escola de Belas Artes de Pernambuco, no Recife, em 1936, onde \u00e9 aluno de Lula Cardoso Ayres (1910 &#8211; 1987), e faz curso de magist\u00e9rio em desenho. Em 1944, reside no Rio de Janeiro, e estuda com Candido Portinari (1903 &hellip; <\/p>\n<p class=\"link-more\"><a href=\"https:\/\/galeria-ipanema.com\/en\/reynaldo-fonseca\/\" class=\"more-link\">Continue reading<span class=\"screen-reader-text\"> &#8220;Reynaldo Fonseca&#8221;<\/span><\/a><\/p>","protected":false},"author":178370742,"featured_media":0,"parent":0,"menu_order":0,"comment_status":"closed","ping_status":"closed","template":"","meta":{"_coblocks_attr":"","_coblocks_dimensions":"","_coblocks_responsive_height":"","_coblocks_accordion_ie_support":"","_crdt_document":"","advanced_seo_description":"","jetpack_seo_html_title":"","jetpack_seo_noindex":false,"footnotes":""},"class_list":["post-2099","page","type-page","status-publish","hentry"],"jetpack_likes_enabled":false,"jetpack_sharing_enabled":false,"jetpack_shortlink":"https:\/\/wp.me\/PbBA92-xR","amp_enabled":true,"_links":{"self":[{"href":"https:\/\/galeria-ipanema.com\/en\/wp-json\/wp\/v2\/pages\/2099","targetHints":{"allow":["GET"]}}],"collection":[{"href":"https:\/\/galeria-ipanema.com\/en\/wp-json\/wp\/v2\/pages"}],"about":[{"href":"https:\/\/galeria-ipanema.com\/en\/wp-json\/wp\/v2\/types\/page"}],"author":[{"embeddable":true,"href":"https:\/\/galeria-ipanema.com\/en\/wp-json\/wp\/v2\/users\/178370742"}],"replies":[{"embeddable":true,"href":"https:\/\/galeria-ipanema.com\/en\/wp-json\/wp\/v2\/comments?post=2099"}],"version-history":[{"count":1,"href":"https:\/\/galeria-ipanema.com\/en\/wp-json\/wp\/v2\/pages\/2099\/revisions"}],"predecessor-version":[{"id":2101,"href":"https:\/\/galeria-ipanema.com\/en\/wp-json\/wp\/v2\/pages\/2099\/revisions\/2101"}],"wp:attachment":[{"href":"https:\/\/galeria-ipanema.com\/en\/wp-json\/wp\/v2\/media?parent=2099"}],"curies":[{"name":"wp","href":"https:\/\/api.w.org\/{rel}","templated":true}]}}