{"id":2087,"date":"2020-02-28T17:28:57","date_gmt":"2020-02-28T17:28:57","guid":{"rendered":"https:\/\/galeria-ipanema.com\/?page_id=2087"},"modified":"2020-02-28T17:28:57","modified_gmt":"2020-02-28T17:28:57","slug":"raymundo-colares","status":"publish","type":"page","link":"https:\/\/galeria-ipanema.com\/en\/raymundo-colares\/","title":{"rendered":"Raymundo Colares"},"content":{"rendered":"<figure class=\"wp-block-image size-large is-resized\"><img data-recalc-dims=\"1\" loading=\"lazy\" decoding=\"async\" data-attachment-id=\"2091\" data-permalink=\"https:\/\/galeria-ipanema.com\/en\/raymundo-colares\/raymundo-colares-1\/\" data-orig-file=\"https:\/\/i0.wp.com\/galeria-ipanema.com\/wp-content\/uploads\/2020\/02\/raymundo-colares-1.jpg?fit=271%2C213&amp;ssl=1\" data-orig-size=\"271,213\" data-comments-opened=\"1\" data-image-meta=\"{&quot;aperture&quot;:&quot;0&quot;,&quot;credit&quot;:&quot;&quot;,&quot;camera&quot;:&quot;&quot;,&quot;caption&quot;:&quot;&quot;,&quot;created_timestamp&quot;:&quot;0&quot;,&quot;copyright&quot;:&quot;&quot;,&quot;focal_length&quot;:&quot;0&quot;,&quot;iso&quot;:&quot;0&quot;,&quot;shutter_speed&quot;:&quot;0&quot;,&quot;title&quot;:&quot;&quot;,&quot;orientation&quot;:&quot;0&quot;}\" data-image-title=\"raymundo-colares-1\" data-image-description=\"\" data-image-caption=\"\" data-medium-file=\"https:\/\/i0.wp.com\/galeria-ipanema.com\/wp-content\/uploads\/2020\/02\/raymundo-colares-1.jpg?fit=271%2C213&amp;ssl=1\" data-large-file=\"https:\/\/i0.wp.com\/galeria-ipanema.com\/wp-content\/uploads\/2020\/02\/raymundo-colares-1.jpg?fit=271%2C213&amp;ssl=1\" src=\"https:\/\/i0.wp.com\/galeria-ipanema.com\/wp-content\/uploads\/2020\/02\/raymundo-colares-1.jpg?resize=332%2C261&#038;ssl=1\" alt=\"\" class=\"wp-image-2091\" width=\"332\" height=\"261\"\/><\/figure>\n\n\n\n<h2 class=\"wp-block-heading\"><strong>BIOGRAFIA<\/strong><\/h2>\n\n\n\n<p class=\"wp-block-paragraph\">Raymundo Felic\u00edssimo Colares (Gr\u00e3o Mongol MG 1944 &#8211; Montes Claros MG 1986). Pintor, desenhista. Estuda, em 1966, na Escola de Belas Artes da Universidade Federal do Rio de Janeiro &#8211; EBA\/UFRJ, no Rio de Janeiro. Nessa \u00e9poca, torna-se amigo dos artistas Antonio Manuel (1947) e H\u00e9lio Oiticica (1937 &#8211; 1980). No ano seguinte, deixa a EBA e passa a freq\u00fcentar o ateli\u00ea livre de Ivan Serpa (1923 &#8211; 1973), no Museu de Arte Moderna do Rio de Janeiro &#8211; MAM\/RJ. No mesmo ano, a convite de Antonio Dias (1944), participa da exposi\u00e7\u00e3o Nova Objetividade Brasileira, no MAM\/RJ. A partir de 1968, passa a produzir os &#8220;gibis&#8221; &#8211; livros-objeto, nos quais explora as dobras e cores do papel, cujas folhas devem ser manuseadas pelo espectador. Apresenta, em 1969, os primeiros trabalhos tridimensionais, nos quais utiliza alum\u00ednio pintado. No mesmo ano, leciona no Ateli\u00ear Livre do MAM\/RJ. Recebe o pr\u00eamio de viagem ao exterior, do Sal\u00e3o Nacional de Arte Moderna &#8211; SNAM, em 1970. Viaja para Nova York, Trento e Mil\u00e3o, em 1972. Quando volta ao Brasil, passa a residir em Montes Claros, Minas Gerais, onde permanece at\u00e9 1981. Nesse ano, muda-se para Teres\u00f3polis, Rio de Janeiro. Em 1983, as galerias Saramenha e Paulo Klabin, no Rio de Janeiro, re\u00fanem-se para realizar uma mostra-resumo de sua produ\u00e7\u00e3o. Nessa data, volta a lecionar no atelier do MAM\/RJ.<\/p>\n\n\n\n<h2 class=\"wp-block-heading\"><strong>NASCIMENTO \/ MORTE<\/strong><\/h2>\n\n\n\n<p class=\"wp-block-paragraph\">1944 &#8211; Gr\u00e3o Mongol MG &#8211; 25 de abril<br>1986 &#8211; Montes Claros MG &#8211; 28 de mar\u00e7o<\/p>\n\n\n\n<figure class=\"wp-block-image size-large\"><img data-recalc-dims=\"1\" loading=\"lazy\" decoding=\"async\" width=\"525\" height=\"290\" data-attachment-id=\"2088\" data-permalink=\"https:\/\/galeria-ipanema.com\/en\/raymundo-colares\/rambler_foto_interna\/\" data-orig-file=\"https:\/\/i0.wp.com\/galeria-ipanema.com\/wp-content\/uploads\/2020\/02\/Rambler_foto_interna.jpg?fit=649%2C358&amp;ssl=1\" data-orig-size=\"649,358\" data-comments-opened=\"1\" data-image-meta=\"{&quot;aperture&quot;:&quot;0&quot;,&quot;credit&quot;:&quot;&quot;,&quot;camera&quot;:&quot;&quot;,&quot;caption&quot;:&quot;&quot;,&quot;created_timestamp&quot;:&quot;0&quot;,&quot;copyright&quot;:&quot;&quot;,&quot;focal_length&quot;:&quot;0&quot;,&quot;iso&quot;:&quot;0&quot;,&quot;shutter_speed&quot;:&quot;0&quot;,&quot;title&quot;:&quot;&quot;,&quot;orientation&quot;:&quot;1&quot;}\" data-image-title=\"Rambler_foto_interna\" data-image-description=\"\" data-image-caption=\"\" data-medium-file=\"https:\/\/i0.wp.com\/galeria-ipanema.com\/wp-content\/uploads\/2020\/02\/Rambler_foto_interna.jpg?fit=300%2C165&amp;ssl=1\" data-large-file=\"https:\/\/i0.wp.com\/galeria-ipanema.com\/wp-content\/uploads\/2020\/02\/Rambler_foto_interna.jpg?fit=525%2C290&amp;ssl=1\" src=\"https:\/\/i0.wp.com\/galeria-ipanema.com\/wp-content\/uploads\/2020\/02\/Rambler_foto_interna.jpg?resize=525%2C290&#038;ssl=1\" alt=\"\" class=\"wp-image-2088\" srcset=\"https:\/\/i0.wp.com\/galeria-ipanema.com\/wp-content\/uploads\/2020\/02\/Rambler_foto_interna.jpg?w=649&amp;ssl=1 649w, https:\/\/i0.wp.com\/galeria-ipanema.com\/wp-content\/uploads\/2020\/02\/Rambler_foto_interna.jpg?resize=300%2C165&amp;ssl=1 300w\" sizes=\"auto, (max-width: 525px) 100vw, 525px\" \/><figcaption>Raymundo Colares &#8211; Midnaite Rambler &#8211; Tinta Automotiva sobre madeira &#8211; 155 x 155 cm &#8211; 1983<br><\/figcaption><\/figure>\n\n\n\n<h2 class=\"wp-block-heading\"><strong>CRONOLOGIA<\/strong><\/h2>\n\n\n\n<p class=\"wp-block-paragraph\">Pintor, desenhista<\/p>\n\n\n\n<ul class=\"wp-block-list\"><li>1965 &#8211; Muda-se para o Rio de Janeiro<\/li><li>1966 &#8211; Estuda na Escola de Belas Artes da Universidade Federal do Rio de Janeiro &#8211; EBA\/UFRJ<\/li><li>1967 &#8211; Deixa a EBA e passa a freq\u00fcentar o ateli\u00ea livre de Ivan Serpa (1923 &#8211; 1973), no Museu de Arte Moderna do Rio de Janeiro &#8211; MAM\/RJ<\/li><li>1969 &#8211; Leciona no Ateli\u00ear Livre do MAM\/RJ<\/li><li>1972 &#8211; Com o pr\u00eamio de viagem ao exterior, do Sal\u00e3o Nacional de Arte Moderna &#8211; SNAM, em 1970, viaja para Nova York, Trento e Mil\u00e3o<\/li><li>ca.1972 &#8211; Volta ao Brasil, passa a residir em Montes Claros, Minas Gerais<\/li><li>1981 &#8211; Muda-se para Teres\u00f3polis, Rio de Janeiro<\/li><li>1983 &#8211; Volta a lecionar no atelier do MAM\/RJ<\/li><\/ul>\n\n\n\n<h2 class=\"wp-block-heading\"><strong>EXPOSI\u00c7\u00d5ES INDIVIDUAIS<\/strong><\/h2>\n\n\n\n<ul class=\"wp-block-list\"><li>1970 &#8211; Rio de Janeiro RJ &#8211; Individual, na Galeria de Arte do Ibeu &#8211; pr\u00eamio de viagem ao exterior<\/li><li>1979 &#8211; Washington (Estados Unidos) &#8211; Individual, na Galeria Centro Brasileiro Americano.<\/li><\/ul>\n\n\n\n<h2 class=\"wp-block-heading\"><strong>EXPOSI\u00c7\u00d5ES COLETIVAS<\/strong><\/h2>\n\n\n\n<ul class=\"wp-block-list\"><li>1967 &#8211; Campinas SP &#8211; 3\u00ba Sal\u00e3o de Arte Contempor\u00e2nea de Campinas, no MACC<\/li><li>1967 &#8211; Rio de Janeiro RJ &#8211; Nova Objetividade Brasileira, no MAM\/RJ<\/li><li>1968 &#8211; Rio de Janeiro RJ &#8211; 2\u00ba Sal\u00e3o Esso do Artista Jovem, no MAM\/RJ &#8211; 2\u00ba pr\u00eamio<\/li><li>1968 &#8211; Rio de Janeiro RJ &#8211; Sal\u00e3o Nacional de Arte Moderna, no MEC<\/li><li>1968 &#8211; S\u00e3o Paulo SP &#8211; 17\u00ba Sal\u00e3o Paulista de Arte Moderna<\/li><li>1969 &#8211; Belo Horizonte MG &#8211; 1\u00ba Sal\u00e3o Nacional de Arte Contempor\u00e2nea de Belo Horizonte, no MAP<\/li><li>1969 &#8211; Curitiba PR &#8211; 26\u00ba Sal\u00e3o Paranaense, na Federa\u00e7\u00e3o das Ind\u00fastrias do Estado do Paran\u00e1<\/li><li>1969 &#8211; Rio de Janeiro RJ &#8211; 18\u00ba Sal\u00e3o Nacional de Arte Moderna<\/li><li>1969 &#8211; Rio de Janeiro RJ &#8211; Sal\u00e3o da B\u00fassola, no MAM\/RJ<\/li><li>1969 &#8211; Rio de Janeiro RJ &#8211; Sal\u00e3o dos Transportes, no MAM\/RJ &#8211; pr\u00eamio em pintura<\/li><li>1970 &#8211; Rio de Janeiro RJ &#8211; 19\u00ba Sal\u00e3o Nacional de Arte Moderna, no MAM\/RJ &#8211; pr\u00eamio de viagem ao exterior<\/li><li>1970 &#8211; Rio de Janeiro RJ &#8211; 8\u00ba Resumo de Arte JB, no MAM\/RJ<\/li><li>1971 &#8211; Rio de Janeiro RJ &#8211; Exposi\u00e7\u00e3o de M\u00faltiplos, na Petite Galerie<\/li><li>1972 &#8211; S\u00e3o Paulo SP &#8211; 4\u00ba Panorama de Arte Atual Brasileira, no MAM\/SP<\/li><li>1972 &#8211; S\u00e3o Paulo SP &#8211; Arte\/Brasil\/Hoje: 50 anos depois, na Galeria da Collectio<\/li><li>1973 &#8211; S\u00e3o Paulo SP &#8211; Expo-Proje\u00e7\u00e3o 73, no Espa\u00e7o Grife<\/li><li>1977 &#8211; Rio de Janeiro RJ &#8211; Arte Agora I &#8211; JB, no MAM\/RJ<\/li><li>1980 &#8211; Belo Horizonte MG &#8211; 1\u00ba Sal\u00e3o de Montes Claros<\/li><li>1981 &#8211; Porto Alegre RS &#8211; Artistas Brasileiros dos Anos 60 e 70 na Cole\u00e7\u00e3o Rubem Knijnik, no Espa\u00e7o NO Galeria Chaves<\/li><li>1981 &#8211; Rio de Janeiro RJ &#8211; Do Moderno ao Contempor\u00e2neo, no MAM\/RJ<\/li><li>1982 &#8211; Lisboa (Portugal) &#8211; Brasil 60 Anos de Arte Moderna: Cole\u00e7\u00e3o Gilberto Chateaubriand, no Centro de Arte Moderna Jos\u00e9 de Azeredo Perdig\u00e3o<\/li><li>1982 &#8211; Lisboa (Portugal) &#8211; Do Moderno ao Contempor\u00e2neo, na Funda\u00e7\u00e3o Calouste Gulbelkian<\/li><li>1982 &#8211; Londres (Inglaterra) &#8211; Brasil 60 Anos de Arte Moderna: Cole\u00e7\u00e3o Gilberto Chateaubriand, na Barbican Art Gallery<\/li><li>1982 &#8211; Rio de Janeiro RJ &#8211; Contemporaneidade: homenagem a M\u00e1rio Pedrosa, no MAM\/RJ<\/li><li>1983 &#8211; Rio de Janeiro RJ &#8211; 6\u00ba Sal\u00e3o Nacional de Artes Pl\u00e1sticas, no MAM\/RJ<\/li><li>1984 &#8211; Londres (Inglaterra) &#8211; Do Moderno ao Contempor\u00e2neo, no Bebican-Center<\/li><li>1984 &#8211; S\u00e3o Paulo SP &#8211; Cole\u00e7\u00e3o Gilberto Chateaubriand: retrato e auto-retrato da arte brasileira, no MAM\/SP<\/li><\/ul>\n\n\n\n<h2 class=\"wp-block-heading\"><strong>EXPOSI\u00c7\u00d5ES P\u00d3STUMAS<\/strong><\/h2>\n\n\n\n<ul class=\"wp-block-list\"><li>1986 &#8211; Rio de Janeiro RJ &#8211; Individual, na Galeria de Arte Centro Empresarial<\/li><li>1986 &#8211; Rio de Janeiro RJ &#8211; Depoimento de uma Gera\u00e7\u00e3o: 1969-70, na Galeria de Arte Banerj<\/li><li>1987 &#8211; Rio de Janeiro RJ &#8211; Ao Colecionador: homenagem a Gilberto Chateaubriand, no MAM\/RJ<\/li><li>1988 &#8211; S\u00e3o Paulo SP &#8211; Modernidade: arte brasileira do s\u00e9culo XX , no MAM\/SP<\/li><li>1992 &#8211; Rio de Janeiro RJ &#8211; 1\u00aa A Caminho de Niter\u00f3i: Cole\u00e7\u00e3o Jo\u00e3o Sattamini, no Pa\u00e7o Imperial<\/li><li>1992 &#8211; S\u00e3o Paulo SP &#8211; Anos 60\/70: Cole\u00e7\u00e3o Gilberto Chateubriand\/Museu de Arte Moderna-RJ, na Galeria de Arte do Sesi<\/li><li>1993 &#8211; Niter\u00f3i RJ &#8211; 2\u00aa A Caminho de Niter\u00f3i: Cole\u00e7\u00e3o Jo\u00e3o Sattamini, no MAC\/Niter\u00f3i<\/li><li>1993 &#8211; Rio de Janeiro RJ &#8211; A Rarefa\u00e7\u00e3o dos Sentidos: Cole\u00e7\u00e3o Jo\u00e3o Sattamini &#8211; anos 70, na EAV\/Parque Lage<\/li><li>1994 &#8211; Rio de Janeiro RJ &#8211; Livro-Objeto: a fronteira dos vazios, no CCBB<\/li><li>1994 &#8211; S\u00e3o Paulo SP &#8211; Bienal Brasil S\u00e9culo XX, na Funda\u00e7\u00e3o Bienal<\/li><li>1995 &#8211; S\u00e3o Paulo SP &#8211; Livro-Objeto: a fronteira dos vazios, no MAM\/SP<\/li><li>1998 &#8211; S\u00e3o Paulo SP &#8211; O Moderno e o Contempor\u00e2neo na Arte Brasileira: Cole\u00e7\u00e3o Gilberto Chateaubriand &#8211; MAM\/RJ, no Masp<\/li><li>2000 &#8211; Lisboa (Portugal) &#8211; S\u00e9culo 20: arte do Brasil, no Centro de Arte Moderna Jos\u00e9 de Azeredo Perdig\u00e3o<\/li><li>2000 &#8211; Niter\u00f3i RJ &#8211; Cole\u00e7\u00e3o Sattamini: dos materiais \u00e0s diferen\u00e7as internas, no MAC\/Niter\u00f3i<\/li><li>2000 &#8211; Niter\u00f3i RJ &#8211; Pinturas na Cole\u00e7\u00e3o Jo\u00e3o Sattamini, no MAC\/Niter\u00f3i<\/li><li>2000 &#8211; Rio de Janeiro RJ &#8211; Situa\u00e7\u00f5es: arte brasileira anos 70, na Funda\u00e7\u00e3o Casa Fran\u00e7a-Brasil<\/li><li>2000 &#8211; S\u00e3o Paulo SP &#8211; Brasil + 500 Mostra do Redescobrimento, na Funda\u00e7\u00e3o Bienal<\/li><li>2000 &#8211; S\u00e3o Paulo SP &#8211; Cole\u00e7\u00e3o Pirelli no Acervo do MAM: a arte brasileira nos anos 60, no MAM\/SP<\/li><li>2001 &#8211; Niter\u00f3i RJ &#8211; Raymundo Colares na Cole\u00e7\u00e3o Sattamini, no MAC\/Niter\u00f3i<\/li><li>2002 &#8211; Rio de Janeiro RJ &#8211; Arte Brasileira na Cole\u00e7\u00e3o Fadel: da inquieta\u00e7\u00e3o do moderno \u00e0 autonomia da linguagem, no CCBB<\/li><li>2002 &#8211; Rio de Janeiro RJ &#8211; Caminhos do Contempor\u00e2neo 1952-2002, no Pa\u00e7o Imperial<\/li><li>2002 &#8211; Rio de Janeiro RJ &#8211; Entre a Palavra e a Imagem: m\u00f3dulo 1, na Sala MAM-Citt\u00e1 Am\u00e9rica<\/li><li>2002 &#8211; Rio de Janeiro RJ &#8211; Entre a Imagem e a Palavra: m\u00f3dulo 2, na Sala MAM-Citt\u00e1 Am\u00e9rica<\/li><li>2002 &#8211; Rio de Janeiro RJ &#8211; Identidades: o retrato brasileiro na Cole\u00e7\u00e3o Gilberto Chateaubriand, no MAM\/RJ<\/li><li>2002 &#8211; S\u00e3o Paulo SP &#8211; Arte Brasileira na Cole\u00e7\u00e3o Fadel: da inquieta\u00e7\u00e3o do moderno \u00e0 autonomia da linguagem, no CCBB<\/li><li>2002 &#8211; S\u00e3o Paulo SP &#8211; Mapa do Agora: arte brasileira recente na Cole\u00e7\u00e3o Jo\u00e3o Sattamini do Museu de Arte Contempor\u00e2nea de Niter\u00f3i, no Instituto Tomie Ohtake<\/li><li>2002 &#8211; S\u00e3o Paulo SP &#8211; O Plano como Estrutura da Forma, no MAM\/SP<\/li><li>2003 &#8211; Belo Horizonte MG &#8211; Geom\u00e9tricos, na L\u00e9o-Bahia Arte Contempor\u00e2nea<\/li><li>2003 &#8211; Bras\u00edlia DF &#8211; Arte Brasileira na Cole\u00e7\u00e3o Fadel: da inquieta\u00e7\u00e3o do moderno \u00e0 autonomia da linguagem, no CCBB<\/li><li>2003 &#8211; Rio de Janeiro RJ &#8211; Arte em Movimento, no Espa\u00e7o BNDES<\/li><li>2004 &#8211; Belo Horizonte MG &#8211; Pampulha, Obra Colecionada: 1943-2003, no MAP<\/li><li>2004 &#8211; Rio de Janeiro RJ &#8211; Tudo \u00e9 Brasil, no Pa\u00e7o Imperial<\/li><li>2004 &#8211; S\u00e3o Paulo SP &#8211; Tudo \u00e9 Brasil, no Ita\u00fa Cultural<\/li><li>2005 &#8211; Belo Horizonte MG &#8211; 40\/80: uma mostra de arte brasileira, na L\u00e9o Bahia Arte Contempor\u00e2nea<\/li><\/ul>","protected":false},"excerpt":{"rendered":"<p>BIOGRAFIA Raymundo Felic\u00edssimo Colares (Gr\u00e3o Mongol MG 1944 &#8211; Montes Claros MG 1986). Pintor, desenhista. Estuda, em 1966, na Escola de Belas Artes da Universidade Federal do Rio de Janeiro &#8211; EBA\/UFRJ, no Rio de Janeiro. Nessa \u00e9poca, torna-se amigo dos artistas Antonio Manuel (1947) e H\u00e9lio Oiticica (1937 &#8211; 1980). No ano seguinte, deixa &hellip; <\/p>\n<p class=\"link-more\"><a href=\"https:\/\/galeria-ipanema.com\/en\/raymundo-colares\/\" class=\"more-link\">Continue reading<span class=\"screen-reader-text\"> &#8220;Raymundo Colares&#8221;<\/span><\/a><\/p>","protected":false},"author":178370742,"featured_media":0,"parent":0,"menu_order":0,"comment_status":"closed","ping_status":"closed","template":"","meta":{"_coblocks_attr":"","_coblocks_dimensions":"","_coblocks_responsive_height":"","_coblocks_accordion_ie_support":"","_crdt_document":"","advanced_seo_description":"","jetpack_seo_html_title":"","jetpack_seo_noindex":false,"jetpack_post_was_ever_published":false,"footnotes":""},"class_list":["post-2087","page","type-page","status-publish","hentry"],"jetpack_likes_enabled":false,"jetpack_sharing_enabled":false,"jetpack_shortlink":"https:\/\/wp.me\/PbBA92-xF","amp_enabled":true,"_links":{"self":[{"href":"https:\/\/galeria-ipanema.com\/en\/wp-json\/wp\/v2\/pages\/2087","targetHints":{"allow":["GET"]}}],"collection":[{"href":"https:\/\/galeria-ipanema.com\/en\/wp-json\/wp\/v2\/pages"}],"about":[{"href":"https:\/\/galeria-ipanema.com\/en\/wp-json\/wp\/v2\/types\/page"}],"author":[{"embeddable":true,"href":"https:\/\/galeria-ipanema.com\/en\/wp-json\/wp\/v2\/users\/178370742"}],"replies":[{"embeddable":true,"href":"https:\/\/galeria-ipanema.com\/en\/wp-json\/wp\/v2\/comments?post=2087"}],"version-history":[{"count":2,"href":"https:\/\/galeria-ipanema.com\/en\/wp-json\/wp\/v2\/pages\/2087\/revisions"}],"predecessor-version":[{"id":2092,"href":"https:\/\/galeria-ipanema.com\/en\/wp-json\/wp\/v2\/pages\/2087\/revisions\/2092"}],"wp:attachment":[{"href":"https:\/\/galeria-ipanema.com\/en\/wp-json\/wp\/v2\/media?parent=2087"}],"curies":[{"name":"wp","href":"https:\/\/api.w.org\/{rel}","templated":true}]}}