{"id":2027,"date":"2020-02-28T16:40:27","date_gmt":"2020-02-28T16:40:27","guid":{"rendered":"https:\/\/galeria-ipanema.com\/?page_id=2027"},"modified":"2020-02-28T16:40:27","modified_gmt":"2020-02-28T16:40:27","slug":"leda-catunda","status":"publish","type":"page","link":"https:\/\/galeria-ipanema.com\/en\/leda-catunda\/","title":{"rendered":"Leda Catunda"},"content":{"rendered":"<figure class=\"wp-block-image size-large is-resized\"><img data-recalc-dims=\"1\" loading=\"lazy\" decoding=\"async\" data-attachment-id=\"2030\" data-permalink=\"https:\/\/galeria-ipanema.com\/en\/leda-catunda\/leda-catunda\/\" data-orig-file=\"https:\/\/i0.wp.com\/galeria-ipanema.com\/wp-content\/uploads\/2020\/02\/leda-catunda.jpg?fit=532%2C357&amp;ssl=1\" data-orig-size=\"532,357\" data-comments-opened=\"1\" data-image-meta=\"{&quot;aperture&quot;:&quot;0&quot;,&quot;credit&quot;:&quot;&quot;,&quot;camera&quot;:&quot;&quot;,&quot;caption&quot;:&quot;&quot;,&quot;created_timestamp&quot;:&quot;0&quot;,&quot;copyright&quot;:&quot;&quot;,&quot;focal_length&quot;:&quot;0&quot;,&quot;iso&quot;:&quot;0&quot;,&quot;shutter_speed&quot;:&quot;0&quot;,&quot;title&quot;:&quot;&quot;,&quot;orientation&quot;:&quot;0&quot;}\" data-image-title=\"leda-catunda\" data-image-description=\"\" data-image-caption=\"\" data-large-file=\"https:\/\/i0.wp.com\/galeria-ipanema.com\/wp-content\/uploads\/2020\/02\/leda-catunda.jpg?fit=525%2C352&amp;ssl=1\" src=\"https:\/\/i0.wp.com\/galeria-ipanema.com\/wp-content\/uploads\/2020\/02\/leda-catunda.jpg?resize=481%2C323&#038;ssl=1\" alt=\"\" class=\"wp-image-2030\" width=\"481\" height=\"323\" srcset=\"https:\/\/i0.wp.com\/galeria-ipanema.com\/wp-content\/uploads\/2020\/02\/leda-catunda.jpg?w=532&amp;ssl=1 532w, https:\/\/i0.wp.com\/galeria-ipanema.com\/wp-content\/uploads\/2020\/02\/leda-catunda.jpg?resize=300%2C201&amp;ssl=1 300w\" sizes=\"auto, (max-width: 481px) 100vw, 481px\" \/><\/figure>\n\n\n\n<h2 class=\"wp-block-heading\"><strong>BIOGRAFIA<\/strong><\/h2>\n\n\n\n<p class=\"wp-block-paragraph\">Leda Catunda Serra (S\u00e3o Paulo SP 1961). Pintora e gravadora. Cursa artes pl\u00e1sticas na Funda\u00e7\u00e3o Armando \u00c1lvares Penteado &#8211; Faap, em S\u00e3o Paulo, entre 1980 e 1984, onde \u00e9 aluna, entre outros, de Regina Silveira (1939), Julio Plaza (1938 &#8211; 2003), Nelson Leirner (1932) e Walter Zanini (1925). A partir de 1986, leciona na Faap e em seu ateli\u00ea, at\u00e9 meados dos anos 1990. Desde o fim dos anos 1980, ministra tamb\u00e9m workshops e cursos livres em v\u00e1rias institui\u00e7\u00f5es culturais no Brasil e ocasionalmente no exterior. Recebe o Pr\u00eamio Bras\u00edlia de Artes Pl\u00e1sticas\/Distrito Federal, na categoria aquisi\u00e7\u00e3o, em 1990. Em 2003, defende doutorado em artes, com o trabalho Po\u00e9tica da Maciez: Pinturas e Objetos Po\u00e9ticos, na Escola de Comunica\u00e7\u00f5es e Artes da Universidade de S\u00e3o Paulo &#8211; ECA\/USP, com orienta\u00e7\u00e3o de Julio Plaza. Tem ainda relevante atua\u00e7\u00e3o docente, lecionando pintura e desenho no curso de artes pl\u00e1sticas da Faculdade Santa Marcelina &#8211; FASM, em S\u00e3o Paulo, entre 1998 e 2005. Em 1998, \u00e9 publicado o livro Leda Catunda, de autoria de Tadeu Chiarelli, pela editora Cosac &amp; Naify.<\/p>\n\n\n\n<h2 class=\"wp-block-heading\"><strong>NASCIMENTO<\/strong><\/h2>\n\n\n\n<p class=\"wp-block-paragraph\">1961 &#8211; S\u00e3o Paulo SP &#8211; 23 de junho<\/p>\n\n\n\n<h2 class=\"wp-block-heading\"><strong>VIDA FAMILIAR<\/strong><\/h2>\n\n\n\n<p class=\"wp-block-paragraph\">Casada com o artista visual S\u00e9rgio Romagnolo<\/p>\n\n\n\n<h2 class=\"wp-block-heading\"><strong>FORMA\u00c7\u00c3O<\/strong><\/h2>\n\n\n\n<p class=\"wp-block-paragraph\">Ca.1980\/1984 &#8211; S\u00e3o Paulo SP &#8211; Cursa a Faculdade de Artes Pl\u00e1sticas da Faap.<br>2001 &#8211; S\u00e3o Paulo SP &#8211; Doutoranda em po\u00e9ticas visuais pela ECA\/USP.<\/p>\n\n\n\n<figure class=\"wp-block-image size-large\"><img data-recalc-dims=\"1\" loading=\"lazy\" decoding=\"async\" width=\"525\" height=\"248\" data-attachment-id=\"2028\" data-permalink=\"https:\/\/galeria-ipanema.com\/en\/leda-catunda\/ledacatunda-1\/\" data-orig-file=\"https:\/\/i0.wp.com\/galeria-ipanema.com\/wp-content\/uploads\/2020\/02\/ledacatunda-1.jpg?fit=745%2C352&amp;ssl=1\" data-orig-size=\"745,352\" data-comments-opened=\"1\" data-image-meta=\"{&quot;aperture&quot;:&quot;0&quot;,&quot;credit&quot;:&quot;&quot;,&quot;camera&quot;:&quot;&quot;,&quot;caption&quot;:&quot;&quot;,&quot;created_timestamp&quot;:&quot;0&quot;,&quot;copyright&quot;:&quot;&quot;,&quot;focal_length&quot;:&quot;0&quot;,&quot;iso&quot;:&quot;0&quot;,&quot;shutter_speed&quot;:&quot;0&quot;,&quot;title&quot;:&quot;&quot;,&quot;orientation&quot;:&quot;0&quot;}\" data-image-title=\"ledacatunda-1\" data-image-description=\"\" data-image-caption=\"\" data-large-file=\"https:\/\/i0.wp.com\/galeria-ipanema.com\/wp-content\/uploads\/2020\/02\/ledacatunda-1.jpg?fit=525%2C248&amp;ssl=1\" src=\"https:\/\/i0.wp.com\/galeria-ipanema.com\/wp-content\/uploads\/2020\/02\/ledacatunda-1.jpg?resize=525%2C248&#038;ssl=1\" alt=\"\" class=\"wp-image-2028\" srcset=\"https:\/\/i0.wp.com\/galeria-ipanema.com\/wp-content\/uploads\/2020\/02\/ledacatunda-1.jpg?w=745&amp;ssl=1 745w, https:\/\/i0.wp.com\/galeria-ipanema.com\/wp-content\/uploads\/2020\/02\/ledacatunda-1.jpg?resize=300%2C142&amp;ssl=1 300w\" sizes=\"auto, (max-width: 706px) 89vw, (max-width: 767px) 82vw, 740px\" \/><figcaption>Leda Catunda &#8211; Jardim das vacas &#8211; Acrilica sobre tela e couro &#8211; 146 x 158 cm &#8211; 1988<br><\/figcaption><\/figure>\n\n\n\n<h2 class=\"wp-block-heading\"><strong>CRONOLOGIA<\/strong><\/h2>\n\n\n\n<p class=\"wp-block-paragraph\">Pintora, gravadora, artista interm\u00eddia, professora.<\/p>\n\n\n\n<ul class=\"wp-block-list\"><li>1983 &#8211; S\u00e3o Paulo SP &#8211; Realiza trabalho em videotexto para a 17\u00aa Bienal Internacional de S\u00e3o Paulo<\/li><li>1986 &#8211; S\u00e3o Paulo SP &#8211; Leciona na Faap e em seu ateli\u00ea<\/li><\/ul>\n\n\n\n<h2 class=\"wp-block-heading\"><strong>EXPOSI\u00c7\u00d5ES INDIVIDUAIS<\/strong><\/h2>\n\n\n\n<ul class=\"wp-block-list\"><li>1985 &#8211; Rio de Janeiro RJ &#8211; Individual, na Thomas Cohn Arte Contempor\u00e2nea<\/li><li>1986 &#8211; Porto Alegre RS &#8211; Leda Catunda: espa\u00e7o investiga\u00e7\u00e3o, no Margs<\/li><li>1987 &#8211; S\u00e3o Paulo SP &#8211; Individual, na Galeria Luisa Strina<\/li><li>1988 &#8211; Rio de Janeiro RJ &#8211; Individual, na Thomas Cohn Arte Contempor\u00e2nea<\/li><li>1990 &#8211; Americana SP &#8211; Individual, no MAC\/Americana<\/li><li>1990 &#8211; Recife PE &#8211; Individual, no Espa\u00e7o Pas\u00e1rgada<\/li><li>1990 &#8211; S\u00e3o Paulo SP &#8211; Individual, na Galeria de Arte S\u00e3o Paulo<\/li><li>1992 &#8211; Lisboa (Portugal) &#8211; Individual, no M\u00f3dulo Centro Difusor de Arte<\/li><li>1992 &#8211; S\u00e3o Paulo SP &#8211; Individual, na Galeria de Arte S\u00e3o Paulo<\/li><li>1992 &#8211; S\u00e3o Paulo SP &#8211; Individual, no CCSP<\/li><li>1993 &#8211; Porto (Portugal) &#8211; Individual, no M\u00f3dulo Centro Difusor de Arte<\/li><li>1994 &#8211; S\u00e3o Jos\u00e9 dos Campos SP &#8211; Individual, na Funda\u00e7\u00e3o Cultural Cassiano Ricardo<\/li><li>1996 &#8211; S\u00e3o Paulo SP &#8211; Individual, na Galeria Camargo Vila\u00e7a<\/li><li>1997 &#8211; Goi\u00e2nia GO &#8211; Individual, na Galeria de Arte Marina Potrich<\/li><li>1997 &#8211; Rio de Janeiro RJ &#8211; Individual, no Pa\u00e7o Imperial<\/li><li>1998 &#8211; Curitiba PR &#8211; Individual, na Galeria Casa da Imagem<\/li><li>1998 &#8211; S\u00e3o Paulo SP &#8211; Individual, na Galeria Camargo Vila\u00e7a<\/li><li>1999 &#8211; S\u00e3o Paulo SP &#8211; Individual, no Pa\u00e7o das Artes<\/li><li>2000 &#8211; Belo Horizonte MG &#8211; Individual, na Kalil e Lauar Galeria de Arte<\/li><li>2000 &#8211; Goi\u00e2nia GO &#8211; Individual, na Galeria de Arte Marina Potrich<\/li><li>2000 &#8211; Vila Velha ES &#8211; Leda Catunda: pinturas moles, no Museu Vale do Rio Doce<\/li><li>2002 &#8211; S\u00e3o Paulo SP &#8211; Retrato, na Galeria Fortes Vila\u00e7a<\/li><li>2003 &#8211; S\u00e3o Paulo SP &#8211; Individual, no CCSP<\/li><li>2003 &#8211; S\u00e3o Paulo SP &#8211; Po\u00e9ticas da Maciez: pinturas e objetos, no Centro Universit\u00e1rio Maria Antonia<\/li><li>2004 &#8211; S\u00e3o Paulo SP &#8211; Individual, na Galeria Fortes Vila\u00e7a<\/li><li>2006 &#8211; Colagens e Pinturas, Spart Cultural &#8211; Presidente Prudente &#8211; Brasil<\/li><li>2006 &#8211; Museu de Arte de Ribeir\u00e3o Preto &#8211; S\u00e3o Paulo \u2013 Brasil<\/li><li>2006 &#8211; Galeria Fortes Vila\u00e7a &#8211; S\u00e3o Paulo \u2013 Brasil<\/li><li>2006 &#8211; Galeria Marina Potrich \u2013 Goi\u00e2nia \u2013 Brasil<\/li><li>2007 &#8211; Drag\u00e3o do Mar, Museu de Arte Contempor\u00e2nea &#8211; Cear\u00e1, &#8211; Brasil<\/li><li>2007 &#8211; Galeria Arte 21 &#8211; Rio de Janeiro \u2013 Brasil<\/li><li>2007 &#8211; Galeria Celma Albuquerque &#8211; Belo Horizonte &#8211; Brasil<\/li><li>2008 &#8211; Galeria 111 Lisbon &#8211; Portugal<\/li><li>2009 &#8211; Galeria Fortes Vila\u00e7a &#8211; S\u00e3o Paulo &#8211; Brasil<\/li><li>2009 &#8211; Pinacoteca do Estado &#8211; S\u00e3o Paulo &#8211; Brasil<\/li><\/ul>\n\n\n\n<h2 class=\"wp-block-heading\"><strong>EXPOSI\u00c7\u00d5ES COLETIVAS<\/strong><\/h2>\n\n\n\n<ul class=\"wp-block-list\"><li>1981 &#8211; Santos SP &#8211; 9\u00ba Sal\u00e3o de Arte Jovem<\/li><li>1982 &#8211; S\u00e3o Paulo SP &#8211; 1\u00ba Festival Nacional da Mulher nas Artes, no MAC\/USP<\/li><li>1983 &#8211; S\u00e3o Paulo SP &#8211; 17\u00aa Bienal Internacional de S\u00e3o Paulo, na Funda\u00e7\u00e3o Bienal<\/li><li>1983 &#8211; S\u00e3o Paulo SP &#8211; Arte na Rua 1<\/li><li>1983 &#8211; S\u00e3o Paulo SP &#8211; Pintura como Meio, no MAC\/USP<\/li><li>1984 &#8211; Fortaleza CE &#8211; 7\u00ba Sal\u00e3o Nacional de Artes Pl\u00e1sticas<\/li><li>1984 &#8211; Havana (Cuba) &#8211; 1\u00aa Bienal de Havana, no Museo Nacional de Bellas Artes<\/li><li>1984 &#8211; Madri (Espanha) &#8211; Arco\/84<\/li><li>1984 &#8211; Rio de Janeiro RJ &#8211; Como Vai Voc\u00ea, Gera\u00e7\u00e3o 80?, na EAV\/Parque Lage<\/li><li>1984 &#8211; Rio de Janeiro RJ &#8211; 7\u00ba Sal\u00e3o Nacional de Artes Pl\u00e1sticas, no MAM\/RJ<\/li><li>1984 &#8211; Rio de Janeiro RJ &#8211; Stand 320 : jovem pintura brasileira, na Thomas Cohn Arte Contempor\u00e2nea<\/li><li>1984 &#8211; S\u00e3o Paulo SP &#8211; Leda Catunda, S\u00e9rgio Romagnolo, Ciro Cozzolino e Leonilson, na Galeria Luisa Strina<\/li><li>1985 &#8211; Bras\u00edlia DF &#8211; Brasilidade e Independ\u00eancia, no Teatro Nacional Cl\u00e1udio Santoro<\/li><li>1985 &#8211; S\u00e3o Paulo SP &#8211; 18\u00aa Bienal Internacional de S\u00e3o Paulo, na Funda\u00e7\u00e3o Bienal<\/li><li>1985 &#8211; S\u00e3o Paulo SP &#8211; Tend\u00eancias do Livro de Artista no Brasil, no CCSP<\/li><li>1985 &#8211; T\u00f3quio (Jap\u00e3o) &#8211; Today&#8217;s Art of Brazil, no Hara Museum of Contemporary Art<\/li><li>1986 &#8211; Fortaleza CE &#8211; Imagine: o planeta sa\u00fada o cometa, na Arte Galeria<\/li><li>1986 &#8211; Guadalajara (M\u00e9xico) &#8211; Pinturas: escrete volador<\/li><li>1986 &#8211; Nova York (Estados Unidos) &#8211; Brazilian Painting, no Snug Harbor Cultural Center<\/li><li>1986 &#8211; Porto Alegre RS &#8211; Cole\u00e7\u00e3o Rubem Knijnik: arte brasileira anos 60\/70\/80, no Margs<\/li><li>1986 &#8211; Rio de Janeiro RJ &#8211; 1\u00aa Mostra Christian Dior de Arte Contempor\u00e2nea: pintura, no Pa\u00e7o Imperial<\/li><li>1986 &#8211; Rio de Janeiro RJ &#8211; Transvanguarda e Culturas Nacionais, no MAM\/RJ<\/li><li>1987 &#8211; Bras\u00edlia DF &#8211; Pintura Fora do Quadro: 10 artistas contempor\u00e2neos, no Espa\u00e7o Capital Arte Contempor\u00e2nea<\/li><li>1987 &#8211; Paris (Fran\u00e7a) &#8211; Modernidade: arte brasileira do s\u00e9culo XX, no Mus\u00e9e d&#8217;Art Moderne de la Ville de Paris<\/li><li>1987 &#8211; Rio de Janeiro RJ &#8211; Ao Colecionador: homenagem a Gilberto Chateaubriand, no MAM\/RJ<\/li><li>1987 &#8211; S\u00e3o Paulo SP &#8211; A Trama do Gosto: um outro olhar sobre o cotidiano, na Funda\u00e7\u00e3o Bienal<\/li><li>1987 &#8211; S\u00e3o Paulo SP &#8211; Imagens de Segunda Gera\u00e7\u00e3o, no MAC\/USP<\/li><li>1988 &#8211; Rio de Janeiro RJ &#8211; 88 x 68: um balan\u00e7o dos anos<\/li><li>1988 &#8211; S\u00e3o Paulo SP &#8211; Cole\u00e7\u00e3o Particular de Eduardo Brand\u00e3o, na Galeria Casa Tri\u00e2ngulo<\/li><li>1988 &#8211; S\u00e3o Paulo SP &#8211; MAC 25 Anos: aquisi\u00e7\u00f5es e doa\u00e7\u00f5es recentes, no MAC\/USP<\/li><li>1988 &#8211; S\u00e3o Paulo SP &#8211; Modernidade: arte brasileira do s\u00e9culo XX, no MAM\/SP<\/li><li>1989 &#8211; Amsterd\u00e3 (Holanda) &#8211; U-ABC, no Stedelijk Museum<\/li><li>1989 &#8211; Piracicaba SP &#8211; 22\u00ba Sal\u00e3o de Arte Contempor\u00e2nea de Piracicaba<\/li><li>1989 &#8211; Porto Alegre RS &#8211; Arte H\u00edbrida, no Espa\u00e7o Cultural BFB<\/li><li>1989 &#8211; Rio de Janeiro RJ &#8211; Arte H\u00edbrida, na Funarte. Centro de Artes<\/li><li>1989 &#8211; S\u00e3o Paulo SP &#8211; 20\u00ba Panorama de Arte Atual Brasileira, no MAM\/SP<\/li><li>1989 &#8211; S\u00e3o Paulo SP &#8211; Acervo Galeria S\u00e3o Paulo, na Galeria de Arte S\u00e3o Paulo<\/li><li>1989 &#8211; S\u00e3o Paulo SP &#8211; Arte H\u00edbrida, no MAM\/SP<\/li><li>1989 &#8211; S\u00e3o Paulo SP &#8211; Perspectivas Recentes, no CCSP<\/li><li>1990 &#8211; Bras\u00edlia DF &#8211; Pr\u00eamio Bras\u00edlia de Artes Pl\u00e1sticas, no MAB\/DF &#8211; pr\u00eamio aquisi\u00e7\u00e3o<\/li><li>1990 &#8211; Lisboa (Portugal) &#8211; U-ABC, no Centro de Arte Moderna Jos\u00e9 de Azeredo Perdig\u00e3o<\/li><li>1990 &#8211; Piracicaba SP &#8211; 22\u00ba Sal\u00e3o de Arte Contempor\u00e2nea de Piracicaba<\/li><li>1991 &#8211; Caracas (Venezuela) &#8211; Brasil: la nueva generaci\u00f3n, na Fundaci\u00f3n Museo de Bellas Artes<\/li><li>1991 &#8211; S\u00e3o Paulo SP &#8211; BR\/80. Pintura Brasil D\u00e9cada 80, na Itaugaleria<\/li><li>1991 &#8211; S\u00e3o Paulo SP &#8211; Programa de Exposi\u00e7\u00f5es de Artes Pl\u00e1sticas, no CCSP<\/li><li>1992 &#8211; Paris (Fran\u00e7a) &#8211; Latin American Artists of the Twentieth Century, no Centre Georges Pompidou<\/li><li>1992 &#8211; Sevilha (Espanha) &#8211; Latin American Artists of the Twentieth Century, na Estaci\u00f3n Plaza de Armas<\/li><li>1992 &#8211; Rio de Janeiro RJ &#8211; 1\u00aa A Caminho de Niter\u00f3i: Cole\u00e7\u00e3o Jo\u00e3o Sattamini, no Pa\u00e7o Imperial<\/li><li>1992 &#8211; Rio de Janeiro RJ &#8211; Brazilian Contemporary Art, na EAV\/Parque Lage<\/li><li>1992 &#8211; Rio de Janeiro RJ &#8211; Coca-Cola 50 Anos com Arte, no MAM\/RJ<\/li><li>1992 &#8211; S\u00e3o Paulo SP &#8211; Branco Dominante, na Galeria de Arte S\u00e3o Paulo<\/li><li>1992 &#8211; S\u00e3o Paulo SP &#8211; Coca-Cola 50 Anos com Arte, no MAM\/SP<\/li><li>1992 &#8211; S\u00e3o Paulo SP &#8211; Programa Anual de Exposi\u00e7\u00f5es de Artes Pl\u00e1sticas 91, na Funda\u00e7\u00e3o Bienal<\/li><li>1992 &#8211; S\u00e3o Paulo SP &#8211; Um Olhar Sobre o Figurativo, na Galeria Casa Tri\u00e2ngulo<\/li><li>1993 &#8211; Col\u00f4nia (Alemanha) &#8211; Latin American Artists of the Twentieth Century, no Kunsthalle Cologne<\/li><li>1993 &#8211; Niter\u00f3i RJ &#8211; 2\u00aa A Caminho de Niter\u00f3i: Cole\u00e7\u00e3o Jo\u00e3o Sattamini, no MAC\/Niter\u00f3i<\/li><li>1993 &#8211; Nova York (Estados Unidos) &#8211; Latin American Artists of the Twentieth Century, no MoMA<\/li><li>1993 &#8211; S\u00e3o Paulo SP &#8211; A Arte Brasileira no Mundo, uma Trajet\u00f3ria: 24 artistas brasileiros, na Dan Galeria<\/li><li>1993 &#8211; S\u00e3o Paulo SP &#8211; Masp no Morumbi Shopping, no Shopping Morumbi<\/li><li>1993 &#8211; Washington (Estados Unidos) &#8211; Ultramodern: the art of contemporary brazil, no The Nacional Museum of Woman in the Arts<\/li><li>1994 &#8211; S\u00e3o Paulo SP &#8211; 22\u00aa Bienal Internacional de S\u00e3o Paulo, na Funda\u00e7\u00e3o Bienal<\/li><li>1994 &#8211; S\u00e3o Paulo SP &#8211; Bienal Brasil S\u00e9culo XX, na Funda\u00e7\u00e3o Bienal<\/li><li>1994 &#8211; S\u00e3o Paulo SP &#8211; Paisagens<\/li><li>1995 &#8211; Denver (Estados Unidos) &#8211; Latin American Women Artists 1915 &#8211; 1995, no Denver Art Museum<\/li><li>1995 &#8211; Milwaukee (Estados Unidos) &#8211; Latin American Women Artists 1915 &#8211; 1995, no Milwaukee Art Center<\/li><li>1995 &#8211; Phoenix (Estados Unidos) &#8211; Latin American Women Artists 1915 &#8211; 1995, no Fhoenix Art Museum<\/li><li>1995 &#8211; Rio de Janeiro RJ &#8211; A Inf\u00e2ncia Perversa: f\u00e1bulas sobre a mem\u00f3ria e o tempo, no MAM\/RJ<\/li><li>1995 &#8211; Salvador BA &#8211; A Inf\u00e2ncia Perversa: f\u00e1bulas sobre a mem\u00f3ria e o tempo, no MAM\/BA<\/li><li>1995 &#8211; S\u00e3o Paulo SP &#8211; Anos 80: o palco da diversidade, na Galeria de Arte do Sesi<\/li><li>1995 &#8211; S\u00e3o Paulo SP &#8211; 1\u00aa United Artists, na Casa das Rosas<\/li><li>1996 &#8211; Leverkusen (Alemanha) &#8211; Brasilianische Kunst der Gegenwart, no Bayer AG &#8211; Foyer Hochhaus W1<\/li><li>1996 &#8211; Dormagen (Alemanha) &#8211; Brasilianische Kunst der Gegenwart, no Bayer AG &#8211; Feierabendhaus<\/li><li>1996 &#8211; Miami (Estados Unidos) &#8211; Latin American Women Artists 1915 &#8211; 1995, no Center for the Fine Arts Miami Art Museum of Date<\/li><li>1996 &#8211; Potsdam (Alemanha) &#8211; Contrapartida, na Kunstspeicher<\/li><li>1996 &#8211; S\u00e3o Paulo SP &#8211; 15 Artistas Brasileiros, no MAM\/SP<\/li><li>1996 &#8211; S\u00e3o Paulo SP &#8211; 1\u00aa Off Bienal, no MuBE<\/li><li>1996 &#8211; S\u00e3o Paulo SP &#8211; Arte Brasileira Contempor\u00e2nea, no MAM\/SP<\/li><li>1996 &#8211; S\u00e3o Paulo SP &#8211; Mulheres Artistas no Acervo do MAC, no MAC\/USP<\/li><li>1996 &#8211; Washington (Estados Unidos) &#8211; Latin American Women Artists 1915-1995, no Nacional Museum of Women in the Art<\/li><li>1997 &#8211; Curitiba PR &#8211; A Arte Contempor\u00e2nea da Gravura, no Museu Metropolitano de Arte de Curitiba<\/li><li>1997 &#8211; Goi\u00e2nia GO &#8211; Brasilidade: colet\u00e2nea de artistas brasileiros, na Galeria de Arte Marina Potrich<\/li><li>1997 &#8211; Sydney (Austr\u00e1lia) &#8211; Material Immaterial, na Art Gallery of New South Wales<\/li><li>1997 &#8211; Ouro Preto MG &#8211; Experi\u00eancias e Perspectivas: 12 vis\u00f5es contempor\u00e2neas, no Museu Casa dos Contos<\/li><li>1997 &#8211; Rio de Janeiro RJ &#8211; 15 Artistas Brasileiros, no MAM\/RJ<\/li><li>1997 &#8211; S\u00e3o Paulo SP &#8211; 1\u00aa Heran\u00e7as Contempor\u00e2neas, no MAC\/USP<\/li><li>1998 &#8211; Belo Horizonte MG &#8211; Emmanuel Nassar, Leda Catunda, Marcos Benjamim, na Kolams Galeria de Arte<\/li><li>1998 &#8211; Berlim (Alemanha) &#8211; Der Brasilianische Blick, na Haus der Kulturen der Welt<\/li><li>1998 &#8211; Campinas SP &#8211; Medidas de Si, no Ita\u00fa Cultural<\/li><li>1998 &#8211; Goi\u00e2nia GO &#8211; Os Anos 80, na Galeria de Arte Marina Potrich<\/li><li>1998 &#8211; Niter\u00f3i RJ &#8211; Espelho da Bienal, no MAC\/Niter\u00f3i<\/li><li>1998 &#8211; Rio de Janeiro RJ &#8211; Arte Brasileira no Acervo do Museu de Arte Moderna de S\u00e3o Paulo: doa\u00e7\u00f5es recentes 1996-1998, no CCBB<\/li><li>1998 &#8211; S\u00e3o Paulo SP &#8211; Acervo Galeria de Arte S\u00e3o Paulo, na Galeria de Arte S\u00e3o Paulo<\/li><li>1998 &#8211; S\u00e3o Paulo SP &#8211; Afinidades Eletivas I: o olhar do colecionador, na Casa das Rosas<\/li><li>1998 &#8211; S\u00e3o Paulo SP &#8211; Medidas de Si, no MAM\/SP<\/li><li>1998 &#8211; S\u00e3o Paulo SP &#8211; O Moderno e o Contempor\u00e2neo na Arte Brasileira: Cole\u00e7\u00e3o Gilberto Chateaubriand &#8211; MAM\/RJ, no Masp<\/li><li>1999 &#8211; Piracicaba SP &#8211; 31\u00ba Sal\u00e3o de Arte Contempor\u00e2nea de Piracicaba, no Engenho Central<\/li><li>1999 &#8211; Rio de Janeiro RJ &#8211; A Imagem do Som de Chico Buarque, no Pa\u00e7o Imperial<\/li><li>1999 &#8211; Rio de Janeiro RJ &#8211; Cotidiano\/Arte. O Objeto &#8211; Anos 60\/90, no MAM\/RJ<\/li><li>1999 &#8211; S\u00e3o Paulo SP &#8211; Cotidiano\/Arte. O Consumo, no Ita\u00fa Cultural<\/li><li>1999 &#8211; S\u00e3o Paulo SP &#8211; Cotidiano\/Arte. O Objeto &#8211; Anos 60\/90, no Ita\u00fa Cultural<\/li><li>1999 &#8211; S\u00e3o Paulo SP &#8211; Cotidiano\/Arte. O Objeto &#8211; Anos 90, no Ita\u00fa Cultural<\/li><li>1999 &#8211; S\u00e3o Paulo SP &#8211; O Brasil no S\u00e9culo da Arte, na Galeria de Arte do Sesi<\/li><li>2000 &#8211; Curitiba PR &#8211; 12\u00aa Mostra da Gravura de Curitiba. Marcas do Corpo, Dobras da Alma<\/li><li>2000 &#8211; Lisboa (Portugal) &#8211; S\u00e9culo 20: arte do Brasil, no Centro de Arte Moderna Jos\u00e9 de Azeredo Perdig\u00e3o<\/li><li>2000 &#8211; Petr\u00f3polis RJ &#8211; O S\u00e9culo das Mulheres: algumas artistas, na Casa de Petr\u00f3polis. Instituto de Cultura<\/li><li>2000 &#8211; S\u00e3o Paulo SP &#8211; Brasil + 500 Mostra do Redescobrimento, na Funda\u00e7\u00e3o Bienal<\/li><li>2000 &#8211; S\u00e3o Paulo SP &#8211; Desfile de Vacas<\/li><li>2001 &#8211; Porto Alegre RS &#8211; 3\u00aa Bienal de Artes Visuais do Mercosul<\/li><li>2001 &#8211; Porto Alegre RS &#8211; Cole\u00e7\u00e3o Liba e Rubem Knijnik: arte brasileira contempor\u00e2nea, no Margs<\/li><li>2001 &#8211; Rio de Janeiro RJ &#8211; Espelho Cego: sele\u00e7\u00f5es de uma cole\u00e7\u00e3o contempor\u00e2nea, no Pa\u00e7o Imperial<\/li><li>2001 &#8211; Rio de Janeiro RJ &#8211; O Esp\u00edrito de Nossa \u00c9poca, no MAM\/RJ<\/li><li>2001 &#8211; S\u00e3o Paulo SP &#8211; Cultura Brasileira 1, na Casa das Rosas<\/li><li>2001 &#8211; S\u00e3o Paulo SP &#8211; Espelho Cego: sele\u00e7\u00f5es de uma cole\u00e7\u00e3o contempor\u00e2nea, no MAM\/SP<\/li><li>2001 &#8211; S\u00e3o Paulo SP &#8211; O Esp\u00edrito de Nossa \u00c9poca, no MAM\/SP<\/li><li>2001 &#8211; S\u00e3o Paulo SP &#8211; Trajet\u00f3ria da Luz na Arte Brasileira, no Ita\u00fa Cultural<\/li><li>2002 &#8211; Bras\u00edlia DF &#8211; Fragmentos a Seu \u00cdm\u00e3, no Espa\u00e7o Cultural Contempor\u00e2neo Ven\u00e2ncio<\/li><li>2002 &#8211; Niter\u00f3i RJ &#8211; Di\u00e1logo, Antagonismo e Replica\u00e7\u00e3o na Cole\u00e7\u00e3o Sattamini, no MAC\/Niter\u00f3i<\/li><li>2002 &#8211; Rio de Janeiro RJ &#8211; Arte em Campo, no Centro Cultural da Justi\u00e7a Federal<\/li><li>2002 &#8211; Rio de Janeiro RJ &#8211; Caminhos do Contempor\u00e2neo 1952-2002, no Pa\u00e7o Imperial<\/li><li>2002 &#8211; S\u00e3o Paulo SP &#8211; 28 (+) Pintura, no Espa\u00e7o Virg\u00edlio<\/li><li>2002 &#8211; S\u00e3o Paulo SP &#8211; Cole\u00e7\u00e3o Metr\u00f3polis de Arte Contempor\u00e2nea, na Pinacoteca do Estado<\/li><li>2002 &#8211; S\u00e3o Paulo SP &#8211; Infl\u00e1veis, no Sesc Belenzinho<\/li><li>2002 &#8211; S\u00e3o Paulo SP &#8211; Mapa do Agora: arte brasileira recente na Cole\u00e7\u00e3o Jo\u00e3o Sattamini do Museu de Arte Contempor\u00e2nea de Niter\u00f3i, no Instituto Tomie Ohtake<\/li><li>2002 &#8211; S\u00e3o Paulo SP &#8211; \u00d3pera Aberta: celebra\u00e7\u00e3o, na Casa das Rosas<\/li><li>2002 &#8211; S\u00e3o Paulo SP &#8211; Paralela, no Galp\u00e3o localizado na Avenida Matarazzo, 530<\/li><li>2002 &#8211; S\u00e3o Paulo SP &#8211; Rotativa Fase 2, na Galeria Fortes Vila\u00e7a<\/li><li>2003 &#8211; S\u00e3o Paulo SP &#8211; 2080, no MAM\/SP<\/li><li>2003 &#8211; S\u00e3o Paulo SP &#8211; Aquisi\u00e7\u00f5es Recentes 2003 pelo N\u00facleo Contempor\u00e2neo do MAM, no MAM\/SP<\/li><li>2003 &#8211; S\u00e3o Paulo SP &#8211; MAC USP 40 Anos: interfaces contempor\u00e2neas, no MAC\/USP<\/li><li>2003 &#8211; S\u00e3o Paulo SP &#8211; Marcantonio Vila\u00e7a &#8211; Passaporte Contempor\u00e2neo, no MAC\/USP<\/li><li>2003 &#8211; S\u00e3o Paulo SP &#8211; Meus Amigos, no MAM\/SP<\/li><li>2004 &#8211; Campinas SP &#8211; Cole\u00e7\u00e3o Metr\u00f3polis de Arte Contempor\u00e2nea, no Espa\u00e7o Cultural CPFL<\/li><li>2004 &#8211; Rio de Janeiro RJ &#8211; Onde Est\u00e1 Voc\u00ea, Gera\u00e7\u00e3o 80?, no CCBB<\/li><li>2004 &#8211; S\u00e3o Paulo SP &#8211; Arte Contempor\u00e2nea no Acervo Municipal, no CCSP<\/li><li>2004 &#8211; S\u00e3o Paulo SP &#8211; Bazar de Ver\u00e3o, na Galeria Fortes Vila\u00e7a<\/li><li>2004 &#8211; S\u00e3o Paulo SP &#8211; Still Life \/ Natureza Morta, na Galeria de Arte do Sesi<\/li><li>2005 &#8211; S\u00e3o Paulo SP &#8211; Arte em Metr\u00f3polis, no Instituto Tomie Ohtake<\/li><\/ul>","protected":false},"excerpt":{"rendered":"<p>BIOGRAFIA Leda Catunda Serra (S\u00e3o Paulo SP 1961). Pintora e gravadora. Cursa artes pl\u00e1sticas na Funda\u00e7\u00e3o Armando \u00c1lvares Penteado &#8211; Faap, em S\u00e3o Paulo, entre 1980 e 1984, onde \u00e9 aluna, entre outros, de Regina Silveira (1939), Julio Plaza (1938 &#8211; 2003), Nelson Leirner (1932) e Walter Zanini (1925). A partir de 1986, leciona na &hellip; <\/p>\n<p class=\"link-more\"><a href=\"https:\/\/galeria-ipanema.com\/en\/leda-catunda\/\" class=\"more-link\">Continue reading<span class=\"screen-reader-text\"> &#8220;Leda Catunda&#8221;<\/span><\/a><\/p>","protected":false},"author":178370742,"featured_media":0,"parent":0,"menu_order":0,"comment_status":"closed","ping_status":"closed","template":"","meta":{"_coblocks_attr":"","_coblocks_dimensions":"","_coblocks_responsive_height":"","_coblocks_accordion_ie_support":"","_crdt_document":"","advanced_seo_description":"","jetpack_seo_html_title":"","jetpack_seo_noindex":false,"footnotes":""},"class_list":["post-2027","page","type-page","status-publish","hentry"],"jetpack_likes_enabled":false,"jetpack_sharing_enabled":false,"jetpack_shortlink":"https:\/\/wp.me\/PbBA92-wH","amp_enabled":true,"_links":{"self":[{"href":"https:\/\/galeria-ipanema.com\/en\/wp-json\/wp\/v2\/pages\/2027","targetHints":{"allow":["GET"]}}],"collection":[{"href":"https:\/\/galeria-ipanema.com\/en\/wp-json\/wp\/v2\/pages"}],"about":[{"href":"https:\/\/galeria-ipanema.com\/en\/wp-json\/wp\/v2\/types\/page"}],"author":[{"embeddable":true,"href":"https:\/\/galeria-ipanema.com\/en\/wp-json\/wp\/v2\/users\/178370742"}],"replies":[{"embeddable":true,"href":"https:\/\/galeria-ipanema.com\/en\/wp-json\/wp\/v2\/comments?post=2027"}],"version-history":[{"count":2,"href":"https:\/\/galeria-ipanema.com\/en\/wp-json\/wp\/v2\/pages\/2027\/revisions"}],"predecessor-version":[{"id":2031,"href":"https:\/\/galeria-ipanema.com\/en\/wp-json\/wp\/v2\/pages\/2027\/revisions\/2031"}],"wp:attachment":[{"href":"https:\/\/galeria-ipanema.com\/en\/wp-json\/wp\/v2\/media?parent=2027"}],"curies":[{"name":"wp","href":"https:\/\/api.w.org\/{rel}","templated":true}]}}