{"id":2004,"date":"2020-02-28T15:19:30","date_gmt":"2020-02-28T15:19:30","guid":{"rendered":"https:\/\/galeria-ipanema.com\/?page_id=2004"},"modified":"2020-02-28T15:19:30","modified_gmt":"2020-02-28T15:19:30","slug":"joaquim-tenreiro","status":"publish","type":"page","link":"https:\/\/galeria-ipanema.com\/en\/joaquim-tenreiro\/","title":{"rendered":"Joaquim Tenreiro"},"content":{"rendered":"<figure class=\"wp-block-image size-large\"><img data-recalc-dims=\"1\" loading=\"lazy\" decoding=\"async\" width=\"276\" height=\"339\" data-attachment-id=\"2006\" data-permalink=\"https:\/\/galeria-ipanema.com\/en\/joaquim-tenreiro\/joaquim-tenreiro\/\" data-orig-file=\"https:\/\/i0.wp.com\/galeria-ipanema.com\/wp-content\/uploads\/2020\/02\/joaquim-tenreiro.jpg?fit=276%2C339&amp;ssl=1\" data-orig-size=\"276,339\" data-comments-opened=\"1\" data-image-meta=\"{&quot;aperture&quot;:&quot;0&quot;,&quot;credit&quot;:&quot;&quot;,&quot;camera&quot;:&quot;&quot;,&quot;caption&quot;:&quot;&quot;,&quot;created_timestamp&quot;:&quot;0&quot;,&quot;copyright&quot;:&quot;&quot;,&quot;focal_length&quot;:&quot;0&quot;,&quot;iso&quot;:&quot;0&quot;,&quot;shutter_speed&quot;:&quot;0&quot;,&quot;title&quot;:&quot;&quot;,&quot;orientation&quot;:&quot;0&quot;}\" data-image-title=\"joaquim-tenreiro\" data-image-description=\"\" data-image-caption=\"\" data-large-file=\"https:\/\/i0.wp.com\/galeria-ipanema.com\/wp-content\/uploads\/2020\/02\/joaquim-tenreiro.jpg?fit=276%2C339&amp;ssl=1\" src=\"https:\/\/i0.wp.com\/galeria-ipanema.com\/wp-content\/uploads\/2020\/02\/joaquim-tenreiro.jpg?resize=276%2C339&#038;ssl=1\" alt=\"\" class=\"wp-image-2006\" srcset=\"https:\/\/i0.wp.com\/galeria-ipanema.com\/wp-content\/uploads\/2020\/02\/joaquim-tenreiro.jpg?w=276&amp;ssl=1 276w, https:\/\/i0.wp.com\/galeria-ipanema.com\/wp-content\/uploads\/2020\/02\/joaquim-tenreiro.jpg?resize=244%2C300&amp;ssl=1 244w\" sizes=\"auto, (max-width: 276px) 100vw, 276px\" \/><\/figure>\n\n\n\n<h2 class=\"wp-block-heading\"><strong>BIOGRAFIA<\/strong><\/h2>\n\n\n\n<p class=\"wp-block-paragraph\">Joaquim Albuquerque Tenreiro (Melo Guarda, Portugal 1906 &#8211; Itapira SP 1992). Designer, escultor, pintor, gravador e desenhista. Filho e neto de marceneiros, aos dois anos de idade muda-se para o Brasil com a fam\u00edlia, fixando resid\u00eancia em Niter\u00f3i, Rio de Janeiro. Retorna a Portugal em 1914, onde ajuda o pai a realizar trabalhos em madeira e inicia aulas de pintura. Volta a viver no Brasil entre 1925 e 1927. Em 1928, transfere-se definitivamente para o Rio de Janeiro, passando a freq\u00fcentar o curso de desenho do Liceu Liter\u00e1rio Portugu\u00eas e faz cursos no Liceu de Artes e Of\u00edcios. Em 1931, integra o N\u00facleo Bernardelli, grupo criado em oposi\u00e7\u00e3o ao ensino acad\u00eamico da Escola Nacional de Belas Artes &#8211; Enba. Na d\u00e9cada de 1940, dedica-se \u00e0 pintura de retrato, de paisagem e de natureza-morta. Entre 1933 e 1943, trabalha como designer de m\u00f3veis nas empresas Laubissh &amp; Hirth, Leandro Martins e Francisco Gomes. Em 1942, realiza para a resid\u00eancia de Francisco In\u00e1cio Peixoto seu primeiro m\u00f3vel moderno. Em 1943, monta sua primeira oficina, a Langenbach &amp; Tenreiro e, alguns anos depois, inaugura duas lojas de m\u00f3veis; primeiro no Rio de Janeiro e, posteriromente, em S\u00e3o Paulo. No final da d\u00e9cada de 1960, Joaquim Tenreiro encerra as atividades na \u00e1rea da concep\u00e7\u00e3o e fabrica\u00e7\u00e3o de m\u00f3veis para dedicar-se, por mais 20 anos, exclusivamente \u00e0s artes pl\u00e1sticas, principalmente \u00e0 escultura. Em 1969, executa um painel para a Sinagoga Templo Sidon e, em 1974, dois pain\u00e9is para o audit\u00f3rio do Senai, ambos na Tijuca.<\/p>\n\n\n\n<h2 class=\"wp-block-heading\"><strong>NASCIMENTO \/ MORTE<\/strong><\/h2>\n\n\n\n<p class=\"wp-block-paragraph\">1906 &#8211; Melo Guarda (Portugal) &#8211; 18 de abril<br>1992 &#8211; Itapira SP &#8211; 21 de junho<\/p>\n\n\n\n<h2 class=\"wp-block-heading\"><strong>FORMA\u00c7\u00c3O<\/strong><\/h2>\n\n\n\n<p class=\"wp-block-paragraph\">1929 &#8211; Rio de Janeiro RJ &#8211; Matricula-se no curso de desenho do Liceu Liter\u00e1rio Portugu\u00eas.<\/p>\n\n\n\n<figure class=\"wp-block-image size-large\"><img data-recalc-dims=\"1\" loading=\"lazy\" decoding=\"async\" width=\"525\" height=\"248\" data-attachment-id=\"2005\" data-permalink=\"https:\/\/galeria-ipanema.com\/en\/joaquim-tenreiro\/joaquimtenreiro-1\/\" data-orig-file=\"https:\/\/i0.wp.com\/galeria-ipanema.com\/wp-content\/uploads\/2020\/02\/joaquimtenreiro-1.jpg?fit=745%2C352&amp;ssl=1\" data-orig-size=\"745,352\" data-comments-opened=\"1\" data-image-meta=\"{&quot;aperture&quot;:&quot;0&quot;,&quot;credit&quot;:&quot;&quot;,&quot;camera&quot;:&quot;&quot;,&quot;caption&quot;:&quot;&quot;,&quot;created_timestamp&quot;:&quot;0&quot;,&quot;copyright&quot;:&quot;&quot;,&quot;focal_length&quot;:&quot;0&quot;,&quot;iso&quot;:&quot;0&quot;,&quot;shutter_speed&quot;:&quot;0&quot;,&quot;title&quot;:&quot;&quot;,&quot;orientation&quot;:&quot;0&quot;}\" data-image-title=\"joaquimtenreiro-1\" data-image-description=\"\" data-image-caption=\"\" data-large-file=\"https:\/\/i0.wp.com\/galeria-ipanema.com\/wp-content\/uploads\/2020\/02\/joaquimtenreiro-1.jpg?fit=525%2C248&amp;ssl=1\" src=\"https:\/\/i0.wp.com\/galeria-ipanema.com\/wp-content\/uploads\/2020\/02\/joaquimtenreiro-1.jpg?resize=525%2C248&#038;ssl=1\" alt=\"\" class=\"wp-image-2005\" srcset=\"https:\/\/i0.wp.com\/galeria-ipanema.com\/wp-content\/uploads\/2020\/02\/joaquimtenreiro-1.jpg?w=745&amp;ssl=1 745w, https:\/\/i0.wp.com\/galeria-ipanema.com\/wp-content\/uploads\/2020\/02\/joaquimtenreiro-1.jpg?resize=300%2C142&amp;ssl=1 300w\" sizes=\"auto, (max-width: 706px) 89vw, (max-width: 767px) 82vw, 740px\" \/><figcaption>Joaquim Tenreiro &#8211; Sem Titulo &#8211; Escultura em madeira &#8211; 108 cm altura<br><\/figcaption><\/figure>\n\n\n\n<h2 class=\"wp-block-heading\"><strong>CRONOLOGIA<\/strong><\/h2>\n\n\n\n<p class=\"wp-block-paragraph\">Designer, escultor, pintor, gravador e desenhista<\/p>\n\n\n\n<ul class=\"wp-block-list\"><li>1909\/1914 &#8211; Niter\u00f3i RJ &#8211; Reside pela primeira vez no Brasil com os pais<\/li><li>1915\/ca.1917 &#8211; Melo Guarda (Portugal) &#8211; Vive nessa cidade<\/li><li>1918\/1920 &#8211; Porto (Portugal) &#8211; Vive nessa cidade<\/li><li>1928 &#8211; Rio de Janeiro RJ &#8211; Fixa resid\u00eancia<\/li><li>1931 &#8211; Rio de Janeiro RJ &#8211; Integra o N\u00facleo Bernardelli<\/li><li>1933\/1943 &#8211; Rio de Janeiro RJ &#8211; Trabalha como designer nas firmas de m\u00f3veis Laubish &amp; Hirth, Leandro Martins e Francisco Gomes<\/li><li>1947 &#8211; Rio de Janeiro RJ &#8211; Inaugura sua primeira loja<\/li><li>1953 &#8211; S\u00e3o Paulo SP &#8211; Inaugura sua segunda loja<\/li><li>1968 &#8211; Rio de Janeiro RJ &#8211; Encerra atividades comerciais e volta-se exclusivamente para as artes visuais<\/li><li>1969 &#8211; Rio de Janeiro RJ &#8211; Realiza painel para a Sinagoga Templo Sidon<\/li><li>1973 &#8211; Rio de Janeiro RJ &#8211; Recebe o t\u00edtulo de Carioca Honor\u00e1rio<\/li><li>1974 &#8211; Rio de Janeiro RJ &#8211; Realiza portada para a Capela Ecum\u00eanica da UERJ<\/li><li>1975 &#8211; Rio de Janeiro RJ &#8211; Realiza pain\u00e9is para o audit\u00f3rio do Senai<\/li><li>1977 &#8211; Rio de Janeiro RJ &#8211; Recebe o Golfinho de Ouro, como destaque do ano em Artes Pl\u00e1sticas, do MIS\/RJ<\/li><li>1978 &#8211; S\u00e3o Paulo SP &#8211; Melhor Escultor do Ano, conferido pela Associa\u00e7\u00e3o Paulista de Cr\u00edticos de Artes &#8211; APCA<\/li><\/ul>\n\n\n\n<h2 class=\"wp-block-heading\"><strong>EXPOSI\u00c7\u00d5ES INDIVIDUAIS<\/strong><\/h2>\n\n\n\n<ul class=\"wp-block-list\"><li>1946 &#8211; Rio de Janeiro RJ &#8211; Primeira individual, no IAB\/RJ<\/li><li>1949 &#8211; S\u00e3o Paulo SP &#8211; Individual, na Galeria Domus<\/li><li>1967 &#8211; Rio de Janeiro RJ &#8211; Individual, na Galeria Copacabana<\/li><li>1970 &#8211; Rio de Janeiro RJ &#8211; Individual, na Galeria Bonino<\/li><li>1971 &#8211; S\u00e3o Paulo SP &#8211; Individual, na Galeria Documenta<\/li><li>1973 &#8211; S\u00e3o Paulo SP &#8211; Individual, no MAM\/SP<\/li><li>1975 &#8211; Rio de Janeiro RJ &#8211; Individual, na Galeria Bonino<\/li><li>1978 &#8211; S\u00e3o Paulo SP &#8211; Individual, no MAM\/SP<\/li><li>1983 &#8211; Rio de Janeiro RJ &#8211; Individual, na Galeria Paulo Klabin<\/li><li>1985 &#8211; Rio de Janeiro RJ &#8211; Individual, no Centro Empresarial do Rio de Janeiro<\/li><li>1988 &#8211; Rio de Janeiro RJ &#8211; Individual, na Tr\u00edade Galeria<\/li><li>1989 &#8211; S\u00e3o Paulo SP &#8211; Individual, na Galeria Millan<\/li><\/ul>\n\n\n\n<h2 class=\"wp-block-heading\"><strong>EXPOSI\u00c7\u00d5ES COLETIVAS<\/strong><\/h2>\n\n\n\n<ul class=\"wp-block-list\"><li>1941 &#8211; Rio de Janeiro RJ &#8211; Sal\u00e3o Nacional de Belas Artes\/Divis\u00e3o Moderna &#8211; medalha de bronze<\/li><li>1944 &#8211; Rio de Janeiro RJ &#8211; 50\u00ba Sal\u00e3o Nacional de Belas Artes, no MNBA<\/li><li>1945 &#8211; Rio de Janeiro RJ &#8211; Sal\u00e3o Nacional de Belas Artes\/Divis\u00e3o Moderna &#8211; medalha de prata<\/li><li>1946 &#8211; Rio de Janeiro RJ &#8211; Os Pintores v\u00e3o \u00e0 Escola do Povo, na Enba<\/li><li>1954 &#8211; Goi\u00e2nia GO &#8211; Exposi\u00e7\u00e3o do Congresso Nacional de Intelectuais<\/li><li>1960 &#8211; Rio de Janeiro RJ &#8211; 9\u00ba Sal\u00e3o Nacional de Arte Moderna, no MAM\/RJ &#8211; men\u00e7\u00e3o do j\u00fari em desenho<\/li><li>1965 &#8211; S\u00e3o Paulo SP &#8211; 8\u00aa Bienal Internacional de S\u00e3o Paulo, na Funda\u00e7\u00e3o Bienal<\/li><li>1967 &#8211; Rio de Janeiro RJ &#8211; 3\u00aa O Rosto e a Obra, na Galeria Ibeu Copacabana<\/li><li>1971 &#8211; Rio de Janeiro RJ &#8211; 9\u00aa Resumo de Arte JB, no MAM\/RJ<\/li><li>1972 &#8211; S\u00e3o Paulo SP &#8211; 4\u00ba Panorama de Arte Atual Brasileira, no MAM\/SP<\/li><li>1972 &#8211; S\u00e3o Paulo SP &#8211; Arte Multiplicada Brasileira, na Multipla de Arte<\/li><li>1973 &#8211; S\u00e3o Paulo SP &#8211; 5\u00ba Panorama de Arte Atual Brasileira, no MAM\/SP<\/li><li>1974 &#8211; Rio de Janeiro RJ &#8211; O Mar, na Galeria Ibeu Copacabana<\/li><li>1975 &#8211; S\u00e3o Paulo SP &#8211; 7\u00ba Panorama de Arte Atual Brasileira, no MAM\/SP<\/li><li>1977 &#8211; Rio de Janeiro RJ &#8211; Retrospectiva, no MAM\/RJ<\/li><li>1978 &#8211; S\u00e3o Paulo SP &#8211; 10\u00ba Panorama de Arte Atual Brasileira, no MAM\/SP<\/li><li>1979 &#8211; Rio de Janeiro RJ &#8211; Escultores Brasileiros, na Galeria Aktuell<\/li><li>1981 &#8211; Rio de Janeiro RJ &#8211; Retrospectiva, no IAB\/RJ<\/li><li>1982 &#8211; S\u00e3o Paulo SP &#8211; Exposi\u00e7\u00e3o N\u00facleo Bernardelli: arte brasileira nos anos 30 e 40, na Acervo Galeria de Arte<\/li><li>1983 &#8211; Rio de Janeiro RJ &#8211; 4 Escultores Pintores, 4 Pintores Escultores, na Galeria Aktuell<\/li><li>1983 &#8211; Rio de Janeiro RJ &#8211; Auto-Retratos Brasileiros, na Galeria de Arte Banerj<\/li><li>1984 &#8211; Rio de Janeiro RJ &#8211; Madeira, Mat\u00e9ria de Arte, no MAM\/RJ<\/li><li>1984 &#8211; S\u00e3o Paulo SP &#8211; Tradi\u00e7\u00e3o e Ruptura: s\u00edntese de arte e cultura brasileiras, na Funda\u00e7\u00e3o Bienal<\/li><li>1988 &#8211; S\u00e3o Paulo SP &#8211; 19\u00ba Panorama de Arte Atual Brasileira, no MAM\/SP<\/li><li>1991 &#8211; Rio de Janeiro RJ &#8211; Retrospectiva, no Rio Design Center<\/li><\/ul>\n\n\n\n<h2 class=\"wp-block-heading\"><strong>EXPOSI\u00c7\u00d5ES P\u00d3STUMAS<\/strong><\/h2>\n\n\n\n<ul class=\"wp-block-list\"><li>1992 &#8211; Rio de Janeiro RJ &#8211; 1\u00aa A Caminho de Niter\u00f3i: Cole\u00e7\u00e3o Jo\u00e3o Sattamini, no Pa\u00e7o Imperial<\/li><li>1993 &#8211; Rio de Janeiro RJ &#8211; Brasil: 100 Anos de Arte Moderna, no MNBA<\/li><li>1993 &#8211; S\u00e3o Paulo SP &#8211; O Desenho Moderno no Brasil: Cole\u00e7\u00e3o Gilberto Chateaubriand, na Galeria de Arte do Sesi<\/li><li>1994 &#8211; Rio de Janeiro RJ &#8211; O Desenho Moderno no Brasil: Cole\u00e7\u00e3o Gilberto Chateubriand, no MAM\/RJ<\/li><li>1994 &#8211; S\u00e3o Paulo SP &#8211; Bienal Brasil S\u00e9culo XX, na Funda\u00e7\u00e3o Bienal<\/li><li>1996 &#8211; Niter\u00f3i RJ &#8211; Arte Contempor\u00e2nea Brasileira na Cole\u00e7\u00e3o Jo\u00e3o Sattamini, no MAC\/Niter\u00f3i<\/li><li>1997 &#8211; Niter\u00f3i RJ &#8211; Entre Esculturas e Objetos, no MAC\/Niter\u00f3i<\/li><li>1997 &#8211; S\u00e3o Paulo SP &#8211; Tridimensionalidade na Arte Brasileira do S\u00e9culo XX, no Ita\u00fa Cultural<\/li><li>1998 &#8211; Belo Horizonte MG &#8211; Tridimensionalidade na Arte Brasileira do S\u00e9culo XX, no Ita\u00fa Cultural<\/li><li>1998 &#8211; Bras\u00edlia DF &#8211; Tridimensionalidade na Arte Brasileira do S\u00e9culo XX, na Galeria Ita\u00fa Cultural<\/li><li>1998 &#8211; Niter\u00f3i RJ &#8211; Espelho da Bienal, no MAC\/Niter\u00f3i<\/li><li>1998 &#8211; Niter\u00f3i RJ &#8211; Individual, no MAC\/Niter\u00f3i<\/li><li>1998 &#8211; Pen\u00e1polis SP &#8211; Tridimensionalidade na Arte Brasileira do S\u00e9culo XX, na Galeria Ita\u00fa Cultural<\/li><li>1998 &#8211; S\u00e3o Paulo SP &#8211; Arte Construtiva no Brasil: Cole\u00e7\u00e3o Adolpho Leirner, no MAM\/SP<\/li><li>1998 &#8211; S\u00e3o Paulo SP &#8211; M\u00faltiplos, na Valu Oria Galeria de Arte<\/li><li>1999 &#8211; Rio de Janeiro RJ &#8211; Arte Construtiva no Brasil: Cole\u00e7\u00e3o Adolpho Leirner, no MAM\/RJ<\/li><li>1999 &#8211; S\u00e3o Paulo SP &#8211; D\u00e9cada de 50 e seus Envolvimentos, na Jo Slaviero Galeria de Arte<\/li><li>2000 &#8211; Niter\u00f3i RJ &#8211; Cole\u00e7\u00e3o Sattamini: dos materiais \u00e0s diferen\u00e7as internas, no MAC\/Niter\u00f3i<\/li><li>2000 &#8211; Rio de Janeiro RJ &#8211; Quando o Brasil era Moderno: artes pl\u00e1sticas no Rio de Janeiro de 1905 a 1960, no Pa\u00e7o Imperial<\/li><li>2000 &#8211; S\u00e3o Paulo SP &#8211; Brasil + 500 Mostra do Redescobrimento, na Funda\u00e7\u00e3o Bienal<\/li><li>2000 &#8211; S\u00e3o Paulo SP &#8211; Escultura Brasileira: da Pinacoteca ao Jardim da Luz, na Pinacoteca do Estado<\/li><li>2002 &#8211; Bras\u00edlia DF &#8211; JK &#8211; Uma Aventura Est\u00e9tica, no Conjunto Cultural da Caixa<\/li><li>2003 &#8211; S\u00e3o Paulo SP &#8211; A Arte Atr\u00e1s da Arte: onde ficam e como viajam as obras de arte, no MAM\/SP<\/li><li>2003 &#8211; S\u00e3o Paulo SP &#8211; Individual, na Galeria de Arte J\u00f4 Slaviero<\/li><li>2004 &#8211; Rio de Janeiro RJ &#8211; 30 Artistas, na Mercedes Viegas Escrit\u00f3rio de Arte<\/li><\/ul>","protected":false},"excerpt":{"rendered":"<p>BIOGRAFIA Joaquim Albuquerque Tenreiro (Melo Guarda, Portugal 1906 &#8211; Itapira SP 1992). Designer, escultor, pintor, gravador e desenhista. Filho e neto de marceneiros, aos dois anos de idade muda-se para o Brasil com a fam\u00edlia, fixando resid\u00eancia em Niter\u00f3i, Rio de Janeiro. Retorna a Portugal em 1914, onde ajuda o pai a realizar trabalhos em &hellip; <\/p>\n<p class=\"link-more\"><a href=\"https:\/\/galeria-ipanema.com\/en\/joaquim-tenreiro\/\" class=\"more-link\">Continue reading<span class=\"screen-reader-text\"> &#8220;Joaquim Tenreiro&#8221;<\/span><\/a><\/p>","protected":false},"author":178370742,"featured_media":0,"parent":0,"menu_order":0,"comment_status":"closed","ping_status":"closed","template":"","meta":{"_coblocks_attr":"","_coblocks_dimensions":"","_coblocks_responsive_height":"","_coblocks_accordion_ie_support":"","_crdt_document":"","advanced_seo_description":"","jetpack_seo_html_title":"","jetpack_seo_noindex":false,"footnotes":""},"class_list":["post-2004","page","type-page","status-publish","hentry"],"jetpack_likes_enabled":false,"jetpack_sharing_enabled":false,"jetpack_shortlink":"https:\/\/wp.me\/PbBA92-wk","amp_enabled":true,"_links":{"self":[{"href":"https:\/\/galeria-ipanema.com\/en\/wp-json\/wp\/v2\/pages\/2004","targetHints":{"allow":["GET"]}}],"collection":[{"href":"https:\/\/galeria-ipanema.com\/en\/wp-json\/wp\/v2\/pages"}],"about":[{"href":"https:\/\/galeria-ipanema.com\/en\/wp-json\/wp\/v2\/types\/page"}],"author":[{"embeddable":true,"href":"https:\/\/galeria-ipanema.com\/en\/wp-json\/wp\/v2\/users\/178370742"}],"replies":[{"embeddable":true,"href":"https:\/\/galeria-ipanema.com\/en\/wp-json\/wp\/v2\/comments?post=2004"}],"version-history":[{"count":1,"href":"https:\/\/galeria-ipanema.com\/en\/wp-json\/wp\/v2\/pages\/2004\/revisions"}],"predecessor-version":[{"id":2007,"href":"https:\/\/galeria-ipanema.com\/en\/wp-json\/wp\/v2\/pages\/2004\/revisions\/2007"}],"wp:attachment":[{"href":"https:\/\/galeria-ipanema.com\/en\/wp-json\/wp\/v2\/media?parent=2004"}],"curies":[{"name":"wp","href":"https:\/\/api.w.org\/{rel}","templated":true}]}}