{"id":1967,"date":"2020-02-28T14:40:00","date_gmt":"2020-02-28T14:40:00","guid":{"rendered":"https:\/\/galeria-ipanema.com\/?page_id=1967"},"modified":"2020-02-28T14:40:00","modified_gmt":"2020-02-28T14:40:00","slug":"gianguido-bonfanti","status":"publish","type":"page","link":"https:\/\/galeria-ipanema.com\/en\/gianguido-bonfanti\/","title":{"rendered":"Gianguido Bonfanti"},"content":{"rendered":"<figure class=\"wp-block-image size-large is-resized\"><img data-recalc-dims=\"1\" loading=\"lazy\" decoding=\"async\" data-attachment-id=\"1968\" data-permalink=\"https:\/\/galeria-ipanema.com\/en\/gianguido-bonfanti\/gianguido-bonfanti\/\" data-orig-file=\"https:\/\/i0.wp.com\/galeria-ipanema.com\/wp-content\/uploads\/2020\/02\/gianguido-bonfanti.jpg?fit=300%2C300&amp;ssl=1\" data-orig-size=\"300,300\" data-comments-opened=\"1\" data-image-meta=\"{&quot;aperture&quot;:&quot;0&quot;,&quot;credit&quot;:&quot;&quot;,&quot;camera&quot;:&quot;&quot;,&quot;caption&quot;:&quot;&quot;,&quot;created_timestamp&quot;:&quot;0&quot;,&quot;copyright&quot;:&quot;&quot;,&quot;focal_length&quot;:&quot;0&quot;,&quot;iso&quot;:&quot;0&quot;,&quot;shutter_speed&quot;:&quot;0&quot;,&quot;title&quot;:&quot;&quot;,&quot;orientation&quot;:&quot;0&quot;}\" data-image-title=\"gianguido-bonfanti\" data-image-description=\"\" data-image-caption=\"\" data-large-file=\"https:\/\/i0.wp.com\/galeria-ipanema.com\/wp-content\/uploads\/2020\/02\/gianguido-bonfanti.jpg?fit=300%2C300&amp;ssl=1\" src=\"https:\/\/i0.wp.com\/galeria-ipanema.com\/wp-content\/uploads\/2020\/02\/gianguido-bonfanti.jpg?resize=350%2C350&#038;ssl=1\" alt=\"\" class=\"wp-image-1968\" width=\"350\" height=\"350\" srcset=\"https:\/\/i0.wp.com\/galeria-ipanema.com\/wp-content\/uploads\/2020\/02\/gianguido-bonfanti.jpg?w=300&amp;ssl=1 300w, https:\/\/i0.wp.com\/galeria-ipanema.com\/wp-content\/uploads\/2020\/02\/gianguido-bonfanti.jpg?resize=150%2C150&amp;ssl=1 150w, https:\/\/i0.wp.com\/galeria-ipanema.com\/wp-content\/uploads\/2020\/02\/gianguido-bonfanti.jpg?resize=200%2C200&amp;ssl=1 200w, https:\/\/i0.wp.com\/galeria-ipanema.com\/wp-content\/uploads\/2020\/02\/gianguido-bonfanti.jpg?resize=100%2C100&amp;ssl=1 100w\" sizes=\"auto, (max-width: 350px) 100vw, 350px\" \/><\/figure>\n\n\n\n<h2 class=\"wp-block-heading\"><strong>NASCIMENTO<\/strong><\/h2>\n\n\n\n<p class=\"wp-block-paragraph\">1948 &#8211; S\u00e3o Paulo &#8211; SP<\/p>\n\n\n\n<h2 class=\"wp-block-heading\"><strong>VIDA FAMILIAR<\/strong><\/h2>\n\n\n\n<p class=\"wp-block-paragraph\">\u00c9 filho do pintor Guianfranco Bonfanti<\/p>\n\n\n\n<h2 class=\"wp-block-heading\"><strong>FORMA\u00c7\u00c3O<\/strong><\/h2>\n\n\n\n<p class=\"wp-block-paragraph\">1962\/1969 &#8211; S\u00e3o Paulo SP &#8211; Cursa desenho sob a orienta\u00e7\u00e3o de Poty Lazzarotto<br>1969 &#8211; Rio de Janeiro RJ &#8211; Ingressa na Faculdade de Arquitetura da UFRJ<br>1969 &#8211; Ouro Preto MG &#8211; Cursa artes pl\u00e1sticas no Festival de Inverno de Ouro Preto<br>1971\/1973 &#8211; Roma (It\u00e1lia) &#8211; Estuda na Accademia di Belle Arti di Roma<br>1974\/1976 &#8211; Rio de Janeiro RJ &#8211; Freq\u00fcenta ateli\u00ea de gravura em metal, sob orienta\u00e7\u00e3o de Mar\u00edlia Rodrigues, na Escolinha de Arte do Brasil<\/p>\n\n\n\n<figure class=\"wp-block-image size-large\"><img data-recalc-dims=\"1\" loading=\"lazy\" decoding=\"async\" width=\"525\" height=\"248\" data-attachment-id=\"1969\" data-permalink=\"https:\/\/galeria-ipanema.com\/en\/gianguido-bonfanti\/gianguidobonfanti-1\/\" data-orig-file=\"https:\/\/i0.wp.com\/galeria-ipanema.com\/wp-content\/uploads\/2020\/02\/gianguidobonfanti-1.jpg?fit=745%2C352&amp;ssl=1\" data-orig-size=\"745,352\" data-comments-opened=\"1\" data-image-meta=\"{&quot;aperture&quot;:&quot;0&quot;,&quot;credit&quot;:&quot;&quot;,&quot;camera&quot;:&quot;&quot;,&quot;caption&quot;:&quot;&quot;,&quot;created_timestamp&quot;:&quot;0&quot;,&quot;copyright&quot;:&quot;&quot;,&quot;focal_length&quot;:&quot;0&quot;,&quot;iso&quot;:&quot;0&quot;,&quot;shutter_speed&quot;:&quot;0&quot;,&quot;title&quot;:&quot;&quot;,&quot;orientation&quot;:&quot;0&quot;}\" data-image-title=\"gianguidobonfanti-1\" data-image-description=\"\" data-image-caption=\"\" data-large-file=\"https:\/\/i0.wp.com\/galeria-ipanema.com\/wp-content\/uploads\/2020\/02\/gianguidobonfanti-1.jpg?fit=525%2C248&amp;ssl=1\" src=\"https:\/\/i0.wp.com\/galeria-ipanema.com\/wp-content\/uploads\/2020\/02\/gianguidobonfanti-1.jpg?resize=525%2C248&#038;ssl=1\" alt=\"\" class=\"wp-image-1969\" srcset=\"https:\/\/i0.wp.com\/galeria-ipanema.com\/wp-content\/uploads\/2020\/02\/gianguidobonfanti-1.jpg?w=745&amp;ssl=1 745w, https:\/\/i0.wp.com\/galeria-ipanema.com\/wp-content\/uploads\/2020\/02\/gianguidobonfanti-1.jpg?resize=300%2C142&amp;ssl=1 300w\" sizes=\"auto, (max-width: 706px) 89vw, (max-width: 767px) 82vw, 740px\" \/><figcaption>Bonfanti, Gianguido &#8211; Sem Titulo &#8211; Acrilico sobre tela &#8211; 70 x 228 cm &#8211; 13-04-1987<br><\/figcaption><\/figure>\n\n\n\n<h2 class=\"wp-block-heading\"><strong>CRONOLOGIA<\/strong><\/h2>\n\n\n\n<ul class=\"wp-block-list\"><li>1976\/1979 &#8211; Rio de Janeiro RJ &#8211; Realiza ilustra\u00e7\u00f5es em jornais e revistas: Pasquim, Opini\u00e3o, Ele &amp; Ela, Jornal do Brasil<\/li><li>1978 &#8211; Rio de Janeiro RJ &#8211; Produz o cen\u00e1rio das pe\u00e7as As Gralhas, de Br\u00e1ulio Pedroso<\/li><li>1978 &#8211; Rio de Janeiro RJ &#8211; Faz o projeto do teatro constru\u00eddo no Centro Cultural C\u00e2ndido Mendes<\/li><li>1978\/1981 &#8211; Rio de Janeiro RJ &#8211; Leciona gravura em metal e fotogravura, na EAV\/Parque Lage<\/li><li>1979 &#8211; Rio de Janeiro RJ &#8211; Realiza capas e ilustra\u00e7\u00f5es internas do livro Sangue, Pap\u00e9is e L\u00e1grimas, de Doc Comparato, publicado pela Editora Codecri<\/li><li>1980\/1981 &#8211; Rio de Janeiro RJ &#8211; Orienta, com Sheila Dain e S\u00edlvia de Souza e S\u00edlvia, no ateli\u00ea livre na praia da Arma\u00e7\u00e3o.<\/li><li>1980 &#8211; Natal RN &#8211; Leciona gravura em metal durante um m\u00eas, na Funda\u00e7\u00e3o Jos\u00e9 Augusto<\/li><li>1980\/1982 &#8211; Rio de Janeiro RJ &#8211; Leciona gravura em metal, na PUC\/RJ<\/li><li>1983\/1985 &#8211; Rio de Janeiro RJ &#8211; Leciona desenho de modelo vivo e orienta ateli\u00ea livre de pintura no MAM\/RJ<\/li><li>1986\/1987 &#8211; Rio de Janeiro RJ &#8211; Leciona desenho e pintura, na Faculdade da Cidade.<\/li><li>1987\/2001 &#8211; Rio de Janeiro RJ &#8211; Leciona desenho de modelo vivo e desenho e composi\u00e7\u00e3o, na EAV\/Parque Lage<\/li><li>1988\/1994 &#8211; Rio de Janeiro RJ &#8211; Leciona desenho, na Casa de Cultura Laura Alvim<\/li><li>1991\/1996 &#8211; Rio de Janeiro RJ &#8211; Leciona Teoria e Pr\u00e1tica da Composi\u00e7\u00e3o no Plano Bidimensional, EAV\/Parque Lage<\/li><li>2000\/2001 &#8211; Rio de Janeiro RJ &#8211; Ministra aula de pintura no universo pl\u00e1stico, na EAV\/Parque Lage<\/li><\/ul>\n\n\n\n<h2 class=\"wp-block-heading\"><strong>EXPOSI\u00c7\u00d5ES INDIVIDUAIS<\/strong><\/h2>\n\n\n\n<ul class=\"wp-block-list\"><li>1973 &#8211; Rio de Janeiro RJ &#8211; Individual, na Galeria Centro Cultural Lume<\/li><li>1974 &#8211; Curitiba PR &#8211; Individual, no MAC\/PR<\/li><li>1980 &#8211; Natal RN &#8211; Individual, na Biblioteca C\u00e2mara Cascudo.<\/li><li>1981 &#8211; Rio de Janeiro RJ &#8211; Individual, na Galeria Gravura Brasileira.<\/li><li>1985 &#8211; Rio de Janeiro RJ &#8211; Individual, na Petite Galerie<\/li><li>1988 &#8211; Rio de Janeiro RJ &#8211; Individual, na Thomas Cohn Arte Contempor\u00e2nea.<\/li><li>1989 &#8211; Rio de Janeiro RJ &#8211; O Mestre \u00e0 Mostra, na EAV\/Parque Lage<\/li><li>1991 &#8211; S\u00e3o Paulo SP &#8211; Individual, na Paulo Figueiredo Galeria de Arte.<\/li><li>1996 &#8211; Rio de Janeiro RJ &#8211; Individual, no MAM\/RJ<\/li><li>2000 &#8211; \u201cGianguido Bonfanti 1996-2000\u201d, Museu Nacional de Belas Artes, Rio de Janeiro.<\/li><li>2000 &#8211; \u201cGianguido Bonfanti 1996-2000\u201d, Anita Schwartz Galeria, Rio de Janeiro.<\/li><li>2002\/2003 &#8211; \u201cBonfanti\u201d, Museu Nacional de Belas Artes, Rio de Janeiro.<\/li><li>2004\/2005 &#8211; \u201cGianguido Bonfanti\u201d, Museu Metropolitano de Arte de Curitiba.<\/li><li>2005 &#8211; \u201cBonfanti, peintures et dessins\u201d, Galerie Le Troisi\u00e8me \u0152il, Paris.<\/li><li>2006 &#8211; \u201cBonfanti, peintures et dessins\u201d, Galerie Le Troisi\u00e8me \u0152il, Bordeaux.<\/li><\/ul>\n\n\n\n<h2 class=\"wp-block-heading\"><strong>EXPOSI\u00c7\u00d5ES COLETIVAS<\/strong><\/h2>\n\n\n\n<ul class=\"wp-block-list\"><li>1967 &#8211; Rio de Janeiro RJ &#8211; Coletiva, na Galeria Santa Rosa<\/li><li>1973 &#8211; Curitiba PR &#8211; 30\u00ba Sal\u00e3o Paranaense, no Teatro Gua\u00edra<\/li><li>1974 &#8211; Curitiba PR &#8211; 31\u00ba Sal\u00e3o Paranaense, no Teatro Gua\u00edra &#8211; pr\u00eamio aquisi\u00e7\u00e3o.<\/li><li>1974 &#8211; Niter\u00f3i RJ &#8211; 3\u00aa Mostra de Artes Visuais do Estado &#8211; pr\u00eamio aquisi\u00e7\u00e3o<\/li><li>1974 &#8211; Rio de Janeiro RJ &#8211; 23\u00ba Sal\u00e3o Nacional de Arte Moderna &#8211; isen\u00e7\u00e3o de j\u00fari<\/li><li>1974 &#8211; Rio de Janeiro RJ &#8211; 6\u00ba Sal\u00e3o de Ver\u00e3o, no MAM\/RJ<\/li><li>1974 &#8211; S\u00e3o Paulo SP &#8211; 6\u00ba Panorama de Arte Atual Brasileira, no MAM\/SP<\/li><li>1975 &#8211; Goi\u00e2nia GO &#8211; 2\u00ba Concurso Nacional de Artes Pl\u00e1sticas &#8211; pr\u00eamio aquisi\u00e7\u00e3o<\/li><li>1975 &#8211; Rio de Janeiro RJ &#8211; 24\u00ba Sal\u00e3o Nacional de Arte Moderna<\/li><li>1975 &#8211; Rio de Janeiro RJ &#8211; 7\u00ba Sal\u00e3o de Ver\u00e3o, no MAM\/RJ<\/li><li>1975 &#8211; Rio de Janeiro RJ &#8211; Coletiva, na Galeria Grupo No<\/li><li>1976 &#8211; Bah\u00eda Blanca (Argentina) &#8211; 20 Artistas Brasile\u00f1os, no Museo de Bellas Artes de Bah\u00eda Blanca<\/li><li>1977 &#8211; Rio de Janeiro RJ &#8211; 1\u00ba Sal\u00e3o Carioca, na Esta\u00e7\u00e3o de Metr\u00f4 Carioca<\/li><li>1977 &#8211; S\u00e3o Paulo SP &#8211; 9\u00ba Panorama de Arte Atual Brasileira, no MAM\/SP<\/li><li>1978 &#8211; It\u00e1lia &#8211; 1\u00aa Bienal \u00cdtalo-Latino-Americana de Artes Gr\u00e1ficas<\/li><li>1978 &#8211; Rio de Janeiro RJ &#8211; Gravura Carioca Hoje: Dezesseis Novos Gravadores, no Mnba<\/li><li>1979 &#8211; Curitiba PR &#8211; 1\u00aa Mostra de Desenho Brasileiro, no MAP<\/li><li>1979 &#8211; Curitiba PR &#8211; 2\u00aa Mostra Anual de Gravura Cidade de Curitiba, no Centro de Criatividade de Curitiba &#8211; pr\u00eamio aquisi\u00e7\u00e3o<\/li><li>1979 &#8211; Mendoza (Argentina) &#8211; 27 Jovens Gravadores Brasileiros, no Museo Municipal de Arte Moderna<\/li><li>1979 &#8211; Rio de Janeiro RJ &#8211; 2\u00ba Sal\u00e3o Nacional de Artes Pl\u00e1sticas, no Pal\u00e1cio da Cultura<\/li><li>1980 &#8211; Cidade do M\u00e9xico (M\u00e9xico) &#8211; 2\u00aa Bienal Ibero-Americana de Arte<\/li><li>1980 &#8211; Curitiba PR &#8211; 3\u00aa Mostra Anual de Gravura Cidade de Curitiba, no Centro de Criatividade de Curitiba<\/li><li>1980 &#8211; Rio de Janeiro RJ &#8211; 3\u00ba Sal\u00e3o Nacional de Artes Pl\u00e1sticas, no MNBA (pinturas e esculturas) e no Pal\u00e1cio da Cultura (desenhos e gravuras)<\/li><li>1980 &#8211; Rio de Janeiro RJ &#8211; Coletiva, no CCCM<\/li><li>1980 &#8211; S\u00e3o Paulo SP &#8211; 12\u00ba Panorama de Arte Atual Brasileira, no MAM\/SP<\/li><li>1981 &#8211; Rio de Janeiro RJ &#8211; 4\u00ba Sal\u00e3o Nacional de Artes Pl\u00e1sticas, no MAM\/RJ<\/li><li>1981 &#8211; Rio de Janeiro RJ &#8211; 5\u00ba Sal\u00e3o Carioca de Arte, na Esta\u00e7\u00e3o de Metr\u00f4 Carioca &#8211; pr\u00eamio aquisi\u00e7\u00e3o<\/li><li>1981 &#8211; Rio de Janeiro RJ &#8211; Pablo! Pablo! Uma Interpreta\u00e7\u00e3o Brasileira de Guernica, na Funarte<\/li><li>1982 &#8211; Bilbao (Espanha) &#8211; Arteder&#8217;82<\/li><li>1986 &#8211; Curitiba PR &#8211; 7\u00ba Acervo do Museu Nacional da Gravura &#8211; Casa da Gravura, no Museu Guido Viaro<\/li><li>1986 &#8211; Rio de Janeiro RJ &#8211; Sete D\u00e9cadas da Presen\u00e7a Italiana na Arte Brasileira, no Pa\u00e7o Imperial<\/li><li>1988 &#8211; Rio de Janeiro RJ &#8211; 12\u00ba Sal\u00e3o Carioca de Arte, na Esta\u00e7\u00e3o Carioca do Metr\u00f4<\/li><li>1989 &#8211; Rio de Janeiro RJ &#8211; Gravura Brasileira &#8211; Quatro Temas, na EAV\/Parque Lage<\/li><li>1991 &#8211; Rio de Janeiro RJ &#8211; Exposi\u00e7\u00e3o Processo N\u00famero 738 765-2, na EAV\/Parque Lage Rio de Janeiro RJ &#8211; Exposi\u00e7\u00e3o Processo N\u00famero 738 765-2, na EAV\/Parque Lage<\/li><li>1993 &#8211; Rio de Janeiro RJ &#8211; O Papel do Rio, no Pa\u00e7o Imperial<\/li><li>1996 &#8211; Belo Horizonte MG &#8211; Impress\u00f5es Itinerantes, no Pal\u00e1cio das Artes<\/li><li>1997 &#8211; Curitiba PR &#8211; A Arte Contempor\u00e2nea da Gravura, no Museu Metropolitano de Arte de Curitiba<\/li><li>2003 &#8211; Rio de Janeiro RJ &#8211; Novas Aquisi\u00e7\u00f5es 2003: Cole\u00e7\u00e3o Gilberto Chateubriand, no MAM\/RJ<\/li><li>2005 &#8211; &#8220;A Imagem do Som&#8221;, Pa\u00e7o Imperial, Rio de Janeiro.<\/li><li>2006 &#8211; &#8220;A Imagem do Som&#8221;, Pa\u00e7o Imperial, Rio de Janeiro.<\/li><li>2006 &#8211; &#8220;A Imagem do Som&#8221;, Huas Der Kulturen Der Welt, Berlin.<\/li><li>2007 &#8211; &#8220;A Imagem do Som&#8221;, Pa\u00e7o Imperial, Rio de Janeiro.<\/li><li>2007 &#8211; &#8220;Auto-retrato do Brasil&#8221;, Pa\u00e7o Imperial, Rio de Janeiro.<\/li><\/ul>","protected":false},"excerpt":{"rendered":"<p>NASCIMENTO 1948 &#8211; S\u00e3o Paulo &#8211; SP VIDA FAMILIAR \u00c9 filho do pintor Guianfranco Bonfanti FORMA\u00c7\u00c3O 1962\/1969 &#8211; S\u00e3o Paulo SP &#8211; Cursa desenho sob a orienta\u00e7\u00e3o de Poty Lazzarotto1969 &#8211; Rio de Janeiro RJ &#8211; Ingressa na Faculdade de Arquitetura da UFRJ1969 &#8211; Ouro Preto MG &#8211; Cursa artes pl\u00e1sticas no Festival de Inverno &hellip; <\/p>\n<p class=\"link-more\"><a href=\"https:\/\/galeria-ipanema.com\/en\/gianguido-bonfanti\/\" class=\"more-link\">Continue reading<span class=\"screen-reader-text\"> &#8220;Gianguido Bonfanti&#8221;<\/span><\/a><\/p>","protected":false},"author":178370742,"featured_media":0,"parent":0,"menu_order":0,"comment_status":"closed","ping_status":"closed","template":"","meta":{"_coblocks_attr":"","_coblocks_dimensions":"","_coblocks_responsive_height":"","_coblocks_accordion_ie_support":"","_crdt_document":"","advanced_seo_description":"","jetpack_seo_html_title":"","jetpack_seo_noindex":false,"footnotes":""},"class_list":["post-1967","page","type-page","status-publish","hentry"],"jetpack_likes_enabled":false,"jetpack_sharing_enabled":false,"jetpack_shortlink":"https:\/\/wp.me\/PbBA92-vJ","amp_enabled":true,"_links":{"self":[{"href":"https:\/\/galeria-ipanema.com\/en\/wp-json\/wp\/v2\/pages\/1967","targetHints":{"allow":["GET"]}}],"collection":[{"href":"https:\/\/galeria-ipanema.com\/en\/wp-json\/wp\/v2\/pages"}],"about":[{"href":"https:\/\/galeria-ipanema.com\/en\/wp-json\/wp\/v2\/types\/page"}],"author":[{"embeddable":true,"href":"https:\/\/galeria-ipanema.com\/en\/wp-json\/wp\/v2\/users\/178370742"}],"replies":[{"embeddable":true,"href":"https:\/\/galeria-ipanema.com\/en\/wp-json\/wp\/v2\/comments?post=1967"}],"version-history":[{"count":1,"href":"https:\/\/galeria-ipanema.com\/en\/wp-json\/wp\/v2\/pages\/1967\/revisions"}],"predecessor-version":[{"id":1970,"href":"https:\/\/galeria-ipanema.com\/en\/wp-json\/wp\/v2\/pages\/1967\/revisions\/1970"}],"wp:attachment":[{"href":"https:\/\/galeria-ipanema.com\/en\/wp-json\/wp\/v2\/media?parent=1967"}],"curies":[{"name":"wp","href":"https:\/\/api.w.org\/{rel}","templated":true}]}}