{"id":1942,"date":"2020-02-28T14:00:34","date_gmt":"2020-02-28T14:00:34","guid":{"rendered":"https:\/\/galeria-ipanema.com\/?page_id=1942"},"modified":"2020-02-28T14:00:34","modified_gmt":"2020-02-28T14:00:34","slug":"dionisio-del-santo","status":"publish","type":"page","link":"https:\/\/galeria-ipanema.com\/en\/dionisio-del-santo\/","title":{"rendered":"Dion\u00edsio del Santo"},"content":{"rendered":"<figure class=\"wp-block-image size-large is-resized\"><img data-recalc-dims=\"1\" loading=\"lazy\" decoding=\"async\" data-attachment-id=\"1944\" data-permalink=\"https:\/\/galeria-ipanema.com\/en\/dionisio-del-santo\/dionisio-del-santo\/\" data-orig-file=\"https:\/\/i0.wp.com\/galeria-ipanema.com\/wp-content\/uploads\/2020\/02\/dionisio-del-santo.jpg?fit=296%2C170&amp;ssl=1\" data-orig-size=\"296,170\" data-comments-opened=\"1\" data-image-meta=\"{&quot;aperture&quot;:&quot;0&quot;,&quot;credit&quot;:&quot;&quot;,&quot;camera&quot;:&quot;&quot;,&quot;caption&quot;:&quot;&quot;,&quot;created_timestamp&quot;:&quot;0&quot;,&quot;copyright&quot;:&quot;&quot;,&quot;focal_length&quot;:&quot;0&quot;,&quot;iso&quot;:&quot;0&quot;,&quot;shutter_speed&quot;:&quot;0&quot;,&quot;title&quot;:&quot;&quot;,&quot;orientation&quot;:&quot;0&quot;}\" data-image-title=\"dionisio-del-santo\" data-image-description=\"\" data-image-caption=\"\" data-large-file=\"https:\/\/i0.wp.com\/galeria-ipanema.com\/wp-content\/uploads\/2020\/02\/dionisio-del-santo.jpg?fit=296%2C170&amp;ssl=1\" src=\"https:\/\/i0.wp.com\/galeria-ipanema.com\/wp-content\/uploads\/2020\/02\/dionisio-del-santo.jpg?resize=395%2C227&#038;ssl=1\" alt=\"\" class=\"wp-image-1944\" width=\"395\" height=\"227\"\/><\/figure>\n\n\n\n<h2 class=\"wp-block-heading\">NASCIMENTO \/ MORTE<\/h2>\n\n\n\n<p class=\"wp-block-paragraph\">1925 &#8211; Colatina ES &#8211; 31 de janeiro<br>1999 &#8211; Vit\u00f3ria ES &#8211; 20 de janeiro<\/p>\n\n\n\n<h2 class=\"wp-block-heading\">FORMA\u00c7\u00c3O<\/h2>\n\n\n\n<p class=\"wp-block-paragraph\">s.d. &#8211; Autodidata.<br>1932\/1939 &#8211; Santa Teresa ES &#8211; Estuda no Semin\u00e1rio S\u00e3o Francisco de Assis.<\/p>\n\n\n\n<figure class=\"wp-block-image size-large\"><img data-recalc-dims=\"1\" loading=\"lazy\" decoding=\"async\" width=\"525\" height=\"248\" data-attachment-id=\"1943\" data-permalink=\"https:\/\/galeria-ipanema.com\/en\/dionisio-del-santo\/dionisiodelsanto-1\/\" data-orig-file=\"https:\/\/i0.wp.com\/galeria-ipanema.com\/wp-content\/uploads\/2020\/02\/dionisiodelsanto-1.jpg?fit=745%2C352&amp;ssl=1\" data-orig-size=\"745,352\" data-comments-opened=\"1\" data-image-meta=\"{&quot;aperture&quot;:&quot;0&quot;,&quot;credit&quot;:&quot;&quot;,&quot;camera&quot;:&quot;&quot;,&quot;caption&quot;:&quot;&quot;,&quot;created_timestamp&quot;:&quot;0&quot;,&quot;copyright&quot;:&quot;&quot;,&quot;focal_length&quot;:&quot;0&quot;,&quot;iso&quot;:&quot;0&quot;,&quot;shutter_speed&quot;:&quot;0&quot;,&quot;title&quot;:&quot;&quot;,&quot;orientation&quot;:&quot;0&quot;}\" data-image-title=\"dionisiodelsanto-1\" data-image-description=\"\" data-image-caption=\"\" data-large-file=\"https:\/\/i0.wp.com\/galeria-ipanema.com\/wp-content\/uploads\/2020\/02\/dionisiodelsanto-1.jpg?fit=525%2C248&amp;ssl=1\" src=\"https:\/\/i0.wp.com\/galeria-ipanema.com\/wp-content\/uploads\/2020\/02\/dionisiodelsanto-1.jpg?resize=525%2C248&#038;ssl=1\" alt=\"\" class=\"wp-image-1943\" srcset=\"https:\/\/i0.wp.com\/galeria-ipanema.com\/wp-content\/uploads\/2020\/02\/dionisiodelsanto-1.jpg?w=745&amp;ssl=1 745w, https:\/\/i0.wp.com\/galeria-ipanema.com\/wp-content\/uploads\/2020\/02\/dionisiodelsanto-1.jpg?resize=300%2C142&amp;ssl=1 300w\" sizes=\"auto, (max-width: 706px) 89vw, (max-width: 767px) 82vw, 740px\" \/><figcaption>Dionisio del Santo &#8211; Sem Titulo &#8211; \u00d3leo e grafite sobre tela &#8211; 78 x 78 cm &#8211; 1993<br><\/figcaption><\/figure>\n\n\n\n<h2 class=\"wp-block-heading\"><strong>CRONOLOGIA<\/strong><\/h2>\n\n\n\n<p class=\"wp-block-paragraph\">Pintor, desenhista, gravador, ser\u00edgrafo<\/p>\n\n\n\n<ul class=\"wp-block-list\"><li>1946 &#8211; Rio de Janeiro RJ &#8211; Passa a viver nesta cidade<\/li><li>1952 &#8211; Rio de Janeiro RJ &#8211; Publicit\u00e1rio<\/li><li>1975 &#8211; S\u00e3o Paulo SP &#8211; Recebe o Pr\u00eamio de Melhor Exposi\u00e7\u00e3o de Gravura do Ano da APCA<\/li><li>1990 &#8211; Rio de Janeiro RJ &#8211; Narra\u00e7\u00e3o de v\u00eddeo &#8220;Gravando&#8221; de Ol\u00edvio Tavares de Ara\u00fajo. Produ\u00e7\u00e3o Rita de C\u00e1ssia Veiga. Rio de Janeiro: TVE &#8211; funda\u00e7\u00e3o Roquete Pinto, 1990 (49 min.)<\/li><\/ul>\n\n\n\n<h2 class=\"wp-block-heading\"><strong>EXPOSI\u00c7\u00d5ES INDIVIDUAIS<\/strong><\/h2>\n\n\n\n<ul class=\"wp-block-list\"><li>1965 &#8211; Rio de Janeiro RJ &#8211; Individual, na Galeria Relevo<\/li><li>1973 &#8211; Rio de Janeiro RJ &#8211; Individual, no MAM\/RJ<\/li><li>1974 &#8211; Rio de Janeiro RJ &#8211; Individual, na Bolsa de Arte<\/li><li>1976 &#8211; Rio de Janeiro RJ &#8211; Individual, no MNBA<\/li><li>1986 &#8211; Rio de Janeiro RJ &#8211; Individual, na Petite Galerie<\/li><li>1987 &#8211; S\u00e3o Paulo SP &#8211; Retrospectiva, na Galeria Paulo Figueiredo<\/li><li>1988 &#8211; Curitiba PR &#8211; Individual, na Documenta Galeria de Arte<\/li><li>1989 &#8211; Rio de Janeiro RJ &#8211; Retrospectiva, no Pa\u00e7o Imperial<\/li><li>1990 &#8211; S\u00e3o Paulo SP &#8211; Retrospectiva, no MAM\/SP<\/li><li>1998 &#8211; Vit\u00f3ria ES &#8211; Retrospectiva &#8211; Museu de Arte do Esp\u00edrito Santo<\/li><\/ul>\n\n\n\n<h2 class=\"wp-block-heading\"><strong>EXPOSI\u00c7\u00d5ES COLETIVAS<\/strong><\/h2>\n\n\n\n<ul class=\"wp-block-list\"><li>1965 &#8211; Rio de Janeiro RJ &#8211; 1\u00ba Sal\u00e3o Esso de Artistas Jovens, no MAM\/RJ<\/li><li>1965 &#8211; S\u00e3o Paulo SP &#8211; 1\u00ba Sal\u00e3o Esso de Artistas Jovens, no MAC\/USP<\/li><li>1966 &#8211; Rio de Janeiro RJ &#8211; Opini\u00e3o 66, no MAM\/RJ<\/li><li>1967 &#8211; S\u00e3o Paulo SP &#8211; 9\u00aa Bienal Internacional de S\u00e3o Paulo, na Funda\u00e7\u00e3o Bienal &#8211; Pr\u00eamio Itamarati Aquisi\u00e7\u00e3o<\/li><li>1968 &#8211; Rio de Janeiro RJ &#8211; 17\u00ba Sal\u00e3o Nacional de Arte Moderna, no MAM\/RJ &#8211; Pr\u00eamio Isen\u00e7\u00e3o de J\u00fari<\/li><li>1972 &#8211; Rio de Janeiro RJ &#8211; 1\u00ba Mostra de Serigrafia, no MMBA<\/li><li>1973 &#8211; Belo Horizonte MG &#8211; 5\u00ba Sal\u00e3o de Arte de Belo Horizonte &#8211; Pr\u00eamio Aquisi\u00e7\u00e3o<\/li><li>1977 &#8211; Rio de Janeiro RJ &#8211; Projeto Construtivo na Arte, no MAM\/RJ<\/li><li>1977 &#8211; S\u00e3o Paulo SP &#8211; Projeto Construtivo Brasileiro na Arte: 1950-1962, na Pinacoteca do Estado<\/li><li>1980 &#8211; Rio de Janeiro RJ &#8211; Mostra, na Galeria Saramenha<\/li><li>1981 &#8211; Belo Horizonte MG &#8211; Destaques Hilton de Gravura, no Pal\u00e1cio das Artes<\/li><li>1981 &#8211; Bras\u00edlia DF &#8211; Destaques Hilton de Gravura, na ECT Galeria de Arte<\/li><li>1981 &#8211; Curitiba PR &#8211; Destaques Hilton de Gravura, na Casa da Gravura Solar do Bar\u00e3o<\/li><li>1981 &#8211; Florian\u00f3polis SC &#8211; Destaques Hilton de Gravura, no Museu de Arte de Santa Catarina<\/li><li>1981 &#8211; Porto Alegre RS &#8211; Destaques Hilton de Gravura, no Margs<\/li><li>1981 &#8211; Recife PE &#8211; Destaques Hilton de Gravura, no MAM\/PE<\/li><li>1981 &#8211; Rio de Janeiro RJ &#8211; Destaques Hilton de Gravura, no MAM\/RJ<\/li><li>1981 &#8211; Salvador BA &#8211; Destaques Hilton de Gravura, no Teatro Castro Alves<\/li><li>1981 &#8211; S\u00e3o Paulo SP &#8211; Destaques Hilton de Gravura, no MAM\/SP<\/li><li>1982 &#8211; Pen\u00e1polis SP &#8211; 5\u00ba Sal\u00e3o de Artes Pl\u00e1sticas da Noroeste, na Funda\u00e7\u00e3o Educacional de Pen\u00e1polis. Faculdade de Filosofia, Ci\u00eancias e Letras de Pen\u00e1polis<\/li><li>1984 &#8211; Curitiba PR &#8211; 6\u00ba A Xilogravura na Hist\u00f3ria da Arte Brasileira, na Casa Rom\u00e1rio Martins<\/li><li>1984 &#8211; Rio de Janeiro RJ &#8211; A Xilogravura na Hist\u00f3ria da Arte Brasileira, na Funarte. Galeria S\u00e9rgio Milliet<\/li><li>1984 &#8211; Rio de Janeiro RJ &#8211; Doa\u00e7\u00f5es Recentes 82-84, no MNBA<\/li><li>1984 &#8211; Rio de Janeiro RJ &#8211; Pintura Brasileira Atuante, no Espa\u00e7o Petrobras<\/li><li>1984 &#8211; S\u00e3o Paulo SP &#8211; Tradi\u00e7\u00e3o e Ruptura: s\u00edntese de arte e cultura brasileiras, na Funda\u00e7\u00e3o Bienal de S\u00e3o Paulo<\/li><li>1986 &#8211; Rio de Janeiro RJ &#8211; 1\u00aa Mostra Christian Dior de Arte Contempor\u00e2nea: pintura, no Pa\u00e7o Imperial<\/li><li>1986 &#8211; Rio de Janeiro RJ &#8211; Sete D\u00e9cadas da Presen\u00e7a Italiana na Arte Brasileira, no Pa\u00e7o Imperial<\/li><li>1988 &#8211; Rio de Janeiro RJ &#8211; Abstra\u00e7\u00e3o Geom\u00e9trica 2, na Funarte. Centro de Artes<\/li><li>1988 &#8211; Rio de Janeiro RJ &#8211; O Eterno \u00e9 Ef\u00eamero, na Petite Galerie<\/li><li>1989 &#8211; Rio de Janeiro RJ &#8211; Geometria sem Manifesto, no Gabinete de Arte Cleide Wanderley<\/li><li>1989 &#8211; Rio de Janeiro RJ &#8211; Gravura Brasileira: 4 temas, na EAV\/Parque Lage<\/li><li>1989 &#8211; Rio de Janeiro RJ &#8211; Rio Hoje, no MAM\/RJ<\/li><li>1992 &#8211; Curitiba PR &#8211; 10\u00aa Mostra da Gravura Cidade de Curitiba\/Mostra Am\u00e9rica, no Museu da Gravura<\/li><li>1992 &#8211; Rio de Janeiro RJ &#8211; A Caminho de Niter\u00f3i: Cole\u00e7\u00e3o Jo\u00e3o Sattamini, no Pa\u00e7o Imperial<\/li><li>1992 &#8211; Rio de Janeiro RJ &#8211; Gravura de Arte no Brasil: proposta para um mapeamento, no CCBB<\/li><li>1993 &#8211; Jo\u00e3o Pessoa PB &#8211; Xilogravura: do cordel \u00e0 galeria, na Funda\u00e7\u00e3o Espa\u00e7o Cultural da Para\u00edba<\/li><li>1993 &#8211; Rio de Janeiro RJ &#8211; Emblemas do Corpo: o nu na arte moderna brasileira, no CCBB<\/li><li>1994 &#8211; S\u00e3o Paulo SP &#8211; Bienal Brasil S\u00e9culo XX, na Funda\u00e7\u00e3o Bienal<\/li><li>1994 &#8211; S\u00e3o Paulo SP &#8211; Bienal Brasil S\u00e9culo XX, na Funda\u00e7\u00e3o Bienal<\/li><li>1994 &#8211; S\u00e3o Paulo SP &#8211; Po\u00e9tica da Resist\u00eancia: aspectos da gravura brasileira, na Galeria de Arte do Sesi<\/li><li>1994 &#8211; S\u00e3o Paulo SP &#8211; Xilogravura: do cordel \u00e0 galeria, na Companhia do Metropolitano de S\u00e3o Paulo<\/li><li>1995 &#8211; Rio de Janeiro RJ &#8211; Imagem Gr\u00e1fica &#8211; Escola de Artes Visuais do Parque Lage<\/li><li>1995 &#8211; Rio de Janeiro RJ &#8211; Imagem Gr\u00e1fica &#8211; Galeria C\u00e2ndido Portinari<\/li><li>1996 &#8211; Petr\u00f3polis RJ &#8211; 1\u00ba Sal\u00e3o Sesc de Gravura. Dion\u00edsio Del Santo, no Sesc<\/li><li>1996 &#8211; Rio de Janeiro RJ &#8211; 4 mestres da gravura brasileira &#8211; Sesc Copacabana<\/li><li>1997 &#8211; Barra Mansa RJ &#8211; Tra\u00e7os Contempor\u00e2neos: homenagem a gravura brasileira, no Centro Universit\u00e1rio de Barra Mansa<\/li><li>1997 &#8211; Porto Alegre RS &#8211; Exposi\u00e7\u00e3o do Acervo da Caixa, no Conjunto Cultural da Caixa<\/li><li>1997 &#8211; Porto Alegre RS &#8211; Exposi\u00e7\u00e3o Paralela, no Museu da Caixa Econ\u00f4mica Federal<\/li><li>1997 &#8211; S\u00e3o Paulo SP &#8211; Exposi\u00e7\u00e3o do Acervo da Caixa, no Conjunto Cultural da Caixa<\/li><li>1998 &#8211; Curitiba PR &#8211; Exposi\u00e7\u00e3o do Acervo da Caixa, no Conjunto Cultural da Caixa<\/li><li>1998 &#8211; Rio de Janeiro RJ &#8211; Exposi\u00e7\u00e3o do Acervo da Caixa, no Conjunto Cultural da Caixa<\/li><li>1998 &#8211; S\u00e3o Paulo SP &#8211; Arte Construtiva no Brasil: Cole\u00e7\u00e3o Adolpho Leirner, no Museu de Arte Moderna<\/li><li>1998 &#8211; S\u00e3o Paulo SP &#8211; O Moderno e o Contempor\u00e2neo na Arte Brasileira: Cole\u00e7\u00e3o Gilberto Chateaubriand &#8211; MAM\/RJ, no Masp<\/li><li>1998 &#8211; S\u00e3o Paulo SP &#8211; O Museu de Arte Moderna de S\u00e3o Paulo &#8211; Banco Safra<\/li><li>1998 &#8211; S\u00e3o Paulo SP &#8211; Os Colecionadores &#8211; Guita e Jos\u00e9 Mindlin: matrizes e gravuras , na Galeria de Arte do Sesi<\/li><li>1999 &#8211; Rio de Janeiro RJ &#8211; Arte Construtiva no Brasil: Cole\u00e7\u00e3o Adolpho Leirner, no MAM\/RJ<\/li><\/ul>\n\n\n\n<h2 class=\"wp-block-heading\"><strong>EXPOSI\u00c7\u00d5ES P\u00d3STUMAS<\/strong><\/h2>\n\n\n\n<ul class=\"wp-block-list\"><li>1999 &#8211; Rio de Janeiro RJ &#8211; Mostra Rio Gravura. Gravura Moderna Brasileira: acervo Museu Nacional de Belas Artes, no Mnba<\/li><li>1999 &#8211; Salvador BA &#8211; 60 Anos de Arte Brasileira, no Espa\u00e7o Cultural da Caixa Econ\u00f4mica Federal<\/li><li>2002 &#8211; Rio de Janeiro RJ &#8211; Caminhos do Contempor\u00e2neo 1952-2002, no Pa\u00e7o Imperial<\/li><li>2002 &#8211; Niter\u00f3i RJ &#8211; Cole\u00e7\u00e3o Sattamini: modernos e contempor\u00e2neos, no MAC\/Niter\u00f3i<\/li><li>2002 &#8211; S\u00e3o Paulo SP &#8211; Mapa do Agora: arte brasileira recente na Cole\u00e7\u00e3o Jo\u00e3o Sattamini do Museu de Arte Contempor\u00e2nea de Niter\u00f3i, no Instituto Tomie Ohtake<\/li><li>2002 &#8211; Niter\u00f3i RJ &#8211; Acervo em Papel, no MAC\/Niter\u00f3i<\/li><li>2003 &#8211; Rio de Janeiro RJ &#8211; Tesouros da Caixa: arte moderna brasileira no acervo da Caixa, no Conjunto Cultural da Caixa<\/li><li>2008 &#8211; Vit\u00f3ria \u2013 ES \u2013 \u201cDion\u00edsio Del Santo &#8211; A Transversalidade do Concretismo\u201d &#8211; Maes \u2013 Museu de Arte do Esp\u00edrito Santo.<\/li><\/ul>","protected":false},"excerpt":{"rendered":"<p>NASCIMENTO \/ MORTE 1925 &#8211; Colatina ES &#8211; 31 de janeiro1999 &#8211; Vit\u00f3ria ES &#8211; 20 de janeiro FORMA\u00c7\u00c3O s.d. &#8211; Autodidata.1932\/1939 &#8211; Santa Teresa ES &#8211; Estuda no Semin\u00e1rio S\u00e3o Francisco de Assis. CRONOLOGIA Pintor, desenhista, gravador, ser\u00edgrafo 1946 &#8211; Rio de Janeiro RJ &#8211; Passa a viver nesta cidade 1952 &#8211; Rio de &hellip; <\/p>\n<p class=\"link-more\"><a href=\"https:\/\/galeria-ipanema.com\/en\/dionisio-del-santo\/\" class=\"more-link\">Continue reading<span class=\"screen-reader-text\"> &#8220;Dion\u00edsio del Santo&#8221;<\/span><\/a><\/p>","protected":false},"author":178370742,"featured_media":0,"parent":0,"menu_order":0,"comment_status":"closed","ping_status":"closed","template":"","meta":{"_coblocks_attr":"","_coblocks_dimensions":"","_coblocks_responsive_height":"","_coblocks_accordion_ie_support":"","_crdt_document":"","advanced_seo_description":"","jetpack_seo_html_title":"","jetpack_seo_noindex":false,"footnotes":""},"class_list":["post-1942","page","type-page","status-publish","hentry"],"jetpack_likes_enabled":false,"jetpack_sharing_enabled":false,"jetpack_shortlink":"https:\/\/wp.me\/PbBA92-vk","amp_enabled":true,"_links":{"self":[{"href":"https:\/\/galeria-ipanema.com\/en\/wp-json\/wp\/v2\/pages\/1942","targetHints":{"allow":["GET"]}}],"collection":[{"href":"https:\/\/galeria-ipanema.com\/en\/wp-json\/wp\/v2\/pages"}],"about":[{"href":"https:\/\/galeria-ipanema.com\/en\/wp-json\/wp\/v2\/types\/page"}],"author":[{"embeddable":true,"href":"https:\/\/galeria-ipanema.com\/en\/wp-json\/wp\/v2\/users\/178370742"}],"replies":[{"embeddable":true,"href":"https:\/\/galeria-ipanema.com\/en\/wp-json\/wp\/v2\/comments?post=1942"}],"version-history":[{"count":1,"href":"https:\/\/galeria-ipanema.com\/en\/wp-json\/wp\/v2\/pages\/1942\/revisions"}],"predecessor-version":[{"id":1945,"href":"https:\/\/galeria-ipanema.com\/en\/wp-json\/wp\/v2\/pages\/1942\/revisions\/1945"}],"wp:attachment":[{"href":"https:\/\/galeria-ipanema.com\/en\/wp-json\/wp\/v2\/media?parent=1942"}],"curies":[{"name":"wp","href":"https:\/\/api.w.org\/{rel}","templated":true}]}}