{"id":1868,"date":"2020-02-28T12:39:26","date_gmt":"2020-02-28T12:39:26","guid":{"rendered":"https:\/\/galeria-ipanema.com\/?page_id=1868"},"modified":"2020-02-28T12:39:26","modified_gmt":"2020-02-28T12:39:26","slug":"alejandro-lloret","status":"publish","type":"page","link":"https:\/\/galeria-ipanema.com\/en\/alejandro-lloret\/","title":{"rendered":"Alejandro Lloret"},"content":{"rendered":"<figure class=\"wp-block-image size-large is-resized\"><img data-recalc-dims=\"1\" loading=\"lazy\" decoding=\"async\" data-attachment-id=\"1869\" data-permalink=\"https:\/\/galeria-ipanema.com\/en\/alejandro-lloret\/alejandro-lloret\/\" data-orig-file=\"https:\/\/i0.wp.com\/galeria-ipanema.com\/wp-content\/uploads\/2020\/02\/alejandro-lloret.jpg?fit=585%2C462&amp;ssl=1\" data-orig-size=\"585,462\" data-comments-opened=\"1\" data-image-meta=\"{&quot;aperture&quot;:&quot;0&quot;,&quot;credit&quot;:&quot;&quot;,&quot;camera&quot;:&quot;&quot;,&quot;caption&quot;:&quot;&quot;,&quot;created_timestamp&quot;:&quot;0&quot;,&quot;copyright&quot;:&quot;&quot;,&quot;focal_length&quot;:&quot;0&quot;,&quot;iso&quot;:&quot;0&quot;,&quot;shutter_speed&quot;:&quot;0&quot;,&quot;title&quot;:&quot;&quot;,&quot;orientation&quot;:&quot;0&quot;}\" data-image-title=\"alejandro-lloret\" data-image-description=\"\" data-image-caption=\"\" data-medium-file=\"https:\/\/i0.wp.com\/galeria-ipanema.com\/wp-content\/uploads\/2020\/02\/alejandro-lloret.jpg?fit=300%2C237&amp;ssl=1\" data-large-file=\"https:\/\/i0.wp.com\/galeria-ipanema.com\/wp-content\/uploads\/2020\/02\/alejandro-lloret.jpg?fit=525%2C415&amp;ssl=1\" src=\"https:\/\/i0.wp.com\/galeria-ipanema.com\/wp-content\/uploads\/2020\/02\/alejandro-lloret.jpg?resize=454%2C359&#038;ssl=1\" alt=\"\" class=\"wp-image-1869\" width=\"454\" height=\"359\" srcset=\"https:\/\/i0.wp.com\/galeria-ipanema.com\/wp-content\/uploads\/2020\/02\/alejandro-lloret.jpg?w=585&amp;ssl=1 585w, https:\/\/i0.wp.com\/galeria-ipanema.com\/wp-content\/uploads\/2020\/02\/alejandro-lloret.jpg?resize=300%2C237&amp;ssl=1 300w\" sizes=\"auto, (max-width: 454px) 100vw, 454px\" \/><\/figure>\n\n\n\n<h2 class=\"wp-block-heading\"><strong>BIOGRAFIA<\/strong><\/h2>\n\n\n\n<p class=\"wp-block-paragraph\">Alejandro Lloret nasceu em Yaguajay, na Prov\u00edncia de Sancti Spiritus, Cuba, em 1957. Tem 55 anos. Viveu em S\u00e3o Paulo de 1993 \u00e0 2012. Desde janeiro de 2013, tem um atelier em Garopaba, em Santa Catarina. Possui a resid\u00eancia brasileira.<\/p>\n\n\n\n<p class=\"wp-block-paragraph\">Estudou na Escola Nacional de Artes de Havana, de 1973 \u00e0 1980,\u00a0especializando-se em pintura e desenho. Em 2012 come\u00e7ou a ser representado pela Galeria Almac\u00e9n e pela Galeria Ipanema.<\/p>\n\n\n\n<h2 class=\"wp-block-heading\"><strong>NASCIMENTO<\/strong><\/h2>\n\n\n\n<p class=\"wp-block-paragraph\">Yaguajay, na Prov\u00edncia de Sancti Spiritus, Cuba, em 1957.<\/p>\n\n\n\n<h2 class=\"wp-block-heading\"><strong>GALERIA<\/strong><\/h2>\n\n\n\n<figure class=\"wp-block-image size-large\"><img data-recalc-dims=\"1\" loading=\"lazy\" decoding=\"async\" width=\"525\" height=\"290\" data-attachment-id=\"1870\" data-permalink=\"https:\/\/galeria-ipanema.com\/en\/alejandro-lloret\/alej_foto_interna\/\" data-orig-file=\"https:\/\/i0.wp.com\/galeria-ipanema.com\/wp-content\/uploads\/2020\/02\/Alej_foto_interna.jpg?fit=649%2C358&amp;ssl=1\" data-orig-size=\"649,358\" data-comments-opened=\"1\" data-image-meta=\"{&quot;aperture&quot;:&quot;0&quot;,&quot;credit&quot;:&quot;&quot;,&quot;camera&quot;:&quot;&quot;,&quot;caption&quot;:&quot;&quot;,&quot;created_timestamp&quot;:&quot;0&quot;,&quot;copyright&quot;:&quot;&quot;,&quot;focal_length&quot;:&quot;0&quot;,&quot;iso&quot;:&quot;0&quot;,&quot;shutter_speed&quot;:&quot;0&quot;,&quot;title&quot;:&quot;&quot;,&quot;orientation&quot;:&quot;1&quot;}\" data-image-title=\"Alej_foto_interna\" data-image-description=\"\" data-image-caption=\"\" data-medium-file=\"https:\/\/i0.wp.com\/galeria-ipanema.com\/wp-content\/uploads\/2020\/02\/Alej_foto_interna.jpg?fit=300%2C165&amp;ssl=1\" data-large-file=\"https:\/\/i0.wp.com\/galeria-ipanema.com\/wp-content\/uploads\/2020\/02\/Alej_foto_interna.jpg?fit=525%2C290&amp;ssl=1\" src=\"https:\/\/i0.wp.com\/galeria-ipanema.com\/wp-content\/uploads\/2020\/02\/Alej_foto_interna.jpg?resize=525%2C290&#038;ssl=1\" alt=\"\" class=\"wp-image-1870\" srcset=\"https:\/\/i0.wp.com\/galeria-ipanema.com\/wp-content\/uploads\/2020\/02\/Alej_foto_interna.jpg?w=649&amp;ssl=1 649w, https:\/\/i0.wp.com\/galeria-ipanema.com\/wp-content\/uploads\/2020\/02\/Alej_foto_interna.jpg?resize=300%2C165&amp;ssl=1 300w\" sizes=\"auto, (max-width: 525px) 100vw, 525px\" \/><figcaption>Alejandro Lloret &#8211; Peque\u00f1as cosas em Rio &#8211; \u00d3leo sobre tela &#8211; 120 x 170 cm &#8211; 2012<\/figcaption><\/figure>\n\n\n\n<h2 class=\"wp-block-heading\"><strong>EXPOSI\u00c7\u00d5ES INDIVIDUAIS<\/strong><\/h2>\n\n\n\n<p class=\"wp-block-paragraph\">&nbsp;2013 \u201c Primavera negra\u201d, Galeria Almac\u00e9n G\u00e1vea, Rio de Janeiro<\/p>\n\n\n\n<p class=\"wp-block-paragraph\">&nbsp;2006&nbsp;&nbsp;&#8221; V\u00e9us de mar\u00e7o&#8221;,&nbsp;Galeria de Nader Art Gallery, em Santo Domingo.<\/p>\n\n\n\n<p class=\"wp-block-paragraph\">&nbsp;2007&nbsp; &#8221; Brasil- Cuba: Tr\u00e2nsitos Po\u00e9ticos&#8221;&nbsp;na Embaixada do Brasil em Bruxelas.<\/p>\n\n\n\n<p class=\"wp-block-paragraph\">&nbsp;2002&nbsp; &#8221; Alejandro Lloret &#8220;,&nbsp;&nbsp;na Ana Maria Mattei`s Gallery em Santiago, no Chile.<\/p>\n\n\n\n<p class=\"wp-block-paragraph\">&nbsp;1996&nbsp;&nbsp;&nbsp;&#8221; Pinturas: Alejandro Lloret &#8220;, SENAC Lapa Scipi\u00e3o, em S\u00e3o Paulo.<\/p>\n\n\n\n<h2 class=\"wp-block-heading\"><strong>EXPOSI\u00c7\u00d5ES COLETIVAS<\/strong><\/h2>\n\n\n\n<p class=\"wp-block-paragraph\">2008 &#8211; Mostra coletiva em Fenix, na Figarelli Fine Art Gallery, no Arizona.<\/p>\n\n\n\n<p class=\"wp-block-paragraph\">2006&nbsp;&#8211; &#8220;Diversidade Religiosa no Brasil&#8221;, na FAAP, em S\u00e3o Paulo e no Pal\u00e1cio do Itamaraty, em Bras\u00edlia.&nbsp;<\/p>\n\n\n\n<p class=\"wp-block-paragraph\">2002 &#8211; &#8220;Rainforest: Contemporary Paintings by International artists&#8221;,&nbsp; atrav\u00e9s da Rainforest Art Foundation: Las Vegas Art Museum, Las Vegas<\/p>\n\n\n\n<p class=\"wp-block-paragraph\">2001 &#8221; Rainforest: Contemporary Paintings by Internacional Artists&#8221;, atrav\u00e9s da &nbsp;Rainforest Art Founfation: Kaohsiung Museum of Fine Arts, Kaohsiung,&nbsp;em Taiwan&nbsp;( outubro) e Chinese Information and Culture Center, em Nova York ( novembro)<\/p>\n\n\n\n<h2 class=\"wp-block-heading\"><strong>COLE\u00c7\u00d5ES &#8211; DOA\u00c7\u00d5ES 2013<\/strong><\/h2>\n\n\n\n<p class=\"wp-block-paragraph\">&#8211; MAMAM &#8211; Museu de Arte Moderna Alo\u00edsio Magalh\u00e3es, Recife<\/p>\n\n\n\n<p class=\"wp-block-paragraph\">&#8211; MAM &#8211; Museu de Arte Moderna de Salvador<\/p>\n\n\n\n<p class=\"wp-block-paragraph\">&#8211; CAIXA ECO\u00d4MICA FEDERAL, Bras\u00edlia<\/p>\n\n\n\n<p class=\"wp-block-paragraph\">&#8211; FUNDASP &#8211; Funda\u00e7\u00e3o S\u00e3o Paulo<\/p>\n\n\n\n<p class=\"wp-block-paragraph\">&#8211; MUSEU NACIONAL, Bras\u00edlia<\/p>\n\n\n\n<p class=\"wp-block-paragraph\">&#8211; SESC Belenzinho, S\u00e3o Paulo<\/p>\n\n\n\n<p class=\"wp-block-paragraph\">&#8211; CENTRO DA CULTURA JUDAICA, S\u00e3o Paulo<\/p>\n\n\n\n<p class=\"wp-block-paragraph\">&#8211; CASA DE CULTURA LAURA ALVIN, Rio de Janeiro<\/p>\n\n\n\n<p class=\"wp-block-paragraph\">&#8211; INSTITUTO OI FUTURO, Rio de Janeiro<\/p>\n\n\n\n<p class=\"wp-block-paragraph\">&#8211; MEMORIAL DO CERRADO, Goiania<\/p>\n\n\n\n<p class=\"wp-block-paragraph\">&#8211; MUNA, Museu Universit\u00e1rio de Arte, Uberl\u00e2ndia<\/p>","protected":false},"excerpt":{"rendered":"<p>BIOGRAFIA Alejandro Lloret nasceu em Yaguajay, na Prov\u00edncia de Sancti Spiritus, Cuba, em 1957. Tem 55 anos. Viveu em S\u00e3o Paulo de 1993 \u00e0 2012. Desde janeiro de 2013, tem um atelier em Garopaba, em Santa Catarina. Possui a resid\u00eancia brasileira. Estudou na Escola Nacional de Artes de Havana, de 1973 \u00e0 1980,\u00a0especializando-se em pintura &hellip; <\/p>\n<p class=\"link-more\"><a href=\"https:\/\/galeria-ipanema.com\/en\/alejandro-lloret\/\" class=\"more-link\">Continue reading<span class=\"screen-reader-text\"> &#8220;Alejandro Lloret&#8221;<\/span><\/a><\/p>","protected":false},"author":178370742,"featured_media":0,"parent":0,"menu_order":0,"comment_status":"closed","ping_status":"closed","template":"","meta":{"_coblocks_attr":"","_coblocks_dimensions":"","_coblocks_responsive_height":"","_coblocks_accordion_ie_support":"","_crdt_document":"","advanced_seo_description":"","jetpack_seo_html_title":"","jetpack_seo_noindex":false,"jetpack_post_was_ever_published":false,"footnotes":""},"class_list":["post-1868","page","type-page","status-publish","hentry"],"jetpack_likes_enabled":false,"jetpack_sharing_enabled":false,"jetpack_shortlink":"https:\/\/wp.me\/PbBA92-u8","amp_enabled":true,"_links":{"self":[{"href":"https:\/\/galeria-ipanema.com\/en\/wp-json\/wp\/v2\/pages\/1868","targetHints":{"allow":["GET"]}}],"collection":[{"href":"https:\/\/galeria-ipanema.com\/en\/wp-json\/wp\/v2\/pages"}],"about":[{"href":"https:\/\/galeria-ipanema.com\/en\/wp-json\/wp\/v2\/types\/page"}],"author":[{"embeddable":true,"href":"https:\/\/galeria-ipanema.com\/en\/wp-json\/wp\/v2\/users\/178370742"}],"replies":[{"embeddable":true,"href":"https:\/\/galeria-ipanema.com\/en\/wp-json\/wp\/v2\/comments?post=1868"}],"version-history":[{"count":1,"href":"https:\/\/galeria-ipanema.com\/en\/wp-json\/wp\/v2\/pages\/1868\/revisions"}],"predecessor-version":[{"id":1871,"href":"https:\/\/galeria-ipanema.com\/en\/wp-json\/wp\/v2\/pages\/1868\/revisions\/1871"}],"wp:attachment":[{"href":"https:\/\/galeria-ipanema.com\/en\/wp-json\/wp\/v2\/media?parent=1868"}],"curies":[{"name":"wp","href":"https:\/\/api.w.org\/{rel}","templated":true}]}}