{"id":1849,"date":"2020-02-28T11:59:37","date_gmt":"2020-02-28T11:59:37","guid":{"rendered":"https:\/\/galeria-ipanema.com\/?page_id=1849"},"modified":"2020-02-28T12:00:01","modified_gmt":"2020-02-28T12:00:01","slug":"adriano-de-aquino","status":"publish","type":"page","link":"https:\/\/galeria-ipanema.com\/en\/adriano-de-aquino\/","title":{"rendered":"Adriano de Aquino"},"content":{"rendered":"<figure class=\"wp-block-image size-large is-resized\"><img data-recalc-dims=\"1\" loading=\"lazy\" decoding=\"async\" data-attachment-id=\"1850\" data-permalink=\"https:\/\/galeria-ipanema.com\/en\/adriano-de-aquino\/screenshot_1\/\" data-orig-file=\"https:\/\/i0.wp.com\/galeria-ipanema.com\/wp-content\/uploads\/2020\/02\/Screenshot_1.jpg?fit=298%2C254&amp;ssl=1\" data-orig-size=\"298,254\" data-comments-opened=\"1\" data-image-meta=\"{&quot;aperture&quot;:&quot;0&quot;,&quot;credit&quot;:&quot;&quot;,&quot;camera&quot;:&quot;&quot;,&quot;caption&quot;:&quot;&quot;,&quot;created_timestamp&quot;:&quot;0&quot;,&quot;copyright&quot;:&quot;&quot;,&quot;focal_length&quot;:&quot;0&quot;,&quot;iso&quot;:&quot;0&quot;,&quot;shutter_speed&quot;:&quot;0&quot;,&quot;title&quot;:&quot;&quot;,&quot;orientation&quot;:&quot;0&quot;}\" data-image-title=\"Screenshot_1\" data-image-description=\"\" data-image-caption=\"\" data-medium-file=\"https:\/\/i0.wp.com\/galeria-ipanema.com\/wp-content\/uploads\/2020\/02\/Screenshot_1.jpg?fit=298%2C254&amp;ssl=1\" data-large-file=\"https:\/\/i0.wp.com\/galeria-ipanema.com\/wp-content\/uploads\/2020\/02\/Screenshot_1.jpg?fit=298%2C254&amp;ssl=1\" src=\"https:\/\/i0.wp.com\/galeria-ipanema.com\/wp-content\/uploads\/2020\/02\/Screenshot_1.jpg?resize=305%2C260&#038;ssl=1\" alt=\"\" class=\"wp-image-1850\" width=\"305\" height=\"260\"\/><\/figure>\n\n\n\n<h2 class=\"wp-block-heading\"><strong>BIOGRAFIA<\/strong><\/h2>\n\n\n\n<p class=\"wp-block-paragraph\">Adriano de Aquino (Belo Horizonte MG 1946). Pintor, videomaker. Desde 1949, reside no Rio de Janeiro. Inicia-se como autodidata em pintura, em 1961. Entre 1963 e 1964, freq\u00fcenta o ateli\u00ea de gravura da Escola Nacional de Belas Artes &#8211; Enba, como aluno livre. Recebe bolsa de estudo do governo franc\u00eas, por sua participa\u00e7\u00e3o na mostra 12 Desenhistas do Rio, e viaja para Paris, onde permanece entre 1973 e 1976. Retornando ao Brasil, participa, entre outras, da exposi\u00e7\u00e3o Geometria Sens\u00edvel, realizada no Museu de Arte Moderna do Rio de Janeiro &#8211; MAM\/RJ, em 1978. Posteriormente, ocupa os cargos de coordenador de artes visuais da Funda\u00e7\u00e3o de Arte do Estado do Rio de Janeiro &#8211; Funarj, entre 1982 e 1986; de superintendente dos museus da Secretaria de Estado da Cultura do Rio de Janeiro, entre 1990 e 1994; e de secret\u00e1rio de Estado da Cultura do Rio de Janeiro, entre 1999 e 2001.<\/p>\n\n\n\n<h2 class=\"wp-block-heading\"><strong>NASCIMENTO<\/strong><\/h2>\n\n\n\n<p class=\"wp-block-paragraph\">1946 &#8211; Belo Horizonte MG &#8211; 5 de dezembro<\/p>\n\n\n\n<h2 class=\"wp-block-heading\"><strong>FORMA\u00c7\u00c3O<\/strong><\/h2>\n\n\n\n<p class=\"wp-block-paragraph\">1963\/1964 &#8211; Rio de Janeiro RJ &#8211; Freq\u00fcenta o ateli\u00ea de gravura da Escola Nacional de Belas Artes &#8211; Enba como aluno livre.<\/p>\n\n\n\n<p class=\"wp-block-paragraph\">1973\/1976 &#8211; Paris (Fran\u00e7a) &#8211; Permanece nessa cidade com bolsa de estudo concedida pelo governo franc\u00eas.<\/p>\n\n\n\n<figure class=\"wp-block-image size-large\"><img data-recalc-dims=\"1\" loading=\"lazy\" decoding=\"async\" width=\"525\" height=\"248\" data-attachment-id=\"1851\" data-permalink=\"https:\/\/galeria-ipanema.com\/en\/adriano-de-aquino\/adrianodeaquino-1\/\" data-orig-file=\"https:\/\/i0.wp.com\/galeria-ipanema.com\/wp-content\/uploads\/2020\/02\/adrianodeaquino-1.jpg?fit=745%2C352&amp;ssl=1\" data-orig-size=\"745,352\" data-comments-opened=\"1\" data-image-meta=\"{&quot;aperture&quot;:&quot;0&quot;,&quot;credit&quot;:&quot;&quot;,&quot;camera&quot;:&quot;&quot;,&quot;caption&quot;:&quot;&quot;,&quot;created_timestamp&quot;:&quot;0&quot;,&quot;copyright&quot;:&quot;&quot;,&quot;focal_length&quot;:&quot;0&quot;,&quot;iso&quot;:&quot;0&quot;,&quot;shutter_speed&quot;:&quot;0&quot;,&quot;title&quot;:&quot;&quot;,&quot;orientation&quot;:&quot;0&quot;}\" data-image-title=\"adrianodeaquino-1\" data-image-description=\"\" data-image-caption=\"\" data-medium-file=\"https:\/\/i0.wp.com\/galeria-ipanema.com\/wp-content\/uploads\/2020\/02\/adrianodeaquino-1.jpg?fit=300%2C142&amp;ssl=1\" data-large-file=\"https:\/\/i0.wp.com\/galeria-ipanema.com\/wp-content\/uploads\/2020\/02\/adrianodeaquino-1.jpg?fit=525%2C248&amp;ssl=1\" src=\"https:\/\/i0.wp.com\/galeria-ipanema.com\/wp-content\/uploads\/2020\/02\/adrianodeaquino-1.jpg?resize=525%2C248&#038;ssl=1\" alt=\"\" class=\"wp-image-1851\" srcset=\"https:\/\/i0.wp.com\/galeria-ipanema.com\/wp-content\/uploads\/2020\/02\/adrianodeaquino-1.jpg?w=745&amp;ssl=1 745w, https:\/\/i0.wp.com\/galeria-ipanema.com\/wp-content\/uploads\/2020\/02\/adrianodeaquino-1.jpg?resize=300%2C142&amp;ssl=1 300w\" sizes=\"auto, (max-width: 706px) 89vw, (max-width: 767px) 82vw, 740px\" \/><figcaption>Adriano de Aquino &#8211; Sem T\u00edtulo (D\u00edptico) &#8211; Acr\u00edlico sobre tela &#8211; 90 x 220 cm &#8211; 1989<br><\/figcaption><\/figure>\n\n\n\n<h2 class=\"wp-block-heading\"><strong>CRONOLOGIA<\/strong><\/h2>\n\n\n\n<p class=\"wp-block-paragraph\">Pintor, videomaker.<\/p>\n\n\n\n<ul class=\"wp-block-list\"><li>1949 &#8211; Rio de Janeiro RJ &#8211; Muda-se para essa cidade<\/li><li>1982\/1986 &#8211; Rio de Janeiro RJ &#8211; \u00c9 coordenador de artes visuais da Funda\u00e7\u00e3o de Artes do Estado do Rio de Janeiro &#8211; Funarj<\/li><li>1990\/1994 &#8211; Rio de Janeiro RJ &#8211; \u00c9 superintendente dos museus da Secretaria de Estado da Cultura<\/li><li>1999\/2001 &#8211; Rio de Janeiro RJ &#8211; \u00c9 secret\u00e1rio de Estado da Cultura<\/li><li>2002 &#8211; Rio de Janeiro RJ &#8211; \u00c9 presidente do Conselho de Rela\u00e7\u00f5es Internacionais do Governo do Estado<\/li><\/ul>\n\n\n\n<h2 class=\"wp-block-heading\"><strong>EXPOSI\u00c7\u00d5ES INDIVIDUAIS<\/strong><\/h2>\n\n\n\n<p class=\"wp-block-paragraph\">Rio de Janeiro RJ &#8211; Individual, na Petite Galerie<\/p>\n\n\n\n<ul class=\"wp-block-list\"><li>1977 &#8211; Rio de Janeiro RJ &#8211; Individual, na Petite Galerie<\/li><li>1978 &#8211; Boston (Estados Unidos) &#8211; Individual, na Obelisk Galerie<\/li><li>1979 &#8211; Rio de Janeiro RJ &#8211; Individual, na Petite Galerie<\/li><li>1982 &#8211; Rio de Janeiro RJ &#8211; Individual, na Petite Galerie<\/li><li>1982 &#8211; Rio de Janeiro RJ &#8211; Individual, no MAM\/RJ<\/li><li>1982 &#8211; Rio de Janeiro RJ &#8211; Individual, na Galeria Paulo Klabin<\/li><li>1984 &#8211; Rio de Janeiro RJ &#8211; Individual, no MAM\/RJ<\/li><li>1984 &#8211; Rio de Janeiro RJ &#8211; Individual, na Galeria Arte-Espa\u00e7o<\/li><li>1986 &#8211; Rio de Janeiro RJ &#8211; Individual, na Galeria Saramenha&#8217;<\/li><li>1988 &#8211; Rio de Janeiro RJ &#8211; Adriano de Aquino: S\u00e9rie Negra, na Montesanti Galeria<\/li><li>1988 &#8211; S\u00e3o Paulo SP &#8211; Adriano de Aquino: S\u00e9rie Negra, na Montesanti Galeria<\/li><li>1990 &#8211; Rio de Janeiro RJ &#8211; Seis Vezes Seis, Vermelho, na Galeria 110 Arte Contempor\u00e2nea<\/li><li>1992 &#8211; Rio de Janeiro RJ &#8211; Adriano de Aquino: pinturas recentes, no CCBB<\/li><li>1995 &#8211; Rio de Janeiro RJ &#8211; Pinturas Recentes, na Casa Fran\u00e7a-Brasil<\/li><li>1996 &#8211; S\u00e3o Paulo SP &#8211; Adriano de Aquino: Pinturas, na Valu Oria Galeria de Arte<\/li><li>1997 &#8211; Rio de Janeiro RJ &#8211; Pinturas de Adriano de Aquino, na Galeria GB Arte<\/li><li>1998 &#8211; Rio de Janeiro RJ &#8211; Imagens Legendadas, na Galeria Paulo Fernandes<\/li><li>1999 &#8211; Rio de Janeiro RJ &#8211; Individual, no Pal\u00e1cio Gustavo Capanema<\/li><\/ul>\n\n\n\n<h2 class=\"wp-block-heading\"><strong>EXPOSI\u00c7\u00d5ES COLETIVAS<\/strong><\/h2>\n\n\n\n<ul class=\"wp-block-list\"><li>1965 &#8211; Rio de Janeiro RJ &#8211; 1\u00ba Sal\u00e3o Esso de Artistas Jovens, no MAM\/RJ<\/li><li>1965 &#8211; Rio de Janeiro RJ &#8211; Opini\u00e3o 65, no MAM\/RJ<\/li><li>1965 &#8211; S\u00e3o Paulo SP &#8211; 1\u00ba Sal\u00e3o Esso de Artistas Jovens, no MAC\/USP<\/li><li>1965 &#8211; S\u00e3o Paulo SP &#8211; Propostas 65, na Faap<\/li><li>1966 &#8211; Belo Horizonte MG &#8211; Vanguarda Brasileira, na UFMG<\/li><li>1969 &#8211; Rio de Janeiro RJ &#8211; Sal\u00e3o da B\u00fassola, no MAM\/RJ<\/li><li>1973 &#8211; Rio de Janeiro RJ &#8211; 12 Desenhistas do Rio, na Galeria Maison de France<\/li><li>1975 &#8211; Ardeche (Fran\u00e7a) &#8211; Arte Contempor\u00e2nea das Am\u00e9ricas<\/li><li>1977 &#8211; Madri (Espanha) &#8211; Arte Actual en Ibero America<\/li><li>1977 &#8211; Rio de Janeiro RJ &#8211; Identification of Artist &#8211; a book, na EAV\/Parque Lage<\/li><li>1978 &#8211; Rio de Janeiro RJ &#8211; 3\u00ba Arte Agora: Am\u00e9rica Latina, geometria sens\u00edvel, no MAM\/RJ<\/li><li>1980 &#8211; Buenos Aires (Argentina) &#8211; Panorama da Nova Pintura Latino-Americana<\/li><li>1980 &#8211; Rio de Janeiro RJ &#8211; Outra Pintura, na Livraria Noa Noa<\/li><li>1982 &#8211; Lisboa (Portugal) &#8211; Brasil 60 Anos de Arte Moderna: Cole\u00e7\u00e3o Gilberto Chateaubriand, no Centro de Arte Moderna Jos\u00e9 de Azeredo Perdig\u00e3o<\/li><li>1982 &#8211; Londres (Inglaterra) &#8211; Brasil 60 Anos de Arte Moderna: Cole\u00e7\u00e3o Gilberto Chateaubriand, na Barbican Art Gallery<\/li><li>1982 &#8211; Rio de Janeiro RJ &#8211; 5\u00ba Sal\u00e3o Nacional de Artes Pl\u00e1sticas, no MAM\/RJ<\/li><li>1983 &#8211; Rio de Janeiro RJ &#8211; 3 x 4 Grandes Formatos, na Galeria do Centro Empresarial Rio<\/li><li>1983 &#8211; Rio de Janeiro RJ &#8211; \u00c0 Flor da Pele: pintura e prazer, na Galeria do Centro Empresarial Rio<\/li><li>1984 &#8211; Rio de Janeiro RJ &#8211; Viva a Pintura, na Petite Galerie<\/li><li>1984 &#8211; S\u00e3o Paulo SP &#8211; Cole\u00e7\u00e3o Gilberto Chateaubriand: retrato e auto-retrato da arte brasileira, no MAM\/SP<\/li><li>1985 &#8211; Rio de Janeiro RJ &#8211; Arte Constru\u00e7\u00e3o: 21 artistas contempor\u00e2neos, na Galeria do Centro Empresarial Rio<\/li><li>1985 &#8211; Rio de Janeiro RJ &#8211; Encontros, na Petite Galerie<\/li><li>1985 &#8211; Rio de Janeiro RJ &#8211; Opini\u00e3o 65, na Galeria de Arte Banerj<\/li><li>1986 &#8211; Niter\u00f3i RJ &#8211; A Ordem em Quest\u00e3o, na Galeria de Artes UFF<\/li><li>1986 &#8211; Rio de Janeiro RJ &#8211; Territ\u00f3rio Ocupado, na EAV\/Parque Lage<\/li><li>1987 &#8211; Rio de Janeiro RJ &#8211; 11\u00ba Sal\u00e3o Carioca de Arte, na Esta\u00e7\u00e3o Carioca do Metr\u00f4<\/li><li>1987 &#8211; S\u00e3o Paulo SP &#8211; 19\u00aa Bienal Internacional de S\u00e3o Paulo, na Funda\u00e7\u00e3o Bienal<\/li><li>1989 &#8211; Rio de Janeiro RJ &#8211; Rio Hoje, no MAM\/RJ<\/li><li>1990 &#8211; S\u00e3o Paulo SP &#8211; Figurativismo\/Abstracionismo: o vermelho na pintura brasileira, na Itaugaleria<\/li><li>1992 &#8211; S\u00e3o Paulo SP &#8211; Anos 60\/70: Cole\u00e7\u00e3o Gilberto Chateubriand\/Museu de Arte Moderna &#8211; RJ, na Galeria de Arte do Sesi<\/li><li>1994 &#8211; S\u00e3o Paulo SP &#8211; Bienal Brasil S\u00e9culo XX, na Funda\u00e7\u00e3o Bienal<\/li><li>1995 &#8211; Rio de Janeiro RJ &#8211; Opini\u00e3o 65: 30 anos, no CCBB<\/li><li>1998 &#8211; Niter\u00f3i RJ &#8211; Espelho da Bienal, no MAC\/Niter\u00f3i<\/li><li>1998 &#8211; S\u00e3o Paulo SP &#8211; O Moderno e o Contempor\u00e2neo na Arte Brasileira: Cole\u00e7\u00e3o Gilberto Chateaubriand &#8211; MAM\/RJ, no Masp<\/li><li>1999 &#8211; Rio de Janeiro RJ &#8211; Adriano de Aquino e Mauro Kleiman, na Funarte<\/li><li>2002 &#8211; Niter\u00f3i RJ &#8211; A Recente Cole\u00e7\u00e3o do MAC, no MAC\/Niter\u00f3i<\/li><\/ul>\n\n\n\n<p class=\"wp-block-paragraph\"><\/p>","protected":false},"excerpt":{"rendered":"<p>BIOGRAFIA Adriano de Aquino (Belo Horizonte MG 1946). Pintor, videomaker. Desde 1949, reside no Rio de Janeiro. Inicia-se como autodidata em pintura, em 1961. Entre 1963 e 1964, freq\u00fcenta o ateli\u00ea de gravura da Escola Nacional de Belas Artes &#8211; Enba, como aluno livre. Recebe bolsa de estudo do governo franc\u00eas, por sua participa\u00e7\u00e3o na &hellip; <\/p>\n<p class=\"link-more\"><a href=\"https:\/\/galeria-ipanema.com\/en\/adriano-de-aquino\/\" class=\"more-link\">Continue reading<span class=\"screen-reader-text\"> &#8220;Adriano de Aquino&#8221;<\/span><\/a><\/p>","protected":false},"author":178370742,"featured_media":0,"parent":0,"menu_order":0,"comment_status":"closed","ping_status":"closed","template":"","meta":{"_coblocks_attr":"","_coblocks_dimensions":"","_coblocks_responsive_height":"","_coblocks_accordion_ie_support":"","_crdt_document":"","advanced_seo_description":"","jetpack_seo_html_title":"","jetpack_seo_noindex":false,"jetpack_post_was_ever_published":false,"footnotes":""},"class_list":["post-1849","page","type-page","status-publish","hentry"],"jetpack_likes_enabled":false,"jetpack_sharing_enabled":false,"jetpack_shortlink":"https:\/\/wp.me\/PbBA92-tP","amp_enabled":true,"_links":{"self":[{"href":"https:\/\/galeria-ipanema.com\/en\/wp-json\/wp\/v2\/pages\/1849","targetHints":{"allow":["GET"]}}],"collection":[{"href":"https:\/\/galeria-ipanema.com\/en\/wp-json\/wp\/v2\/pages"}],"about":[{"href":"https:\/\/galeria-ipanema.com\/en\/wp-json\/wp\/v2\/types\/page"}],"author":[{"embeddable":true,"href":"https:\/\/galeria-ipanema.com\/en\/wp-json\/wp\/v2\/users\/178370742"}],"replies":[{"embeddable":true,"href":"https:\/\/galeria-ipanema.com\/en\/wp-json\/wp\/v2\/comments?post=1849"}],"version-history":[{"count":1,"href":"https:\/\/galeria-ipanema.com\/en\/wp-json\/wp\/v2\/pages\/1849\/revisions"}],"predecessor-version":[{"id":1852,"href":"https:\/\/galeria-ipanema.com\/en\/wp-json\/wp\/v2\/pages\/1849\/revisions\/1852"}],"wp:attachment":[{"href":"https:\/\/galeria-ipanema.com\/en\/wp-json\/wp\/v2\/media?parent=1849"}],"curies":[{"name":"wp","href":"https:\/\/api.w.org\/{rel}","templated":true}]}}