{"id":1417,"date":"2020-02-09T20:00:46","date_gmt":"2020-02-09T20:00:46","guid":{"rendered":"https:\/\/galeria-ipanema.com\/?page_id=1417"},"modified":"2022-09-14T15:58:21","modified_gmt":"2022-09-14T15:58:21","slug":"abelardo-zaluar","status":"publish","type":"page","link":"https:\/\/galeria-ipanema.com\/en\/abelardo-zaluar\/","title":{"rendered":"ABELARDO ZALUAR"},"content":{"rendered":"<figure class=\"wp-block-image size-large is-resized\"><img data-recalc-dims=\"1\" loading=\"lazy\" decoding=\"async\" data-attachment-id=\"1425\" data-permalink=\"https:\/\/galeria-ipanema.com\/en\/abelardo-zaluar\/alberto-zaluar\/\" data-orig-file=\"https:\/\/i0.wp.com\/galeria-ipanema.com\/wp-content\/uploads\/2020\/02\/alberto-zaluar.jpg?fit=340%2C290&amp;ssl=1\" data-orig-size=\"340,290\" data-comments-opened=\"1\" data-image-meta=\"{&quot;aperture&quot;:&quot;0&quot;,&quot;credit&quot;:&quot;&quot;,&quot;camera&quot;:&quot;&quot;,&quot;caption&quot;:&quot;&quot;,&quot;created_timestamp&quot;:&quot;0&quot;,&quot;copyright&quot;:&quot;&quot;,&quot;focal_length&quot;:&quot;0&quot;,&quot;iso&quot;:&quot;0&quot;,&quot;shutter_speed&quot;:&quot;0&quot;,&quot;title&quot;:&quot;&quot;,&quot;orientation&quot;:&quot;0&quot;}\" data-image-title=\"alberto-zaluar\" data-image-description=\"\" data-image-caption=\"\" data-large-file=\"https:\/\/i0.wp.com\/galeria-ipanema.com\/wp-content\/uploads\/2020\/02\/alberto-zaluar.jpg?fit=340%2C290&amp;ssl=1\" src=\"https:\/\/i0.wp.com\/galeria-ipanema.com\/wp-content\/uploads\/2020\/02\/alberto-zaluar.jpg?resize=381%2C325&#038;ssl=1\" alt=\"\" class=\"wp-image-1425\" width=\"381\" height=\"325\" srcset=\"https:\/\/i0.wp.com\/galeria-ipanema.com\/wp-content\/uploads\/2020\/02\/alberto-zaluar.jpg?w=340&amp;ssl=1 340w, https:\/\/i0.wp.com\/galeria-ipanema.com\/wp-content\/uploads\/2020\/02\/alberto-zaluar.jpg?resize=300%2C256&amp;ssl=1 300w\" sizes=\"auto, (max-width: 381px) 100vw, 381px\" \/><\/figure>\n\n\n\n<h2 class=\"wp-block-heading\"><strong>BIOGRAFIA<\/strong><\/h2>\n\n\n\n<p class=\"wp-block-paragraph\">Abelardo Zaluar (Niter\u00f3i RJ 1924 &#8211; Rio de Janeiro RJ 1987). Pintor, desenhista, gravador, professor. Freq\u00fcenta a Escola Nacional de Belas Artes &#8211; Enba, no Rio de Janeiro, entre 1944 e 1948. Em paralelo, funda com outros artistas a Escolinha de Arte do Brasil, onde tamb\u00e9m exerce o cargo de diretor-t\u00e9cnico em 1948. Por volta de 1984, torna-se professor em\u00e9rito da Universidade Federal do Rio de Janeiro &#8211; UFRJ.<\/p>\n\n\n\n<h2 class=\"wp-block-heading\"><strong>NASCIMENTO \/ MORTE<\/strong><\/h2>\n\n\n\n<p class=\"wp-block-paragraph\">1924 &#8211; Niter\u00f3i RJ &#8211; 21 de mar\u00e7o<br>1987 &#8211; Rio de Janeiro RJ &#8211; dezembro<\/p>\n\n\n\n<h2 class=\"wp-block-heading\"><strong>GALERIA<\/strong><\/h2>\n\n\n\n<div class=\"wp-block-jetpack-slideshow aligncenter\" data-effect=\"slide\"><div class=\"wp-block-jetpack-slideshow_container swiper-container\"><ul class=\"wp-block-jetpack-slideshow_swiper-wrapper swiper-wrapper\"><li class=\"wp-block-jetpack-slideshow_slide swiper-slide\"><figure><img data-recalc-dims=\"1\" loading=\"lazy\" decoding=\"async\" width=\"525\" height=\"248\" alt=\"\" class=\"wp-block-jetpack-slideshow_image wp-image-1419\" data-id=\"1419\" src=\"https:\/\/i0.wp.com\/galeria-ipanema.com\/wp-content\/uploads\/2020\/02\/260520101045315.jpg?resize=525%2C248&#038;ssl=1\" srcset=\"https:\/\/i0.wp.com\/galeria-ipanema.com\/wp-content\/uploads\/2020\/02\/260520101045315.jpg?w=745&amp;ssl=1 745w, https:\/\/i0.wp.com\/galeria-ipanema.com\/wp-content\/uploads\/2020\/02\/260520101045315.jpg?resize=300%2C142&amp;ssl=1 300w\" sizes=\"(max-width: 706px) 89vw, (max-width: 767px) 82vw, 740px\" \/><\/figure><\/li><li class=\"wp-block-jetpack-slideshow_slide swiper-slide\"><figure><img data-recalc-dims=\"1\" loading=\"lazy\" decoding=\"async\" width=\"525\" height=\"248\" alt=\"\" class=\"wp-block-jetpack-slideshow_image wp-image-1420\" data-id=\"1420\" src=\"https:\/\/i0.wp.com\/galeria-ipanema.com\/wp-content\/uploads\/2020\/02\/260520101046222.jpg?resize=525%2C248&#038;ssl=1\" srcset=\"https:\/\/i0.wp.com\/galeria-ipanema.com\/wp-content\/uploads\/2020\/02\/260520101046222.jpg?w=745&amp;ssl=1 745w, https:\/\/i0.wp.com\/galeria-ipanema.com\/wp-content\/uploads\/2020\/02\/260520101046222.jpg?resize=300%2C142&amp;ssl=1 300w\" sizes=\"(max-width: 706px) 89vw, (max-width: 767px) 82vw, 740px\" \/><\/figure><\/li><li class=\"wp-block-jetpack-slideshow_slide swiper-slide\"><figure><img data-recalc-dims=\"1\" loading=\"lazy\" decoding=\"async\" width=\"525\" height=\"248\" alt=\"\" class=\"wp-block-jetpack-slideshow_image wp-image-1421\" data-id=\"1421\" src=\"https:\/\/i0.wp.com\/galeria-ipanema.com\/wp-content\/uploads\/2020\/02\/abelardozaluar-2.jpg?resize=525%2C248&#038;ssl=1\" srcset=\"https:\/\/i0.wp.com\/galeria-ipanema.com\/wp-content\/uploads\/2020\/02\/abelardozaluar-2.jpg?w=745&amp;ssl=1 745w, https:\/\/i0.wp.com\/galeria-ipanema.com\/wp-content\/uploads\/2020\/02\/abelardozaluar-2.jpg?resize=300%2C142&amp;ssl=1 300w\" sizes=\"(max-width: 706px) 89vw, (max-width: 767px) 82vw, 740px\" \/><\/figure><\/li><li class=\"wp-block-jetpack-slideshow_slide swiper-slide\"><figure><img data-recalc-dims=\"1\" loading=\"lazy\" decoding=\"async\" width=\"525\" height=\"248\" alt=\"\" class=\"wp-block-jetpack-slideshow_image wp-image-1422\" data-id=\"1422\" src=\"https:\/\/i0.wp.com\/galeria-ipanema.com\/wp-content\/uploads\/2020\/02\/abelardozaluar-4.jpg?resize=525%2C248&#038;ssl=1\" srcset=\"https:\/\/i0.wp.com\/galeria-ipanema.com\/wp-content\/uploads\/2020\/02\/abelardozaluar-4.jpg?w=745&amp;ssl=1 745w, https:\/\/i0.wp.com\/galeria-ipanema.com\/wp-content\/uploads\/2020\/02\/abelardozaluar-4.jpg?resize=300%2C142&amp;ssl=1 300w\" sizes=\"(max-width: 706px) 89vw, (max-width: 767px) 82vw, 740px\" \/><\/figure><\/li><li class=\"wp-block-jetpack-slideshow_slide swiper-slide\"><figure><img data-recalc-dims=\"1\" loading=\"lazy\" decoding=\"async\" width=\"525\" height=\"248\" alt=\"\" class=\"wp-block-jetpack-slideshow_image wp-image-1423\" data-id=\"1423\" src=\"https:\/\/i0.wp.com\/galeria-ipanema.com\/wp-content\/uploads\/2020\/02\/abelardozaluar-5.jpg?resize=525%2C248&#038;ssl=1\" srcset=\"https:\/\/i0.wp.com\/galeria-ipanema.com\/wp-content\/uploads\/2020\/02\/abelardozaluar-5.jpg?w=745&amp;ssl=1 745w, https:\/\/i0.wp.com\/galeria-ipanema.com\/wp-content\/uploads\/2020\/02\/abelardozaluar-5.jpg?resize=300%2C142&amp;ssl=1 300w\" sizes=\"(max-width: 706px) 89vw, (max-width: 767px) 82vw, 740px\" \/><\/figure><\/li><li class=\"wp-block-jetpack-slideshow_slide swiper-slide\"><figure><img data-recalc-dims=\"1\" loading=\"lazy\" decoding=\"async\" width=\"525\" height=\"520\" alt=\"\" class=\"wp-block-jetpack-slideshow_image wp-image-4634\" data-id=\"4634\" src=\"https:\/\/i0.wp.com\/galeria-ipanema.com\/wp-content\/uploads\/2022\/09\/Zaluar-Abelardo-Formas-Pendentes-Vinil-sobre-tela-50-x-50-cm-1979.jpg?resize=525%2C520&#038;ssl=1\" srcset=\"https:\/\/i0.wp.com\/galeria-ipanema.com\/wp-content\/uploads\/2022\/09\/Zaluar-Abelardo-Formas-Pendentes-Vinil-sobre-tela-50-x-50-cm-1979.jpg?w=1134&amp;ssl=1 1134w, https:\/\/i0.wp.com\/galeria-ipanema.com\/wp-content\/uploads\/2022\/09\/Zaluar-Abelardo-Formas-Pendentes-Vinil-sobre-tela-50-x-50-cm-1979.jpg?resize=300%2C297&amp;ssl=1 300w, https:\/\/i0.wp.com\/galeria-ipanema.com\/wp-content\/uploads\/2022\/09\/Zaluar-Abelardo-Formas-Pendentes-Vinil-sobre-tela-50-x-50-cm-1979.jpg?resize=1024%2C1014&amp;ssl=1 1024w, https:\/\/i0.wp.com\/galeria-ipanema.com\/wp-content\/uploads\/2022\/09\/Zaluar-Abelardo-Formas-Pendentes-Vinil-sobre-tela-50-x-50-cm-1979.jpg?resize=150%2C150&amp;ssl=1 150w, https:\/\/i0.wp.com\/galeria-ipanema.com\/wp-content\/uploads\/2022\/09\/Zaluar-Abelardo-Formas-Pendentes-Vinil-sobre-tela-50-x-50-cm-1979.jpg?resize=768%2C761&amp;ssl=1 768w, https:\/\/i0.wp.com\/galeria-ipanema.com\/wp-content\/uploads\/2022\/09\/Zaluar-Abelardo-Formas-Pendentes-Vinil-sobre-tela-50-x-50-cm-1979.jpg?resize=12%2C12&amp;ssl=1 12w, https:\/\/i0.wp.com\/galeria-ipanema.com\/wp-content\/uploads\/2022\/09\/Zaluar-Abelardo-Formas-Pendentes-Vinil-sobre-tela-50-x-50-cm-1979.jpg?resize=100%2C100&amp;ssl=1 100w\" sizes=\"(max-width: 706px) 89vw, (max-width: 767px) 82vw, 740px\" \/><\/figure><\/li><li class=\"wp-block-jetpack-slideshow_slide swiper-slide\"><figure><img data-recalc-dims=\"1\" loading=\"lazy\" decoding=\"async\" width=\"353\" height=\"356\" alt=\"\" class=\"wp-block-jetpack-slideshow_image wp-image-4635\" data-id=\"4635\" src=\"https:\/\/i0.wp.com\/galeria-ipanema.com\/wp-content\/uploads\/2022\/09\/Zaluar-Abelardo-Leve-Vinil-sobre-tela-120-x-120-cm-1979.jpg?resize=353%2C356&#038;ssl=1\" srcset=\"https:\/\/i0.wp.com\/galeria-ipanema.com\/wp-content\/uploads\/2022\/09\/Zaluar-Abelardo-Leve-Vinil-sobre-tela-120-x-120-cm-1979.jpg?w=353&amp;ssl=1 353w, https:\/\/i0.wp.com\/galeria-ipanema.com\/wp-content\/uploads\/2022\/09\/Zaluar-Abelardo-Leve-Vinil-sobre-tela-120-x-120-cm-1979.jpg?resize=297%2C300&amp;ssl=1 297w, https:\/\/i0.wp.com\/galeria-ipanema.com\/wp-content\/uploads\/2022\/09\/Zaluar-Abelardo-Leve-Vinil-sobre-tela-120-x-120-cm-1979.jpg?resize=150%2C150&amp;ssl=1 150w, https:\/\/i0.wp.com\/galeria-ipanema.com\/wp-content\/uploads\/2022\/09\/Zaluar-Abelardo-Leve-Vinil-sobre-tela-120-x-120-cm-1979.jpg?resize=12%2C12&amp;ssl=1 12w, https:\/\/i0.wp.com\/galeria-ipanema.com\/wp-content\/uploads\/2022\/09\/Zaluar-Abelardo-Leve-Vinil-sobre-tela-120-x-120-cm-1979.jpg?resize=100%2C100&amp;ssl=1 100w\" sizes=\"(max-width: 353px) 100vw, 353px\" \/><\/figure><\/li><li class=\"wp-block-jetpack-slideshow_slide swiper-slide\"><figure><img data-recalc-dims=\"1\" loading=\"lazy\" decoding=\"async\" width=\"525\" height=\"530\" alt=\"\" class=\"wp-block-jetpack-slideshow_image wp-image-4636\" data-id=\"4636\" src=\"https:\/\/i0.wp.com\/galeria-ipanema.com\/wp-content\/uploads\/2022\/09\/Zaluar-Abelardo-Permutas-Vinil-sobre-tela-70-x-70-cm-1985.jpg?resize=525%2C530&#038;ssl=1\" srcset=\"https:\/\/i0.wp.com\/galeria-ipanema.com\/wp-content\/uploads\/2022\/09\/Zaluar-Abelardo-Permutas-Vinil-sobre-tela-70-x-70-cm-1985.jpg?w=1124&amp;ssl=1 1124w, https:\/\/i0.wp.com\/galeria-ipanema.com\/wp-content\/uploads\/2022\/09\/Zaluar-Abelardo-Permutas-Vinil-sobre-tela-70-x-70-cm-1985.jpg?resize=297%2C300&amp;ssl=1 297w, https:\/\/i0.wp.com\/galeria-ipanema.com\/wp-content\/uploads\/2022\/09\/Zaluar-Abelardo-Permutas-Vinil-sobre-tela-70-x-70-cm-1985.jpg?resize=1015%2C1024&amp;ssl=1 1015w, https:\/\/i0.wp.com\/galeria-ipanema.com\/wp-content\/uploads\/2022\/09\/Zaluar-Abelardo-Permutas-Vinil-sobre-tela-70-x-70-cm-1985.jpg?resize=150%2C150&amp;ssl=1 150w, https:\/\/i0.wp.com\/galeria-ipanema.com\/wp-content\/uploads\/2022\/09\/Zaluar-Abelardo-Permutas-Vinil-sobre-tela-70-x-70-cm-1985.jpg?resize=768%2C775&amp;ssl=1 768w, https:\/\/i0.wp.com\/galeria-ipanema.com\/wp-content\/uploads\/2022\/09\/Zaluar-Abelardo-Permutas-Vinil-sobre-tela-70-x-70-cm-1985.jpg?resize=12%2C12&amp;ssl=1 12w, https:\/\/i0.wp.com\/galeria-ipanema.com\/wp-content\/uploads\/2022\/09\/Zaluar-Abelardo-Permutas-Vinil-sobre-tela-70-x-70-cm-1985.jpg?resize=100%2C100&amp;ssl=1 100w\" sizes=\"(max-width: 706px) 89vw, (max-width: 767px) 82vw, 740px\" \/><\/figure><\/li><li class=\"wp-block-jetpack-slideshow_slide swiper-slide\"><figure><img data-recalc-dims=\"1\" loading=\"lazy\" decoding=\"async\" width=\"525\" height=\"538\" alt=\"\" class=\"wp-block-jetpack-slideshow_image wp-image-4638\" data-id=\"4638\" src=\"https:\/\/i0.wp.com\/galeria-ipanema.com\/wp-content\/uploads\/2022\/09\/Zaluar-Abelardo-Tracos-Triangular-Vinil-sobre-tela-35-x-35-cm-Decada-80.jpg?resize=525%2C538&#038;ssl=1\" srcset=\"https:\/\/i0.wp.com\/galeria-ipanema.com\/wp-content\/uploads\/2022\/09\/Zaluar-Abelardo-Tracos-Triangular-Vinil-sobre-tela-35-x-35-cm-Decada-80.jpg?w=553&amp;ssl=1 553w, https:\/\/i0.wp.com\/galeria-ipanema.com\/wp-content\/uploads\/2022\/09\/Zaluar-Abelardo-Tracos-Triangular-Vinil-sobre-tela-35-x-35-cm-Decada-80.jpg?resize=293%2C300&amp;ssl=1 293w, https:\/\/i0.wp.com\/galeria-ipanema.com\/wp-content\/uploads\/2022\/09\/Zaluar-Abelardo-Tracos-Triangular-Vinil-sobre-tela-35-x-35-cm-Decada-80.jpg?resize=12%2C12&amp;ssl=1 12w\" sizes=\"(max-width: 525px) 100vw, 525px\" \/><\/figure><\/li><li class=\"wp-block-jetpack-slideshow_slide swiper-slide\"><figure><img data-recalc-dims=\"1\" loading=\"lazy\" decoding=\"async\" width=\"423\" height=\"425\" alt=\"\" class=\"wp-block-jetpack-slideshow_image wp-image-4639\" data-id=\"4639\" src=\"https:\/\/i0.wp.com\/galeria-ipanema.com\/wp-content\/uploads\/2022\/09\/Zaluar-Abelardo-Trio-Vinil-sobre-tela-100-x-100-cm-1987.jpg?resize=423%2C425&#038;ssl=1\" srcset=\"https:\/\/i0.wp.com\/galeria-ipanema.com\/wp-content\/uploads\/2022\/09\/Zaluar-Abelardo-Trio-Vinil-sobre-tela-100-x-100-cm-1987.jpg?w=423&amp;ssl=1 423w, https:\/\/i0.wp.com\/galeria-ipanema.com\/wp-content\/uploads\/2022\/09\/Zaluar-Abelardo-Trio-Vinil-sobre-tela-100-x-100-cm-1987.jpg?resize=300%2C300&amp;ssl=1 300w, https:\/\/i0.wp.com\/galeria-ipanema.com\/wp-content\/uploads\/2022\/09\/Zaluar-Abelardo-Trio-Vinil-sobre-tela-100-x-100-cm-1987.jpg?resize=150%2C150&amp;ssl=1 150w, https:\/\/i0.wp.com\/galeria-ipanema.com\/wp-content\/uploads\/2022\/09\/Zaluar-Abelardo-Trio-Vinil-sobre-tela-100-x-100-cm-1987.jpg?resize=12%2C12&amp;ssl=1 12w, https:\/\/i0.wp.com\/galeria-ipanema.com\/wp-content\/uploads\/2022\/09\/Zaluar-Abelardo-Trio-Vinil-sobre-tela-100-x-100-cm-1987.jpg?resize=200%2C200&amp;ssl=1 200w, https:\/\/i0.wp.com\/galeria-ipanema.com\/wp-content\/uploads\/2022\/09\/Zaluar-Abelardo-Trio-Vinil-sobre-tela-100-x-100-cm-1987.jpg?resize=100%2C100&amp;ssl=1 100w\" sizes=\"(max-width: 423px) 100vw, 423px\" \/><\/figure><\/li><\/ul><a class=\"wp-block-jetpack-slideshow_button-prev swiper-button-prev swiper-button-white\" role=\"button\"><\/a><a class=\"wp-block-jetpack-slideshow_button-next swiper-button-next swiper-button-white\" role=\"button\"><\/a><a aria-label=\"Pause Slideshow\" class=\"wp-block-jetpack-slideshow_button-pause\" role=\"button\"><\/a><div class=\"wp-block-jetpack-slideshow_pagination swiper-pagination swiper-pagination-white\"><\/div><\/div><\/div>\n\n\n\n<h2 class=\"wp-block-heading\"><strong>CRONOLOGIA<\/strong><\/h2>\n\n\n\n<p class=\"wp-block-paragraph\">Pintor, desenhista, gravador, professor<\/p>\n\n\n\n<ul class=\"wp-block-list\">\n<li>1944\/1948 &#8211; Rio de Janeiro RJ &#8211; Cursa a Escola Nacional de Belas Artes &#8211; Enba<\/li>\n\n\n\n<li>1948 &#8211; Rio de Janeiro RJ &#8211; S\u00f3cio-fundador e diretor-t\u00e9cnico da Escolinha de Arte do Brasil<\/li>\n\n\n\n<li>1958 &#8211; Rio de Janeiro RJ &#8211; Participa do j\u00fari do Sal\u00e3o de Arte A M\u00e3e e a Crian\u00e7a<\/li>\n\n\n\n<li>1960 &#8211; Rio de Janeiro RJ &#8211; Participa do j\u00fari do 1\u00ba Sal\u00e3o de Artes Pl\u00e1sticas do Instituto Cultural Brasil-Estados Unidos, na Galeria Ibeu Copacabana<\/li>\n\n\n\n<li>1978 &#8211; Curitiba PR &#8211; Participa da comiss\u00e3o de premia\u00e7\u00e3o da 1\u00aa Mostra Anual de Gravura Cidade de Curitiba, no Centro de Criatividade<\/li>\n\n\n\n<li>1984 &#8211; Fortaleza CE &#8211; Participa das comiss\u00f5es de sele\u00e7\u00e3o e de premia\u00e7\u00e3o do 7\u00ba Sal\u00e3o Nacional de Artes Pl\u00e1sticas ca.1984 &#8211; Rio de Janeiro RJ &#8211; Professor Em\u00e9rito da UFRJ<\/li>\n\n\n\n<li>1984 &#8211; Rio de Janeiro RJ &#8211; Participa da comiss\u00e3o de sele\u00e7\u00e3o do 7\u00ba Sal\u00e3o Nacional de Artes Pl\u00e1sticas, no MAM\/RJ<\/li>\n\n\n\n<li>1978 &#8211; Rio de Janeiro RJ &#8211; Recebe o Golfinho de Ouro do Governo do Estado do Rio de Janeiro<\/li>\n<\/ul>\n\n\n\n<h2 class=\"wp-block-heading\"><strong>EXPOSI\u00c7\u00d5ES INDIVIDUAIS<\/strong><\/h2>\n\n\n\n<ul class=\"wp-block-list\">\n<li>1962 &#8211; S\u00e3o Paulo SP &#8211; Individual, na Galeria S\u00e3o Lu\u00eds<\/li>\n\n\n\n<li>1962 &#8211; Rio de Janeiro RJ &#8211; Individual, na Petite Galerie<\/li>\n\n\n\n<li>1964 &#8211; Lisboa (Portugal) &#8211; Individual, na Sociedade Nacional de Belas Artes<\/li>\n\n\n\n<li>1965 &#8211; Roma (It\u00e1lia) &#8211; Individual, na Galeria da Casa do Brasil<\/li>\n\n\n\n<li>1969 &#8211; Rio de Janeiro RJ &#8211; Individual, na Galeria Bonino<\/li>\n\n\n\n<li>1969 &#8211; Belo Horizonte MG &#8211; Individual, na Galeria Guignard<\/li>\n\n\n\n<li>1971 &#8211; S\u00e3o Paulo SP &#8211; Individual, na Galeria Bonfiglioli<\/li>\n\n\n\n<li>1971 &#8211; Londres (Inglaterra) &#8211; Individual, na Gallery Petit<\/li>\n\n\n\n<li>1975 &#8211; S\u00e3o Paulo SP &#8211; Retrospectiva &#8211; Desenhos e Pinturas, no MAM\/SP<\/li>\n\n\n\n<li>1977 &#8211; Santos SP &#8211; Individual, no Centro Cultural Brasil-Estados Unidos<\/li>\n\n\n\n<li>1978 &#8211; Resende RJ &#8211; Retrospectiva, no MAM\/Resende<\/li>\n\n\n\n<li>1979 &#8211; Curitiba PR &#8211; Retrospectiva, no MAC\/PR<\/li>\n\n\n\n<li>1980 &#8211; Porto Alegre RS &#8211; Individual, no Margs<\/li>\n\n\n\n<li>1984 &#8211; Rio de Janeiro RJ &#8211; Abelardo Zaluar: pinturas 83-84, na MP2 Arte<\/li>\n\n\n\n<li>1987 &#8211; Rio de Janeiro RJ &#8211; Individual, na Galeria Arte de Espa\u00e7o<\/li>\n<\/ul>\n\n\n\n<h2 class=\"wp-block-heading\"><strong>EXPOSI\u00c7\u00d5ES COLETIVAS<\/strong><\/h2>\n\n\n\n<ul class=\"wp-block-list\">\n<li>1947 &#8211; Rio de Janeiro RJ &#8211; Aquarelas, no MNBA<\/li>\n\n\n\n<li>1949 &#8211; S\u00e3o Paulo SP &#8211; 15\u00ba Sal\u00e3o Paulista de Belas Artes, na Galeria Prestes Maia<\/li>\n\n\n\n<li>1954 &#8211; Noruega &#8211; Dez Artistas Brasileiros<\/li>\n\n\n\n<li>1954 &#8211; Rio de Janeiro RJ &#8211; Sal\u00e3o Preto e Branco<\/li>\n\n\n\n<li>1958 &#8211; Rio de Janeiro RJ &#8211; Sal\u00e3o Nacional de Arte Moderna<\/li>\n\n\n\n<li>1958 &#8211; Rio de Janeiro RJ &#8211; Oito Artistas Contempor\u00e2neos, na Funarte. Galeria Macuna\u00edma<\/li>\n\n\n\n<li>1958 &#8211; Rio de Janeiro RJ &#8211; Sal\u00e3o do Mar<\/li>\n\n\n\n<li>1959 &#8211; S\u00e3o Paulo SP &#8211; 5\u00aa Bienal Internacional de S\u00e3o Paulo, no Pavilh\u00e3o Ciccilo Matarazzo Sobrinho<\/li>\n\n\n\n<li>1959 &#8211; S\u00e3o Paulo SP &#8211; Pr\u00eamio Leirner de Arte Contempor\u00e2nea, na Galeria de Arte das Folhas &#8211; 1\u00ba pr\u00eamio em desenho<\/li>\n\n\n\n<li>1960 &#8211; S\u00e3o Paulo SP &#8211; 9\u00ba Sal\u00e3o Paulista de Arte Moderna, na Galeria Prestes Maia<\/li>\n\n\n\n<li>1961 &#8211; S\u00e3o Paulo SP &#8211; 6\u00aa Bienal Internacional de S\u00e3o Paulo, no Pavilh\u00e3o Ciccilo Matarazzo Sobrinho<\/li>\n\n\n\n<li>1962 &#8211; Curitiba PR &#8211; Sal\u00e3o do Paran\u00e1, na Biblioteca P\u00fablica do Paran\u00e1<\/li>\n\n\n\n<li>1963 &#8211; Rio de Janeiro RJ &#8211; Sal\u00e3o Nacional de Arte Moderna &#8211; pr\u00eamio de viagem ao exterior<\/li>\n\n\n\n<li>1965c. &#8211; Amsterd\u00e3 (Holanda) &#8211; Brazilian Art Today<\/li>\n\n\n\n<li>1965c. &#8211; Londres (Inglaterra) &#8211; Brazilian Art Today<\/li>\n\n\n\n<li>1965c. &#8211; Viena (\u00c1ustria) &#8211; Brazilian Art Today<\/li>\n\n\n\n<li>1967 &#8211; Bras\u00edlia DF &#8211; 4\u00ba Sal\u00e3o de Arte Moderna do Distrito Federal, no Teatro Nacional Cl\u00e1udio Santoro &#8211; pr\u00eamio aquisi\u00e7\u00e3o<\/li>\n\n\n\n<li>1967 &#8211; S\u00e3o Paulo SP &#8211; 9\u00aa Bienal Internacional de S\u00e3o Paulo, na Funda\u00e7\u00e3o Bienal<\/li>\n\n\n\n<li>1968 &#8211; Rio de Janeiro RJ &#8211; 17\u00ba Sal\u00e3o Nacional de Arte Moderna, no MAM\/RJ &#8211; pr\u00eamio de viagem ao pa\u00eds<\/li>\n\n\n\n<li>1968 &#8211; Salvador BA &#8211; Bienal Nacional de Artes Pl\u00e1sticas<\/li>\n\n\n\n<li>1968 &#8211; S\u00e3o Paulo SP &#8211; 17\u00ba Sal\u00e3o Paulista de Arte Moderna<\/li>\n\n\n\n<li>1969 &#8211; Belo Horizonte MG &#8211; 1\u00ba Sal\u00e3o Nacional de Arte Contempor\u00e2nea de Belo Horizonte, no MAP<\/li>\n\n\n\n<li>1969 &#8211; Rio de Janeiro RJ &#8211; Sal\u00e3o da B\u00fassola, no MAM\/RJ<\/li>\n\n\n\n<li>1969 &#8211; S\u00e3o Paulo SP &#8211; 10\u00aa Bienal Internacional de S\u00e3o Paulo, na Funda\u00e7\u00e3o Bienal<\/li>\n\n\n\n<li>1970 &#8211; Rio de Janeiro RJ &#8211; 8\u00ba Resumo de Arte JB<\/li>\n\n\n\n<li>1970 &#8211; Rio de Janeiro RJ &#8211; 19\u00ba Sal\u00e3o Nacional de Arte Moderna, no MAM\/RJ<\/li>\n\n\n\n<li>1970 &#8211; S\u00e3o Paulo SP &#8211; 2\u00ba Panorama de Arte Atual Brasileira, no MAM\/SP<\/li>\n\n\n\n<li>1970 &#8211; S\u00e3o Paulo SP &#8211; Pr\u00e9-Bienal de S\u00e3o Paulo, na Funda\u00e7\u00e3o Bienal<\/li>\n\n\n\n<li>1971 &#8211; Curitiba PR &#8211; 28\u00ba Sal\u00e3o Paranaense, na Biblioteca P\u00fablica do Paran\u00e1<\/li>\n\n\n\n<li>1971 &#8211; Rio de Janeiro RJ &#8211; 1\u00ba Sal\u00e3o de Arte da Eletrobr\u00e1s, no MAM\/RJ<\/li>\n\n\n\n<li>1971 &#8211; S\u00e3o Paulo SP &#8211; 11\u00aa Bienal Internacional de S\u00e3o Paulo, na Funda\u00e7\u00e3o Bienal<\/li>\n\n\n\n<li>1971 &#8211; S\u00e3o Paulo SP &#8211; 3\u00ba Panorama de Arte Atual Brasileira, no MAM\/SP<\/li>\n\n\n\n<li>1972 &#8211; S\u00e3o Paulo SP &#8211; Arte\/Brasil\/Hoje: 50 anos depois, na Galeria da Collectio<\/li>\n\n\n\n<li>1973 &#8211; S\u00e3o Paulo SP &#8211; 12\u00aa Bienal Internacional de S\u00e3o Paulo, na Funda\u00e7\u00e3o Bienal<\/li>\n\n\n\n<li>1973 &#8211; S\u00e3o Paulo SP &#8211; 5\u00ba Panorama de Arte Atual Brasileira, no MAM\/SP<\/li>\n\n\n\n<li>1975 &#8211; S\u00e3o Paulo SP &#8211; 13\u00aa Bienal Internacional de S\u00e3o Paulo, na Funda\u00e7\u00e3o Bienal<\/li>\n\n\n\n<li>1978 &#8211; Cidade do M\u00e9xico (M\u00e9xico) &#8211; 1\u00aa Bienal Ibero-Americana de Pintura &#8211; men\u00e7\u00e3o honrosa<\/li>\n\n\n\n<li>1979 &#8211; S\u00e3o Paulo SP &#8211; 11\u00ba Panorama de Arte Atual Brasileira, no MAM\/SP<\/li>\n\n\n\n<li>1982 &#8211; Lisboa (Portugal) &#8211; Brasil 60 Anos de Arte Moderna: Cole\u00e7\u00e3o Gilberto Chateaubriand, no Centro de Arte Moderna Jos\u00e9 de Azeredo Perdig\u00e3o<\/li>\n\n\n\n<li>1982 &#8211; Londres (Inglaterra) &#8211; Brasil 60 Anos de Arte Moderna: Cole\u00e7\u00e3o Gilberto Chateaubriand, na Barbican Art Gallery<\/li>\n\n\n\n<li>1983 &#8211; Rio de Janeiro RJ &#8211; 6\u00ba Sal\u00e3o Nacional de Artes Pl\u00e1sticas, no MAM\/RJ<\/li>\n\n\n\n<li>1983 &#8211; S\u00e3o Paulo SP &#8211; 14\u00ba Panorama de Arte Atual Brasileira, no MAM\/SP<\/li>\n\n\n\n<li>1984 &#8211; Haia (Holanda) &#8211; Mestres do Abstracionismo Brasileiro &#8211; Organizada pelo Itamaraty<\/li>\n\n\n\n<li>1984 &#8211; Lisboa (Portugal) &#8211; Mestres do Abstracionismo Brasileiro &#8211; Organizada pelo Itamaraty<\/li>\n\n\n\n<li>1984 &#8211; Madri (Espanha) &#8211; Mestres do Abstracionismo Brasileiro &#8211; Organizada pelo Itamaraty<\/li>\n\n\n\n<li>1984 &#8211; Paris (Fran\u00e7a) &#8211; Mestres do Abstracionismo Brasileiro &#8211; Organizada pelo Itamaraty<\/li>\n\n\n\n<li>1984 &#8211; Rio de Janeiro RJ &#8211; Obra Recente 74\/84, no MNBA<\/li>\n\n\n\n<li>1984 &#8211; Rio de Janeiro RJ &#8211; Doa\u00e7\u00f5es Recentes 82-84, no MNBA<\/li>\n\n\n\n<li>1984 &#8211; Rio de Janeiro RJ &#8211; Madeira, Mat\u00e9ria de Arte, no MAM\/RJ<\/li>\n\n\n\n<li>1984 &#8211; Rio de Janeiro RJ &#8211; Pintura Brasileira Atuante, no Espa\u00e7o Petrobras<\/li>\n\n\n\n<li>1984 &#8211; Roma (It\u00e1lia) &#8211; Mestres do Abstracionismo Brasileiro &#8211; Organizada pelo Itamaraty<\/li>\n\n\n\n<li>1984 &#8211; S\u00e3o Paulo SP &#8211; Tradi\u00e7\u00e3o e Ruptura: s\u00edntese de arte e cultura brasileiras, na Funda\u00e7\u00e3o Bienal<\/li>\n\n\n\n<li>1985 &#8211; Niter\u00f3i RJ &#8211; Abraham Palatnik , Abelardo Zaluar, Rubem Ludolf, na Galeria C\u00e2ndida Boechat<\/li>\n\n\n\n<li>1985 &#8211; Rio de Janeiro RJ &#8211; 8\u00ba Sal\u00e3o Nacional de Artes Pl\u00e1sticas, no MAM\/RJ<\/li>\n\n\n\n<li>1985 &#8211; S\u00e3o Paulo SP &#8211; Destaques da Arte Contempor\u00e2nea Brasileira, no MAM\/SP<\/li>\n\n\n\n<li>1986 &#8211; S\u00e3o Paulo SP &#8211; 17\u00ba Panorama de Arte Atual Brasileira, no MAM\/SP<\/li>\n\n\n\n<li>1987 &#8211; Rio de Janeiro RJ &#8211; Ao Colecionador: homenagem a Gilberto Chateaubriand, no MAM\/RJ<\/li>\n<\/ul>","protected":false},"excerpt":{"rendered":"<p>BIOGRAFIA Abelardo Zaluar (Niter\u00f3i RJ 1924 &#8211; Rio de Janeiro RJ 1987). Pintor, desenhista, gravador, professor. Freq\u00fcenta a Escola Nacional de Belas Artes &#8211; Enba, no Rio de Janeiro, entre 1944 e 1948. Em paralelo, funda com outros artistas a Escolinha de Arte do Brasil, onde tamb\u00e9m exerce o cargo de diretor-t\u00e9cnico em 1948. Por &hellip; <\/p>\n<p class=\"link-more\"><a href=\"https:\/\/galeria-ipanema.com\/en\/abelardo-zaluar\/\" class=\"more-link\">Continue reading<span class=\"screen-reader-text\"> &#8220;ABELARDO ZALUAR&#8221;<\/span><\/a><\/p>","protected":false},"author":178370742,"featured_media":0,"parent":0,"menu_order":0,"comment_status":"closed","ping_status":"closed","template":"","meta":{"_coblocks_attr":"","_coblocks_dimensions":"","_coblocks_responsive_height":"","_coblocks_accordion_ie_support":"","_crdt_document":"","advanced_seo_description":"","jetpack_seo_html_title":"","jetpack_seo_noindex":false,"footnotes":""},"class_list":["post-1417","page","type-page","status-publish","hentry"],"jetpack_likes_enabled":false,"jetpack_sharing_enabled":false,"jetpack_shortlink":"https:\/\/wp.me\/PbBA92-mR","amp_enabled":true,"_links":{"self":[{"href":"https:\/\/galeria-ipanema.com\/en\/wp-json\/wp\/v2\/pages\/1417","targetHints":{"allow":["GET"]}}],"collection":[{"href":"https:\/\/galeria-ipanema.com\/en\/wp-json\/wp\/v2\/pages"}],"about":[{"href":"https:\/\/galeria-ipanema.com\/en\/wp-json\/wp\/v2\/types\/page"}],"author":[{"embeddable":true,"href":"https:\/\/galeria-ipanema.com\/en\/wp-json\/wp\/v2\/users\/178370742"}],"replies":[{"embeddable":true,"href":"https:\/\/galeria-ipanema.com\/en\/wp-json\/wp\/v2\/comments?post=1417"}],"version-history":[{"count":9,"href":"https:\/\/galeria-ipanema.com\/en\/wp-json\/wp\/v2\/pages\/1417\/revisions"}],"predecessor-version":[{"id":4640,"href":"https:\/\/galeria-ipanema.com\/en\/wp-json\/wp\/v2\/pages\/1417\/revisions\/4640"}],"wp:attachment":[{"href":"https:\/\/galeria-ipanema.com\/en\/wp-json\/wp\/v2\/media?parent=1417"}],"curies":[{"name":"wp","href":"https:\/\/api.w.org\/{rel}","templated":true}]}}