{"id":1410,"date":"2020-02-09T19:46:55","date_gmt":"2020-02-09T19:46:55","guid":{"rendered":"https:\/\/galeria-ipanema.com\/?page_id=1410"},"modified":"2020-02-28T12:01:54","modified_gmt":"2020-02-28T12:01:54","slug":"angelo-de-aquino","status":"publish","type":"page","link":"https:\/\/galeria-ipanema.com\/en\/angelo-de-aquino\/","title":{"rendered":"\u00c2ngelo de Aquino"},"content":{"rendered":"<div class=\"wp-block-image\"><figure class=\"alignleft size-large is-resized\"><img data-recalc-dims=\"1\" loading=\"lazy\" decoding=\"async\" data-attachment-id=\"1400\" data-permalink=\"https:\/\/galeria-ipanema.com\/en\/acervo\/angelo\/\" data-orig-file=\"https:\/\/i0.wp.com\/galeria-ipanema.com\/wp-content\/uploads\/2020\/02\/angelo.jpg?fit=278%2C181&amp;ssl=1\" data-orig-size=\"278,181\" data-comments-opened=\"1\" data-image-meta=\"{&quot;aperture&quot;:&quot;0&quot;,&quot;credit&quot;:&quot;&quot;,&quot;camera&quot;:&quot;&quot;,&quot;caption&quot;:&quot;&quot;,&quot;created_timestamp&quot;:&quot;0&quot;,&quot;copyright&quot;:&quot;&quot;,&quot;focal_length&quot;:&quot;0&quot;,&quot;iso&quot;:&quot;0&quot;,&quot;shutter_speed&quot;:&quot;0&quot;,&quot;title&quot;:&quot;&quot;,&quot;orientation&quot;:&quot;0&quot;}\" data-image-title=\"angelo\" data-image-description=\"\" data-image-caption=\"\" data-large-file=\"https:\/\/i0.wp.com\/galeria-ipanema.com\/wp-content\/uploads\/2020\/02\/angelo.jpg?fit=278%2C181&amp;ssl=1\" src=\"https:\/\/i0.wp.com\/galeria-ipanema.com\/wp-content\/uploads\/2020\/02\/angelo.jpg?resize=458%2C298&#038;ssl=1\" alt=\"\" class=\"wp-image-1400\" width=\"458\" height=\"298\"\/><\/figure><\/div>\n\n\n\n<h2 class=\"wp-block-heading\"><strong>NASCIMENTO \/ MORTE<\/strong><\/h2>\n\n\n\n<p class=\"wp-block-paragraph\">1945 &#8211; Belo Horizonte MG &#8211; 02 agosto<br>2007 &#8211; Rio de Janeiro RJ &#8211; 20 junho<\/p>\n\n\n\n<h2 class=\"wp-block-heading\"><strong>FORMA\u00c7\u00c3O<\/strong><\/h2>\n\n\n\n<p class=\"wp-block-paragraph\">1961 &#8211; Rio de Janeiro RJ &#8211; Come\u00e7a a pintar aos 16 anos no ateli\u00ea de Roberto Moriconi. Convive com Rubens Gerchman, Roberto Magalh\u00e3es e Ant\u00f4nio Dias.<\/p>\n\n\n\n<h2 class=\"wp-block-heading\"><strong>GALERIA<\/strong><\/h2>\n\n\n\n<figure class=\"wp-block-image size-large\"><img data-recalc-dims=\"1\" loading=\"lazy\" decoding=\"async\" width=\"525\" height=\"290\" data-attachment-id=\"1411\" data-permalink=\"https:\/\/galeria-ipanema.com\/en\/angelo-de-aquino\/vida_cachorro_foto_interna-1\/\" data-orig-file=\"https:\/\/i0.wp.com\/galeria-ipanema.com\/wp-content\/uploads\/2020\/02\/Vida_Cachorro_foto_interna-1.jpg?fit=649%2C358&amp;ssl=1\" data-orig-size=\"649,358\" data-comments-opened=\"1\" data-image-meta=\"{&quot;aperture&quot;:&quot;0&quot;,&quot;credit&quot;:&quot;&quot;,&quot;camera&quot;:&quot;&quot;,&quot;caption&quot;:&quot;&quot;,&quot;created_timestamp&quot;:&quot;0&quot;,&quot;copyright&quot;:&quot;&quot;,&quot;focal_length&quot;:&quot;0&quot;,&quot;iso&quot;:&quot;0&quot;,&quot;shutter_speed&quot;:&quot;0&quot;,&quot;title&quot;:&quot;&quot;,&quot;orientation&quot;:&quot;1&quot;}\" data-image-title=\"Vida_Cachorro_foto_interna-1\" data-image-description=\"\" data-image-caption=\"\" data-large-file=\"https:\/\/i0.wp.com\/galeria-ipanema.com\/wp-content\/uploads\/2020\/02\/Vida_Cachorro_foto_interna-1.jpg?fit=525%2C290&amp;ssl=1\" src=\"https:\/\/i0.wp.com\/galeria-ipanema.com\/wp-content\/uploads\/2020\/02\/Vida_Cachorro_foto_interna-1.jpg?resize=525%2C290&#038;ssl=1\" alt=\"\" class=\"wp-image-1411\" srcset=\"https:\/\/i0.wp.com\/galeria-ipanema.com\/wp-content\/uploads\/2020\/02\/Vida_Cachorro_foto_interna-1.jpg?w=649&amp;ssl=1 649w, https:\/\/i0.wp.com\/galeria-ipanema.com\/wp-content\/uploads\/2020\/02\/Vida_Cachorro_foto_interna-1.jpg?resize=300%2C165&amp;ssl=1 300w\" sizes=\"auto, (max-width: 525px) 100vw, 525px\" \/><figcaption>Angelo de Aquino &#8211; Vida de Cachorro &#8211; Liquitex sobre tela &#8211; 80 x 100 cm &#8211; 1989<\/figcaption><\/figure>\n\n\n\n<h2 class=\"wp-block-heading\"><strong>CRONOLOGIA<\/strong><\/h2>\n\n\n\n<p class=\"wp-block-paragraph\">Pintor, desenhista, fot\u00f3grafo, artista multim\u00eddia<\/p>\n\n\n\n<ul class=\"wp-block-list\"><li>1960 &#8211; Rio de Janeiro RJ &#8211; Vive nessa cidade<\/li><li>1965 &#8211; S\u00e3o Paulo SP &#8211; \u00c9 um dos organizadores do evento Propostas 65, na Faap<\/li><li>1970\/1972 &#8211; Mil\u00e3o (It\u00e1lia) &#8211; Vive nessa cidade<\/li><li>1977 &#8211; Rio de Janeiro RJ &#8211; \u00c9 um dos organizadores da exposi\u00e7\u00e3o Identification of Artist &#8211; a book, na Escola de Artes Visuais do Parque Lage &#8211; EAV\/Parque Lage<\/li><li>1984 &#8211; Rio de Janeiro RJ &#8211; Cria o personagem c\u00e3o Rex<\/li><li>1986 &#8211; Paris (Fran\u00e7a) &#8211; Vive nessa cidade<\/li><li>1989 &#8211; Rio de Janeiro RJ &#8211; Participa como j\u00fari no 13\u00ba Sal\u00e3o Carioca de Arte, na Esta\u00e7\u00e3o Carioca do Metr\u00f4<\/li><\/ul>\n\n\n\n<h2 class=\"wp-block-heading\"><strong>EXPOSI\u00c7\u00d5ES INDIVIDUAIS<\/strong><\/h2>\n\n\n\n<ul class=\"wp-block-list\"><li>1966 &#8211; Belo Horizonte MG &#8211; Individual, na Galeria Guignard<\/li><li>1969 &#8211; Rio de Janeiro RJ &#8211; Individual, na Petite Galerie<\/li><li>1970 &#8211; Rio de Janeiro RJ &#8211; Individual, na Galeria Goeldi<\/li><li>1973 &#8211; Poznan (Pol\u00f4nia) &#8211; Individual, na Galeria Akumulatory 2<\/li><li>1978 &#8211; Rio de Janeiro RJ &#8211; Individual, na Petite Galerie<\/li><li>1978 &#8211; S\u00e3o Paulo SP &#8211; Individual, na Galeria Global<\/li><li>1982 &#8211; Rio de Janeiro RJ &#8211; Individual, na Galeria Ibeu<\/li><li>1984 &#8211; Rio de Janeiro RJ &#8211; Individual, na Petite Galerie<\/li><li>1985 &#8211; S\u00e3o Paulo SP &#8211; Individual, no Subdistrito Comercial de Arte<\/li><li>1986 &#8211; Paris (Fran\u00e7a) &#8211; Individual, na Galeria Sculpture<\/li><li>1987 &#8211; S\u00e3o Paulo SP &#8211; Individual, na Galeria Montesanti<\/li><li>1987 &#8211; Rio de Janeiro RJ &#8211; Individual, na Galeria Montesanti<\/li><li>1988 &#8211; Rio de Janeiro RJ &#8211; Individual, na Galeria de Arte Ipanema<\/li><li>1988 &#8211; Rio de Janeiro RJ &#8211; Individual, na Galeria GB<\/li><li>1989 &#8211; Paris (Fran\u00e7a) &#8211; Individual, na Galeria de Poche 1900-2000<\/li><li>1990 &#8211; Rio de Janeiro RJ &#8211; Individual, na Galeria de Arte Ipanema<\/li><li>1992 &#8211; Paris (Fran\u00e7a) &#8211; Individual, na Galerie 1900-2000<\/li><li>1992 &#8211; Rio de Janeiro RJ &#8211; Individual, na Galeria de Arte Ipanema<\/li><li>1994 &#8211; Rio de Janeiro RJ &#8211; Rex faz dez: pinturas 84\/94, no CCBB<\/li><li>1995 &#8211; Rio de Janeiro RJ &#8211; O Artista e o Colecionador: Angelo de Aquino na Cole\u00e7\u00e3o Gilberto Chateaubriand, no MNBA<\/li><li>1997 &#8211; Rio de Janeiro RJ &#8211; Auto-Retratos 1983-1997, na Casa de Cultura Laura Alvim<\/li><li>1998 &#8211; Rio de Janeiro RJ &#8211; Angelo de Aquino: Duas Pinturas, 1989-1998, na Galeria Toulouse<\/li><li>1998 &#8211; Waltham (Estados Unidos) &#8211; Individual, na The Bentley College Art Gallery<\/li><li>2000 &#8211; Rio de Janeiro RJ &#8211; Angelo de Aquino &#8211; 55, na Galeira GB<\/li><li>2002 &#8211; Rio de Janeiro \u2013 RJ &#8211; Exposi\u00e7\u00e3o individual na Galeria Marcia Barrozo do Amaral.<\/li><li>2004 &#8211; Rio de Janeiro \u2013 RJ &#8211; O artista comemora seus 40 anos de pintura e 20 anos de Rex com a exposi\u00e7\u00e3o individual 20 x 40, na Casa Fran\u00e7a-Brasil.<\/li><li>2004 &#8211; Rio de Janeiro \u2013 RJ \u2013 \u201cRio -Mil\u00e3o Anos 70\u201d, na Galeria Marcia Barroso do Amaral<\/li><\/ul>\n\n\n\n<h2 class=\"wp-block-heading\"><strong>EXPOSI\u00c7\u00d5ES COLETIVAS<\/strong><\/h2>\n\n\n\n<ul class=\"wp-block-list\"><li>1965 &#8211; Rio de Janeiro RJ &#8211; 1\u00ba Sal\u00e3o Esso de Artistas Jovens, no MAM\/RJ<\/li><li>1965 &#8211; Rio de Janeiro RJ &#8211; Opini\u00e3o 65, no MAM\/RJ<\/li><li>1965 &#8211; S\u00e3o Paulo SP &#8211; 1\u00ba Sal\u00e3o Esso de Artistas Jovens, no MAC\/USP<\/li><li>1965 &#8211; S\u00e3o Paulo SP &#8211; Propostas 65, na Faap<\/li><li>1966 &#8211; Belo Horizonte MG &#8211; Vanguarda Brasileira, na UFMG<\/li><li>1966 &#8211; Rio de Janeiro RJ &#8211; Opini\u00e3o 66, no MAM\/RJ<\/li><li>1966 &#8211; Salvador BA &#8211; 1\u00aa Bienal Nacional de Artes Pl\u00e1sticas<\/li><li>1968 &#8211; Curitiba PR &#8211; 25\u00ba Sal\u00e3o Paranaense de Belas Artes, na Biblioteca P\u00fablica do Paran\u00e1<\/li><li>1968 &#8211; Rio de Janeiro RJ &#8211; 17\u00ba Sal\u00e3o Nacional de Arte Moderna, no MAM\/RJ<\/li><li>1968 &#8211; Rio de Janeiro RJ &#8211; 8 Artistas, na Petite Galerie<\/li><li>1969 &#8211; Rio de Janeiro RJ &#8211; Angelo de Aquino, Miguel Rio Branco e Lee Jaffe, na Galeria Goeldi<\/li><li>1969 &#8211; Rio de Janeiro RJ &#8211; Sal\u00e3o da B\u00fassola, no MAM\/RJ<\/li><li>1971 &#8211; Liege (B\u00e9lgica) &#8211; Information, na Yellow Now Galerie<\/li><li>1972 &#8211; Brno (Tchecoslov\u00e1quia, atual Rep\u00fablica Tcheca) &#8211; House of Art<\/li><li>1972 &#8211; Gottingen (Alemanha) &#8211; A. R. T. Gottingen Kunstkonkreb<\/li><li>1972 &#8211; Lausanne (Su\u00ed\u00e7a) &#8211; Attention, na Galeria Impact<\/li><li>1972 &#8211; Porto Rico &#8211; 5 Brasileiros, na University of Porto Rico<\/li><li>1972 &#8211; Poznan (Pol\u00f4nia) &#8211; Net Show<\/li><li>1972 &#8211; S\u00e3o Paulo SP &#8211; 72\u00aa Mostra de Arte Sesquicenten\u00e1rio da Independ\u00eancia e Brasil Pl\u00e1stica, na Funda\u00e7\u00e3o Bienal<\/li><li>1972 &#8211; Sydney (Austr\u00e1lia) &#8211; Communication Trans\/Art 3, na Inhibrodness Galerie<\/li><li>1972 &#8211; Rio de Janeiro RJ &#8211; Grupo B<\/li><li>1973 &#8211; Budapeste (Hungria) &#8211; Mirror, na Balonttonboglar-Chapel<\/li><li>1973 &#8211; Reykjavik (Isl\u00e2ndia) &#8211; A. R. T. , na Summ Gallery<\/li><li>1973 &#8211; Rio de Janeiro RJ &#8211; Indaga\u00e7\u00e3o sobre a natureza, fun\u00e7\u00e3o e necessidade da obra de arte, na Galeria de Arte Ibeu<\/li><li>1973 &#8211; S\u00e3o Paulo SP &#8211; 6 Artistas Conceituais, no MAC\/USP<\/li><li>1974 &#8211; Maastrich (Holanda) &#8211; Art and Ideology in Latin America, no Agora Studio<\/li><li>1974 &#8211; S\u00e3o Paulo SP &#8211; 8\u00ba Jovem Arte Contempor\u00e2nea, no MAC\/USP<\/li><li>1974 &#8211; S\u00e3o Paulo SP &#8211; Prospectiva 74, no MAC\/USP<\/li><li>1976 &#8211; Kyoto (Jap\u00e3o) &#8211; 18 Latin American Artists, na Gallery Art Core<\/li><li>1976 &#8211; S\u00e3o Paulo SP &#8211; 2\u00aa Multimedia, no MAC\/USP<\/li><li>1976 &#8211; S\u00e3o Paulo SP &#8211; The Seventies, no MAM\/SP<\/li><li>1977 &#8211; S\u00e3o Paulo SP &#8211; Mostra, no MAC\/USP<\/li><li>1979 &#8211; Rio de Janeiro RJ &#8211; 2\u00ba Sal\u00e3o Nacional de Artes Pl\u00e1sticas, no MAM\/RJ<\/li><li>1981 &#8211; Rio de Janeiro RJ &#8211; Do Moderno ao Contempor\u00e2neo: Cole\u00e7\u00e3o Gilberto Chateaubriand, no MAM\/RJ<\/li><li>1982 &#8211; Lisboa (Portugal) &#8211; Brasil 60 Anos de Arte Moderna: Cole\u00e7\u00e3o Gilberto Chateaubriand, no Centro de Arte Moderna Jos\u00e9 de Azeredo Perdig\u00e3o<\/li><li>1982 &#8211; Lisboa (Portugal) &#8211; Do Moderno ao Contempor\u00e2neo: Cole\u00e7\u00e3o Gilberto Chateaubriand, no Centro de Arte Moderna Jos\u00e9 de Azeredo Perdig\u00e3o<\/li><li>1982 &#8211; Londres (Inglaterra) &#8211; Brasil 60 Anos de Arte Moderna: Cole\u00e7\u00e3o Gilberto Chateaubriand, na Barbican Art Gallery<\/li><li>1984 &#8211; Rio de Janeiro RJ &#8211; Viva a Pintura, na Petite Galerie<\/li><li>1984 &#8211; S\u00e3o Paulo SP &#8211; Cole\u00e7\u00e3o Gilberto Chateaubriand: retrato e auto-retrato na arte brasileira, no MAM\/SP<\/li><li>1985 &#8211; Rio de Janeiro RJ &#8211; Opini\u00e3o 65 &#8211; 20 Anos, na Galeria Banerj<\/li><li>1985 &#8211; Rio de Janeiro RJ &#8211; Velha Mania: desenho brasileiro, na EAV\/Parque Lage<\/li><li>1986 &#8211; Paris (Fran\u00e7a) &#8211; Los Americanos, na Galeria Arteurial<\/li><li>1986 &#8211; Paris (Fran\u00e7a) &#8211; Mostra, na Fiac 86 e na Galerie 1900-2000<\/li><li>1987 &#8211; Paris (Fran\u00e7a) &#8211; S\u00e3o Paulo &#8211; Rio &#8211; Paris, na Galerie 1900-2000<\/li><li>1987 &#8211; Rio de Janeiro RJ &#8211; Ao Colecionador: homenagem a Gilberto Chateaubriand , no MAM\/RJ<\/li><li>1987 &#8211; Rio de Janeiro RJ &#8211; S\u00e3o Paulo &#8211; Rio &#8211; Paris, na Montesanti Galleria<\/li><li>1987 &#8211; Rio de Janeiro RJ &#8211; Gesto Alucinado, no Rio Design Center<\/li><li>1987 &#8211; S\u00e3o Paulo SP &#8211; Gesto Alucinado, no MIS\/SP<\/li><li>1987 &#8211; S\u00e3o Paulo SP &#8211; S\u00e3o Paulo &#8211; Rio &#8211; Paris, na Galeria Montesanti Roesler<\/li><li>1988 &#8211; Rio de Janeiro RJ &#8211; Hedonismo: Cole\u00e7\u00e3o Gilberto Chateaubriand, na Galeria Edif\u00edcio Gilberto Chateaubriand<\/li><li>1988 &#8211; Rio de Janeiro RJ &#8211; O Eterno \u00e9 Ef\u00eamero, na Petite Galerie<\/li><li>1988 &#8211; Rio de Janeiro RJ &#8211; Ponte para o XXI, no Rio Design Center<\/li><li>1989 &#8211; Cannes (Fran\u00e7a) &#8211; 1er Bienalle Internationale de la Jeune Peinture Humour et Revolution<\/li><li>1989 &#8211; Girone (Espanha) &#8211; 1er Bienalle Internationale de la Jeune Peinture Humour et Revolution<\/li><li>1989 &#8211; Freiburg (Alemanha) &#8211; Viva Brasil, na Ruta Correa Gallery<\/li><li>1989 &#8211; Nice (Fran\u00e7a) &#8211; Art Jonction Internationale, na Galerie 1900-2000<\/li><li>1989 &#8211; Paris (Fran\u00e7a) &#8211; Viva Brasil, na Galerie 1900-2000<\/li><li>1989 &#8211; Rio de Janeiro RJ &#8211; Caminhos, no Rio Design Center<\/li><li>1990 &#8211; Freiburg (Alemanha) &#8211; Aspekte Latein Amerikanische K\u00fcnster in Paris, na Ruta Correa Gallery<\/li><li>1990 &#8211; Nice (Fran\u00e7a) &#8211; Art Jonction Internationale, na Artension Magazine<\/li><li>1991 &#8211; Doterhausen (Alemanha) &#8211; Aspekte Latein Amerikanische, na Worforum<\/li><li>1991 &#8211; Freiburg (Alemanha) &#8211; Art Frankfurt, na Ruta Gallery<\/li><li>1991 &#8211; Paris (Fran\u00e7a) &#8211; 6 Artistas Latino-Americanos, na Galerie 1900-2000<\/li><li>1991 &#8211; Rio de Janeiro RJ &#8211; Cole\u00e7\u00e3o Gilberto Chateaubriand, no MAM\/RJ<\/li><li>1992 &#8211; Paris (Fran\u00e7a) &#8211; Diversit\u00e9 Latino-Americaine, na Galerie 1900-2000<\/li><li>1992 &#8211; Paris (Fran\u00e7a) &#8211; Tapis d&#8217;Artistes, na Galerie 1900-2000<\/li><li>1992 &#8211; Rio de Janeiro RJ &#8211; Eco-Art, no MAM\/RJ<\/li><li>1993 &#8211; Maubeuge (Fran\u00e7a) &#8211; 1a Trienalle das Ameriques<\/li><li>1993 &#8211; Paris (Fran\u00e7a) &#8211; Natures Mortes, na Galerie Gloria Cohen<\/li><li>1993 &#8211; Rio de Janeiro RJ &#8211; 1\u00ba A Caminho de Niter\u00f3i &#8211; Cole\u00e7\u00e3o Jo\u00e3o Sattamini, no Pa\u00e7o Imperial<\/li><li>1993 &#8211; S\u00e3o Paulo SP &#8211; O Desenho Moderno no Brasil: cole\u00e7\u00e3o Gilberto Chateaubriand MAM\/RJ, na Galeria de Arte do Sesi<\/li><li>1994 &#8211; Rio de Janeiro RJ &#8211; O Desenho Moderno no Brasil: Cole\u00e7\u00e3o Gilberto Chateubriand, no MAM\/RJ<\/li><li>1994 &#8211; S\u00e3o Paulo SP &#8211; Bienal Brasil S\u00e9culo XX, na Funda\u00e7\u00e3o Bienal<\/li><li>1995 &#8211; Porto Alegre RS &#8211; Angelo de Aquino e Rubens Gerchman, na Bolsa de Arte de Porto Alegre<\/li><li>1995 &#8211; Rio de Janeiro RJ &#8211; Angelo de Aquino e Rubens Gerchman, no Espa\u00e7o 999<\/li><li>1995 &#8211; Rio de Janeiro RJ &#8211; Da Cor do Rio, no Espa\u00e7o Cultural dos Correios<\/li><li>1995 &#8211; Rio de Janeiro RJ &#8211; Opini\u00e3o 65: 30 anos, no CCBB<\/li><li>1996 &#8211; Rio de Janeiro RJ &#8211; Petite Galerie: uma vis\u00e3o da arte brasileira, no Pa\u00e7o Imperial<\/li><li>1997 &#8211; Paris (Fran\u00e7a) &#8211; L&#8217;Histoire d&#8217;en Face, na Galerie 1900-2000<\/li><li>1997 &#8211; Rio de Janeiro RJ &#8211; AR: exposi\u00e7\u00e3o de artes pl\u00e1sticas, brinquedos, objetos e maquetes, no Pa\u00e7o Imperial<\/li><li>1998 &#8211; S\u00e3o Paulo SP &#8211; O Moderno e o Contempor\u00e2neo na Arte Brasileira: cole\u00e7\u00e3o Gilberto Chateaubriand &#8211; MAM\/RJ, no Masp<\/li><li>1999 &#8211; S\u00e3o Paulo SP &#8211; 5\u00aa United Artist &#8211; Viagem de Identidade, na Casa das Rosas<\/li><li>2000 &#8211; Rio de Janeiro RJ &#8211; Situa\u00e7\u00f5es: arte brasileira anos 70, na Funda\u00e7\u00e3o Casa Fran\u00e7a-Brasil<\/li><li>2000 &#8211; S\u00e3o Paulo SP &#8211; Arte Conceitual e Conceitualismos: anos 70 no acervo do MAC\/USP, na Galeria de Arte do Sesi<\/li><li>2002 &#8211; Rio de Janeiro RJ &#8211; Arte em Campo, no Centro Cultural da Justi\u00e7a Federal<\/li><li>2002 &#8211; Rio de Janeiro RJ &#8211; Caminhos do Contempor\u00e2neo 1952-2002, no Pa\u00e7o Imperial<\/li><li>2003 &#8211; Rio de Janeiro RJ &#8211; Arte em Movimento, no Espa\u00e7o BNDES<\/li><li>2003 &#8211; Rio de Janeiro RJ &#8211; Projeto Brazilianart, na Almac\u00e9n Galeria de Arte<\/li><li>2005 &#8211; S\u00e3o Paulo SP &#8211; O Corpo na Arte Contempor\u00e2nea Brasileira, no Ita\u00fa Cultural<\/li><\/ul>\n\n\n\n<p class=\"wp-block-paragraph\"><\/p>","protected":false},"excerpt":{"rendered":"<p>NASCIMENTO \/ MORTE 1945 &#8211; Belo Horizonte MG &#8211; 02 agosto2007 &#8211; Rio de Janeiro RJ &#8211; 20 junho FORMA\u00c7\u00c3O 1961 &#8211; Rio de Janeiro RJ &#8211; Come\u00e7a a pintar aos 16 anos no ateli\u00ea de Roberto Moriconi. Convive com Rubens Gerchman, Roberto Magalh\u00e3es e Ant\u00f4nio Dias. GALERIA CRONOLOGIA Pintor, desenhista, fot\u00f3grafo, artista multim\u00eddia 1960 &hellip; <\/p>\n<p class=\"link-more\"><a href=\"https:\/\/galeria-ipanema.com\/en\/angelo-de-aquino\/\" class=\"more-link\">Continue reading<span class=\"screen-reader-text\"> &#8220;\u00c2ngelo de Aquino&#8221;<\/span><\/a><\/p>","protected":false},"author":178370742,"featured_media":0,"parent":0,"menu_order":0,"comment_status":"closed","ping_status":"closed","template":"","meta":{"_coblocks_attr":"","_coblocks_dimensions":"","_coblocks_responsive_height":"","_coblocks_accordion_ie_support":"","_crdt_document":"","advanced_seo_description":"","jetpack_seo_html_title":"","jetpack_seo_noindex":false,"footnotes":""},"class_list":["post-1410","page","type-page","status-publish","hentry"],"jetpack_likes_enabled":false,"jetpack_sharing_enabled":false,"jetpack_shortlink":"https:\/\/wp.me\/PbBA92-mK","amp_enabled":true,"_links":{"self":[{"href":"https:\/\/galeria-ipanema.com\/en\/wp-json\/wp\/v2\/pages\/1410","targetHints":{"allow":["GET"]}}],"collection":[{"href":"https:\/\/galeria-ipanema.com\/en\/wp-json\/wp\/v2\/pages"}],"about":[{"href":"https:\/\/galeria-ipanema.com\/en\/wp-json\/wp\/v2\/types\/page"}],"author":[{"embeddable":true,"href":"https:\/\/galeria-ipanema.com\/en\/wp-json\/wp\/v2\/users\/178370742"}],"replies":[{"embeddable":true,"href":"https:\/\/galeria-ipanema.com\/en\/wp-json\/wp\/v2\/comments?post=1410"}],"version-history":[{"count":5,"href":"https:\/\/galeria-ipanema.com\/en\/wp-json\/wp\/v2\/pages\/1410\/revisions"}],"predecessor-version":[{"id":1854,"href":"https:\/\/galeria-ipanema.com\/en\/wp-json\/wp\/v2\/pages\/1410\/revisions\/1854"}],"wp:attachment":[{"href":"https:\/\/galeria-ipanema.com\/en\/wp-json\/wp\/v2\/media?parent=1410"}],"curies":[{"name":"wp","href":"https:\/\/api.w.org\/{rel}","templated":true}]}}