{"id":102,"date":"2020-01-14T16:35:04","date_gmt":"2020-01-14T16:35:04","guid":{"rendered":"https:\/\/galeria-ipanema.com\/?page_id=102"},"modified":"2021-06-07T20:49:03","modified_gmt":"2021-06-07T20:49:03","slug":"realizadas","status":"publish","type":"page","link":"https:\/\/galeria-ipanema.com\/en\/realizadas\/","title":{"rendered":"EXHIBITIONS"},"content":{"rendered":"<h1 class=\"has-text-align-center wp-block-heading\"><strong>2000 &#8211; 2021<\/strong><\/h1>\n\n\n\n<div class=\"wp-block-columns is-layout-flex wp-container-core-columns-is-layout-8f761849 wp-block-columns-is-layout-flex\">\n<div class=\"wp-block-column is-layout-flow wp-block-column-is-layout-flow\">\n<h2 class=\"has-text-align-center wp-block-heading\"><\/h2>\n\n\n\n<p class=\"has-text-align-center wp-block-paragraph\"><a href=\"https:\/\/galeria-ipanema.com\/en\/ronaldo-macedo\/\">Ronaldo Macedo<\/a><\/p>\n\n\n\n<p class=\"has-text-align-center wp-block-paragraph\"><a href=\"https:\/\/galeria-ipanema.com\/en\/exposicao-alfredo-volpi\/\">Alfredo Volpi<\/a><\/p>\n\n\n\n<p class=\"has-text-align-center wp-block-paragraph\"><a href=\"https:\/\/galeria-ipanema.com\/en\/rose-kablin\/\">Rose Kablin<\/a><\/p>\n\n\n\n<p class=\"has-text-align-center wp-block-paragraph\"><a rel=\"noreferrer noopener\" href=\"https:\/\/galeria-ipanema.com\/en\/jose-tannuri\/\" target=\"_blank\">Jos\u00e9 Tannu<\/a><a href=\"https:\/\/galeria-ipanema.com\/en\/jose-tannuri\/\">r<\/a><a rel=\"noreferrer noopener\" href=\"https:\/\/galeria-ipanema.com\/en\/jose-tannuri\/\" target=\"_blank\">i<\/a><\/p>\n<\/div>\n\n\n\n<div class=\"wp-block-column is-layout-flow wp-block-column-is-layout-flow\">\n<h2 class=\"has-text-align-center wp-block-heading\"><\/h2>\n\n\n\n<p class=\"has-text-align-center wp-block-paragraph\"><a href=\"https:\/\/galeria-ipanema.com\/en\/exposicao-helio-oiticica\/\"><a href=\"https:\/\/galeria-ipanema.com\/en\/exposicao-helio-oiticica\/\">Helio Oiticica<\/a><\/a><\/p>\n\n\n\n<p class=\"has-text-align-center wp-block-paragraph\"><a href=\"https:\/\/galeria-ipanema.com\/en\/experiencia-contemporanea\/\">Contemporary experience (Experi\u00eancia Contempor\u00e2nea)<\/a><\/p>\n\n\n\n<p class=\"has-text-align-center wp-block-paragraph\"><a href=\"https:\/\/galeria-ipanema.com\/en\/exposicao-dacosta-rio-de-janeiro\/\">Exhibition DaCosta RJ<\/a><\/p>\n\n\n\n<p class=\"has-text-align-center wp-block-paragraph\"><a href=\"https:\/\/galeria-ipanema.com\/en\/referencias-fotograficas\/\">Photographic references (Refer\u00eancias Fotogr\u00e1ficas)<\/a><\/p>\n<\/div>\n\n\n\n<div class=\"wp-block-column is-layout-flow wp-block-column-is-layout-flow\">\n<h2 class=\"has-text-align-center wp-block-heading\"><\/h2>\n\n\n\n<p class=\"has-text-align-center wp-block-paragraph\"><a href=\"https:\/\/galeria-ipanema.com\/en\/entre-a-razao-e-a-emocao\/\">Between Reason and Emotion (Entre a Raz\u00e3o e a Emo\u00e7\u00e3o)<\/a><\/p>\n\n\n\n<p class=\"has-text-align-center wp-block-paragraph\"><a href=\"https:\/\/galeria-ipanema.com\/en\/exposicao-ibere-camargo\/\">Exhibition Iber\u00ea Camargo<\/a><\/p>\n\n\n\n<p class=\"has-text-align-center wp-block-paragraph\"><a href=\"https:\/\/galeria-ipanema.com\/en\/exposicao-dacosta-sao-paulo\/\">Exhibition DaCosta SP<\/a><\/p>\n\n\n\n<p class=\"has-text-align-center wp-block-paragraph\"><a href=\"https:\/\/galeria-ipanema.com\/en\/sp-arte-2007\/\">SP Arte 2007<\/a><\/p>\n<\/div>\n<\/div>\n\n\n\n<div class=\"wp-block-columns is-layout-flex wp-container-core-columns-is-layout-8f761849 wp-block-columns-is-layout-flex\">\n<div class=\"wp-block-column is-layout-flow wp-block-column-is-layout-flow\">\n<h2 class=\"has-text-align-center wp-block-heading\"><\/h2>\n\n\n\n<p class=\"has-text-align-center wp-block-paragraph\"><a href=\"https:\/\/galeria-ipanema.com\/en\/exposicao-celia-euvaldo\/\">C\u00e9lia Euvaldo<\/a><\/p>\n\n\n\n<p class=\"has-text-align-center wp-block-paragraph\"><a href=\"https:\/\/galeria-ipanema.com\/en\/novo-pouso-novas-imagens-cesar-barreto\/\">New Landing, New Images (Novo Pouso, Novas Imagens) \u2013 Cesar Barreto<\/a><\/p>\n\n\n\n<p class=\"has-text-align-center wp-block-paragraph\"><a href=\"https:\/\/galeria-ipanema.com\/en\/cruz-diez-o-instavel-da-cor\/\">Cruz-D\u00edez: the Unstable of Color (Cruz-D\u00edez: o Inst\u00e1vel da Cor)<\/a><\/p>\n\n\n\n<p class=\"has-text-align-center wp-block-paragraph\"><a href=\"https:\/\/galeria-ipanema.com\/en\/exposicao-jose-resende\/\">Exhibition Jos\u00e9 Resende<\/a><\/p>\n<\/div>\n\n\n\n<div class=\"wp-block-column is-layout-flow wp-block-column-is-layout-flow\">\n<h2 class=\"has-text-align-center wp-block-heading\"><\/h2>\n\n\n\n<p class=\"has-text-align-center wp-block-paragraph\"><a href=\"https:\/\/galeria-ipanema.com\/en\/exposicao-maria-leontina\/\">Maria Leontina<\/a><\/p>\n\n\n\n<p class=\"has-text-align-center wp-block-paragraph\"><a href=\"https:\/\/galeria-ipanema.com\/en\/cinetico-arte-em-movimento\/\">Kinetic: Art in Motion (Cin\u00e9tico: Arte em Movimento)<\/a><\/p>\n\n\n\n<p class=\"has-text-align-center wp-block-paragraph\"><a href=\"https:\/\/galeria-ipanema.com\/en\/cruz-diez-um-olhar-sobre-a-cor\/\">Cruz-D\u00edez: a look at the Color (Cruz-D\u00edez: Um olhar sobre a cor)<\/a><\/p>\n\n\n\n<p class=\"has-text-align-center wp-block-paragraph\"><a href=\"https:\/\/galeria-ipanema.com\/en\/galeria-ipanema-50-anos\/\">Galeria Ipanema: 50 years of art (Galeria Ipanema: 50 anos de arte)<\/a><\/p>\n<\/div>\n\n\n\n<div class=\"wp-block-column is-layout-flow wp-block-column-is-layout-flow\">\n<h2 class=\"has-text-align-center wp-block-heading\"><\/h2>\n\n\n\n<p class=\"has-text-align-center wp-block-paragraph\"><a href=\"https:\/\/galeria-ipanema.com\/en\/exposicao-raro-percurso-52-anos-da-galeria-de-arte-ipanema\/\">Rare Path - 52 years of Galeria de Arte Ipanema (Raro Percurso \u2013 52 anos da Galeria de Arte Ipanema)<\/a><\/p>\n\n\n\n<p class=\"has-text-align-center wp-block-paragraph\"><a href=\"https:\/\/galeria-ipanema.com\/en\/alfredo-volpi-ione-saldanha-o-frescor-da-luminosidade\/\">Alfredo Volpi and Ione Saldanha: the freshness of luminosity (Alfredo Volpi e Ione Saldanha: o frescor da luminosidade)<\/a><\/p>\n\n\n\n<p class=\"has-text-align-center wp-block-paragraph\"><a href=\"https:\/\/galeria-ipanema.com\/en\/corpos-o-relicario-de-um-tempo\/\" data-type=\"URL\" data-id=\"https:\/\/galeria-ipanema.com\/corpos-o-relicario-de-um-tempo\/\">Corpos: o Relic\u00e1rio de um Tempo<\/a><\/p>\n<\/div>\n<\/div>\n\n\n\n<p class=\"wp-block-paragraph\"><\/p>","protected":false},"excerpt":{"rendered":"<p>2000 &#8211; 2021 Ronaldo Macedo Alfredo Volpi Rose Kablin Jos\u00e9 Tannuri Helio Oiticica Experi\u00eancia Contempor\u00e2nea Exposi\u00e7\u00e3o DaCosta RJ Refer\u00eancias Fotogr\u00e1ficas Entre a Raz\u00e3o e a Emo\u00e7\u00e3o Exposi\u00e7\u00e3o Iber\u00ea Camargo Exposi\u00e7\u00e3o DaCosta SP SP Arte 2007 C\u00e9lia Euvaldo Novo Pouso, Novas Imagens &#8211; Cesar Barreto Cruz-D\u00edez: o Inst\u00e1vel da Cor Exposi\u00e7\u00e3o Jos\u00e9 Resende Maria Leontina Cin\u00e9tico: &hellip; <\/p>\n<p class=\"link-more\"><a href=\"https:\/\/galeria-ipanema.com\/en\/realizadas\/\" class=\"more-link\">Continue reading<span class=\"screen-reader-text\"> &#8220;Exposi\u00e7\u00f5es realizadas&#8221;<\/span><\/a><\/p>","protected":false},"author":178370742,"featured_media":0,"parent":0,"menu_order":0,"comment_status":"closed","ping_status":"closed","template":"","meta":{"_coblocks_attr":"","_coblocks_dimensions":"","_coblocks_responsive_height":"","_coblocks_accordion_ie_support":"","_crdt_document":"","advanced_seo_description":"","jetpack_seo_html_title":"","jetpack_seo_noindex":false,"footnotes":""},"class_list":["post-102","page","type-page","status-publish","hentry"],"jetpack_likes_enabled":false,"jetpack_sharing_enabled":false,"jetpack_shortlink":"https:\/\/wp.me\/PbBA92-1E","amp_enabled":true,"_links":{"self":[{"href":"https:\/\/galeria-ipanema.com\/en\/wp-json\/wp\/v2\/pages\/102","targetHints":{"allow":["GET"]}}],"collection":[{"href":"https:\/\/galeria-ipanema.com\/en\/wp-json\/wp\/v2\/pages"}],"about":[{"href":"https:\/\/galeria-ipanema.com\/en\/wp-json\/wp\/v2\/types\/page"}],"author":[{"embeddable":true,"href":"https:\/\/galeria-ipanema.com\/en\/wp-json\/wp\/v2\/users\/178370742"}],"replies":[{"embeddable":true,"href":"https:\/\/galeria-ipanema.com\/en\/wp-json\/wp\/v2\/comments?post=102"}],"version-history":[{"count":24,"href":"https:\/\/galeria-ipanema.com\/en\/wp-json\/wp\/v2\/pages\/102\/revisions"}],"predecessor-version":[{"id":3311,"href":"https:\/\/galeria-ipanema.com\/en\/wp-json\/wp\/v2\/pages\/102\/revisions\/3311"}],"wp:attachment":[{"href":"https:\/\/galeria-ipanema.com\/en\/wp-json\/wp\/v2\/media?parent=102"}],"curies":[{"name":"wp","href":"https:\/\/api.w.org\/{rel}","templated":true}]}}